{"id":14960,"date":"2024-10-15T10:26:12","date_gmt":"2024-10-15T08:26:12","guid":{"rendered":"https:\/\/www.carseatsandparts.com\/?post_type=product&#038;p=14960"},"modified":"2025-07-23T15:27:14","modified_gmt":"2025-07-23T13:27:14","slug":"peugeot-partner-2-citroen-berlingo-2-bj-2008-2018","status":"publish","type":"product","link":"https:\/\/www.carseatsandparts.com\/fr\/produit\/peugeot-partner-2-citroen-berlingo-2-bj-2008-2018\/","title":{"rendered":"Peugeot Partner 2 \/ Citroen Berlingo 2 Bj : 2008 - 2018"},"content":{"rendered":"","protected":false},"excerpt":{"rendered":"Schuimdeel geschikt voor de Peugeot Partner 2 \/ Citroen Berlingo 2 van bouwjaar: 2008 &#8211; 2018\r\n\r\n<strong>Mousse pour Peugeot Partner 2 \/ Citroen Berlingo 2<\/strong>\r\n\r\nLa pi\u00e8ce en mousse pour Peugeot Partner 2 \/ Citro\u00ebn Berlingo 2 est une solution id\u00e9ale pour restaurer le soutien et le confort d'assise de votre si\u00e8ge auto. Que votre mousse actuelle soit us\u00e9e par des ann\u00e9es d'utilisation ou qu'elle n'offre plus le soutien souhait\u00e9, cette pi\u00e8ce de rechange vous aidera \u00e0 remettre votre si\u00e8ge en \u00e9tat.\r\n\r\n<strong>Principaux avantages :<\/strong>\r\n\r\nConfort am\u00e9lior\u00e9 : r\u00e9tablit le soutien d'origine et offre une exp\u00e9rience d'assise confortable.\r\n\r\n<strong>Durabilit\u00e9 : <\/strong>Fabriqu\u00e9 en mousse de haute qualit\u00e9 r\u00e9sistante \u00e0 l'abrasion et pour une utilisation \u00e0 long terme.\r\n\r\nFacile \u00e0 remplacer : Cette pi\u00e8ce en mousse est con\u00e7ue pour \u00eatre facilement remplac\u00e9e.\r\n\r\n<strong>Un ajustement parfait :<\/strong> Sp\u00e9cialement con\u00e7u pour s'adapter parfaitement au design original des si\u00e8ges des Peugeot Partner 2 \/ Citro\u00ebn Berlingo 2.\r\n\r\n<strong>Pourquoi remplacer une pi\u00e8ce en mousse ?<\/strong>\r\n\r\nAvec le temps, la mousse des si\u00e8ges de voiture peut perdre sa forme, ce qui r\u00e9duit le soutien et le confort. Le remplacement de la mousse est un moyen pratique et abordable de r\u00e9tablir le confort d'assise et de prolonger la dur\u00e9e de vie de votre si\u00e8ge. C'est particuli\u00e8rement important pour les personnes qui parcourent beaucoup de kilom\u00e8tres et pour celles qui appr\u00e9cient les si\u00e8ges ergonomiques.","protected":false},"featured_media":14961,"comment_status":"open","ping_status":"closed","template":"","meta":{"_acf_changed":false},"product_brand":[1955,1943],"product_cat":[2820,2841,176],"product_tag":[2170,1954,1945,1939,1937],"class_list":{"0":"post-14960","1":"product","2":"type-product","3":"status-publish","4":"has-post-thumbnail","6":"product_brand-citroen","7":"product_brand-peugeot","8":"product_cat-bedrijfswagens","9":"product_cat-schuimdelen-voor-bedrijfswagens","10":"product_cat-schuimdelen","11":"product_tag-berlingo","12":"product_tag-citroen","13":"product_tag-partner","14":"product_tag-peugeot","15":"product_tag-schuimdeel","16":"product_shipping_class-onderdelen-console","18":"first","19":"instock","20":"taxable","21":"shipping-taxable","22":"purchasable","23":"product-type-simple"},"composite_virtual":false,"composite_layout":"","composite_add_to_cart_form_location":"","composite_editable_in_cart":false,"composite_sold_individually_context":"","composite_shop_price_calc":"","composite_components":[],"composite_scenarios":[],"exclude_global_add_ons":[],"addons":[],"acf":[],"yoast_head":null,"yoast_head_json":null,"_links":{"self":[{"href":"https:\/\/www.carseatsandparts.com\/fr\/wp-json\/wp\/v2\/product\/14960","targetHints":{"allow":["GET"]}}],"collection":[{"href":"https:\/\/www.carseatsandparts.com\/fr\/wp-json\/wp\/v2\/product"}],"about":[{"href":"https:\/\/www.carseatsandparts.com\/fr\/wp-json\/wp\/v2\/types\/product"}],"replies":[{"embeddable":true,"href":"https:\/\/www.carseatsandparts.com\/fr\/wp-json\/wp\/v2\/comments?post=14960"}],"wp:featuredmedia":[{"embeddable":true,"href":"https:\/\/www.carseatsandparts.com\/fr\/wp-json\/wp\/v2\/media\/14961"}],"wp:attachment":[{"href":"https:\/\/www.carseatsandparts.com\/fr\/wp-json\/wp\/v2\/media?parent=14960"}],"wp:term":[{"taxonomy":"product_brand","embeddable":true,"href":"https:\/\/www.carseatsandparts.com\/fr\/wp-json\/wp\/v2\/product_brand?post=14960"},{"taxonomy":"product_cat","embeddable":true,"href":"https:\/\/www.carseatsandparts.com\/fr\/wp-json\/wp\/v2\/product_cat?post=14960"},{"taxonomy":"product_tag","embeddable":true,"href":"https:\/\/www.carseatsandparts.com\/fr\/wp-json\/wp\/v2\/product_tag?post=14960"}],"curies":[{"name":"wp","href":"https:\/\/api.w.org\/{rel}","templated":true}]}}