{"id":15290,"date":"2025-01-17T12:57:19","date_gmt":"2025-01-17T11:57:19","guid":{"rendered":"https:\/\/www.carseatsandparts.com\/?post_type=product&#038;p=15290"},"modified":"2025-01-27T20:25:18","modified_gmt":"2025-01-27T19:25:18","slug":"recaro-autostoelen-vw-golf-6-r-alcantara-leder-zwart","status":"publish","type":"product","link":"https:\/\/www.carseatsandparts.com\/fr\/product\/recaro-autostoelen-vw-golf-6-r-alcantara-leder-zwart\/","title":{"rendered":"RECARO Si\u00e8ges auto VW Golf 6 R Alcantara\/Cuir Noir"},"content":{"rendered":"","protected":false},"excerpt":{"rendered":"Si\u00e8ges de voiture VW Golf 6 R ex\u00e9cut\u00e9s dans une combinaison d'Alcantara\/tissu noir et de cuir noir avec surpiq\u00fbres blanches. Installation plug and play dans une Golf 6. Les si\u00e8ges de voiture proviennent d'une voiture de d\u00e9monstration et sont comme neufs \u00e0 l'exception de quelques dommages mineurs dus au d\u00e9montage. Ceux-ci sont montr\u00e9s sur les photos. Caract\u00e9ristiques : dossier rabattable, r\u00e9glage manuel de la hauteur, glissi\u00e8res manuelles et r\u00e9glage manuel du dossier.","protected":false},"featured_media":15293,"comment_status":"open","ping_status":"closed","template":"","meta":{"_acf_changed":false},"product_brand":[1284,1294],"product_cat":[187,1359,1355],"product_tag":[782,2259,946,973],"class_list":{"0":"post-15290","1":"product","2":"type-product","3":"status-publish","4":"has-post-thumbnail","6":"product_brand-recaro","7":"product_brand-volkswagen","8":"product_cat-demo-autostoelen","9":"product_cat-recaro","10":"product_cat-volkswagen","11":"product_tag-782","12":"product_tag-golf-6-r","13":"product_tag-recaro","14":"product_tag-volkswagen","15":"product_shipping_class-auto-interieurs","17":"first","18":"outofstock","19":"taxable","20":"shipping-taxable","21":"purchasable","22":"product-type-simple"},"composite_virtual":false,"composite_layout":"","composite_add_to_cart_form_location":"","composite_editable_in_cart":false,"composite_sold_individually_context":"","composite_shop_price_calc":"","composite_components":[],"composite_scenarios":[],"exclude_global_add_ons":[],"addons":[],"acf":[],"yoast_head":null,"yoast_head_json":null,"_links":{"self":[{"href":"https:\/\/www.carseatsandparts.com\/fr\/wp-json\/wp\/v2\/product\/15290","targetHints":{"allow":["GET"]}}],"collection":[{"href":"https:\/\/www.carseatsandparts.com\/fr\/wp-json\/wp\/v2\/product"}],"about":[{"href":"https:\/\/www.carseatsandparts.com\/fr\/wp-json\/wp\/v2\/types\/product"}],"replies":[{"embeddable":true,"href":"https:\/\/www.carseatsandparts.com\/fr\/wp-json\/wp\/v2\/comments?post=15290"}],"wp:featuredmedia":[{"embeddable":true,"href":"https:\/\/www.carseatsandparts.com\/fr\/wp-json\/wp\/v2\/media\/15293"}],"wp:attachment":[{"href":"https:\/\/www.carseatsandparts.com\/fr\/wp-json\/wp\/v2\/media?parent=15290"}],"wp:term":[{"taxonomy":"product_brand","embeddable":true,"href":"https:\/\/www.carseatsandparts.com\/fr\/wp-json\/wp\/v2\/product_brand?post=15290"},{"taxonomy":"product_cat","embeddable":true,"href":"https:\/\/www.carseatsandparts.com\/fr\/wp-json\/wp\/v2\/product_cat?post=15290"},{"taxonomy":"product_tag","embeddable":true,"href":"https:\/\/www.carseatsandparts.com\/fr\/wp-json\/wp\/v2\/product_tag?post=15290"}],"curies":[{"name":"wp","href":"https:\/\/api.w.org\/{rel}","templated":true}]}}