{"id":15359,"date":"2025-01-17T13:25:13","date_gmt":"2025-01-17T12:25:13","guid":{"rendered":"https:\/\/www.carseatsandparts.com\/?post_type=product&#038;p=15359"},"modified":"2026-01-01T23:00:10","modified_gmt":"2026-01-01T22:00:10","slug":"interieur-bmw-2-serie-gran-coupe-m-f44-leder-alcantara-zwart-blauw","status":"publish","type":"product","link":"https:\/\/www.carseatsandparts.com\/fr\/product\/interieur-bmw-2-serie-gran-coupe-m-f44-leder-alcantara-zwart-blauw\/","title":{"rendered":"Int\u00e9rieur BMW S\u00e9rie 2 Gran Coup\u00e9 M (F44) Cuir\/Alcantara noir\/bleu"},"content":{"rendered":"","protected":false},"excerpt":{"rendered":"Int\u00e9rieur de la BMW S\u00e9rie 2 Gran Coup\u00e9 M (F44) en combinaison de cuir noir et d'Alcantara avec des surpiq\u00fbres bleues. Installation \"plug and play\" dans une BMW s\u00e9rie 2 (F44). L'int\u00e9rieur provient d'une voiture de d\u00e9monstration et est donc comme neuf, \u00e0 l'exception de quelques l\u00e9gers dommages li\u00e9s \u00e0 l'utilisation et au d\u00e9montage, visibles sur les photos.\r\n\r\nCaract\u00e9ristiques : glissi\u00e8res manuelles, r\u00e9glage \u00e9lectrique de la hauteur et de l'angle, r\u00e9glage \u00e9lectrique du dossier, extension manuelle de la surface du si\u00e8ge, fonction m\u00e9moire et chauffage du si\u00e8ge. Les airbags et les ceintures de s\u00e9curit\u00e9 sont pr\u00e9sents avec cet int\u00e9rieur et sont encore dans leur \u00e9tat d'origine.","protected":false},"featured_media":17383,"comment_status":"open","ping_status":"closed","template":"","meta":{"_acf_changed":false},"product_brand":[1486],"product_cat":[1356,115],"product_tag":[2262,983,2261,972,984],"class_list":{"0":"post-15359","1":"product","2":"type-product","3":"status-publish","4":"has-post-thumbnail","6":"product_brand-bmw","7":"product_cat-bmw","8":"product_cat-demo-interieurs","9":"product_tag-2262","10":"product_tag-bmw","11":"product_tag-f44","12":"product_tag-interieur","13":"product_tag-m2","14":"product_shipping_class-auto-interieurs","16":"first","17":"instock","18":"taxable","19":"shipping-taxable","20":"purchasable","21":"product-type-simple"},"composite_virtual":false,"composite_layout":"","composite_add_to_cart_form_location":"","composite_editable_in_cart":false,"composite_sold_individually_context":"","composite_shop_price_calc":"","composite_components":[],"composite_scenarios":[],"exclude_global_add_ons":[],"addons":[],"acf":[],"yoast_head":null,"yoast_head_json":null,"_links":{"self":[{"href":"https:\/\/www.carseatsandparts.com\/fr\/wp-json\/wp\/v2\/product\/15359","targetHints":{"allow":["GET"]}}],"collection":[{"href":"https:\/\/www.carseatsandparts.com\/fr\/wp-json\/wp\/v2\/product"}],"about":[{"href":"https:\/\/www.carseatsandparts.com\/fr\/wp-json\/wp\/v2\/types\/product"}],"replies":[{"embeddable":true,"href":"https:\/\/www.carseatsandparts.com\/fr\/wp-json\/wp\/v2\/comments?post=15359"}],"wp:featuredmedia":[{"embeddable":true,"href":"https:\/\/www.carseatsandparts.com\/fr\/wp-json\/wp\/v2\/media\/17383"}],"wp:attachment":[{"href":"https:\/\/www.carseatsandparts.com\/fr\/wp-json\/wp\/v2\/media?parent=15359"}],"wp:term":[{"taxonomy":"product_brand","embeddable":true,"href":"https:\/\/www.carseatsandparts.com\/fr\/wp-json\/wp\/v2\/product_brand?post=15359"},{"taxonomy":"product_cat","embeddable":true,"href":"https:\/\/www.carseatsandparts.com\/fr\/wp-json\/wp\/v2\/product_cat?post=15359"},{"taxonomy":"product_tag","embeddable":true,"href":"https:\/\/www.carseatsandparts.com\/fr\/wp-json\/wp\/v2\/product_tag?post=15359"}],"curies":[{"name":"wp","href":"https:\/\/api.w.org\/{rel}","templated":true}]}}