{"id":15479,"date":"2025-01-20T13:23:48","date_gmt":"2025-01-20T12:23:48","guid":{"rendered":"https:\/\/www.carseatsandparts.com\/?post_type=product&#038;p=15479"},"modified":"2025-02-04T16:10:08","modified_gmt":"2025-02-04T15:10:08","slug":"schakelaar-hoogteverstelling-zitting-24v","status":"publish","type":"product","link":"https:\/\/www.carseatsandparts.com\/fr\/product\/schakelaar-hoogteverstelling-zitting-24v\/","title":{"rendered":"Interrupteur de r\u00e9glage de la hauteur du si\u00e8ge 24V"},"content":{"rendered":"","protected":false},"excerpt":{"rendered":"Interrupteur 24V pour r\u00e9gler la hauteur des si\u00e8ges RECARO Profi RN et Sigus. Num\u00e9ro d'article : 364132","protected":false},"featured_media":15482,"comment_status":"open","ping_status":"closed","template":"","meta":{"_acf_changed":false},"product_brand":[1284],"product_cat":[117],"product_tag":[2329,2264,946,2328],"class_list":{"0":"post-15479","1":"product","2":"type-product","3":"status-publish","4":"has-post-thumbnail","6":"product_brand-recaro","7":"product_cat-autostoel-onderdelen","8":"product_tag-24v","9":"product_tag-2264","10":"product_tag-recaro","11":"product_tag-schakelaar","12":"product_shipping_class-onderdelen-buspakje","14":"first","15":"instock","16":"taxable","17":"shipping-taxable","18":"purchasable","19":"product-type-simple"},"composite_virtual":false,"composite_layout":"","composite_add_to_cart_form_location":"","composite_editable_in_cart":false,"composite_sold_individually_context":"","composite_shop_price_calc":"","composite_components":[],"composite_scenarios":[],"exclude_global_add_ons":[],"addons":[],"acf":[],"yoast_head":null,"yoast_head_json":null,"_links":{"self":[{"href":"https:\/\/www.carseatsandparts.com\/fr\/wp-json\/wp\/v2\/product\/15479","targetHints":{"allow":["GET"]}}],"collection":[{"href":"https:\/\/www.carseatsandparts.com\/fr\/wp-json\/wp\/v2\/product"}],"about":[{"href":"https:\/\/www.carseatsandparts.com\/fr\/wp-json\/wp\/v2\/types\/product"}],"replies":[{"embeddable":true,"href":"https:\/\/www.carseatsandparts.com\/fr\/wp-json\/wp\/v2\/comments?post=15479"}],"wp:featuredmedia":[{"embeddable":true,"href":"https:\/\/www.carseatsandparts.com\/fr\/wp-json\/wp\/v2\/media\/15482"}],"wp:attachment":[{"href":"https:\/\/www.carseatsandparts.com\/fr\/wp-json\/wp\/v2\/media?parent=15479"}],"wp:term":[{"taxonomy":"product_brand","embeddable":true,"href":"https:\/\/www.carseatsandparts.com\/fr\/wp-json\/wp\/v2\/product_brand?post=15479"},{"taxonomy":"product_cat","embeddable":true,"href":"https:\/\/www.carseatsandparts.com\/fr\/wp-json\/wp\/v2\/product_cat?post=15479"},{"taxonomy":"product_tag","embeddable":true,"href":"https:\/\/www.carseatsandparts.com\/fr\/wp-json\/wp\/v2\/product_tag?post=15479"}],"curies":[{"name":"wp","href":"https:\/\/api.w.org\/{rel}","templated":true}]}}