{"id":15494,"date":"2025-01-20T13:41:44","date_gmt":"2025-01-20T12:41:44","guid":{"rendered":"https:\/\/www.carseatsandparts.com\/?post_type=product&#038;p=15494"},"modified":"2025-01-22T12:15:47","modified_gmt":"2025-01-22T11:15:47","slug":"schakelaar-hoogteverstelling-24v-recaro-profi-rn-en-sigus-vrachtwagenstoel","status":"publish","type":"product","link":"https:\/\/www.carseatsandparts.com\/fr\/product\/schakelaar-hoogteverstelling-24v-recaro-profi-rn-en-sigus-vrachtwagenstoel\/","title":{"rendered":"Commutateur de r\u00e9glage de la hauteur 24V RECARO Profi RN et Sigus truck seat"},"content":{"rendered":"","protected":false},"excerpt":{"rendered":"Interrupteur 24V pour r\u00e9gler la hauteur des si\u00e8ges RECARO Profi RN et Sigus. Num\u00e9ro d'article : 364148","protected":false},"featured_media":15496,"comment_status":"open","ping_status":"closed","template":"","meta":{"_acf_changed":false},"product_brand":[],"product_cat":[117],"product_tag":[2270],"class_list":{"0":"post-15494","1":"product","2":"type-product","3":"status-publish","4":"has-post-thumbnail","6":"product_cat-autostoel-onderdelen","7":"product_tag-2270","8":"product_shipping_class-onderdelen-buspakje","10":"first","11":"instock","12":"taxable","13":"shipping-taxable","14":"purchasable","15":"product-type-simple"},"composite_virtual":false,"composite_layout":"","composite_add_to_cart_form_location":"","composite_editable_in_cart":false,"composite_sold_individually_context":"","composite_shop_price_calc":"","composite_components":[],"composite_scenarios":[],"exclude_global_add_ons":[],"addons":[],"acf":[],"yoast_head":null,"yoast_head_json":null,"_links":{"self":[{"href":"https:\/\/www.carseatsandparts.com\/fr\/wp-json\/wp\/v2\/product\/15494","targetHints":{"allow":["GET"]}}],"collection":[{"href":"https:\/\/www.carseatsandparts.com\/fr\/wp-json\/wp\/v2\/product"}],"about":[{"href":"https:\/\/www.carseatsandparts.com\/fr\/wp-json\/wp\/v2\/types\/product"}],"replies":[{"embeddable":true,"href":"https:\/\/www.carseatsandparts.com\/fr\/wp-json\/wp\/v2\/comments?post=15494"}],"wp:featuredmedia":[{"embeddable":true,"href":"https:\/\/www.carseatsandparts.com\/fr\/wp-json\/wp\/v2\/media\/15496"}],"wp:attachment":[{"href":"https:\/\/www.carseatsandparts.com\/fr\/wp-json\/wp\/v2\/media?parent=15494"}],"wp:term":[{"taxonomy":"product_brand","embeddable":true,"href":"https:\/\/www.carseatsandparts.com\/fr\/wp-json\/wp\/v2\/product_brand?post=15494"},{"taxonomy":"product_cat","embeddable":true,"href":"https:\/\/www.carseatsandparts.com\/fr\/wp-json\/wp\/v2\/product_cat?post=15494"},{"taxonomy":"product_tag","embeddable":true,"href":"https:\/\/www.carseatsandparts.com\/fr\/wp-json\/wp\/v2\/product_tag?post=15494"}],"curies":[{"name":"wp","href":"https:\/\/api.w.org\/{rel}","templated":true}]}}