{"id":15870,"date":"2025-02-20T16:12:31","date_gmt":"2025-02-20T15:12:31","guid":{"rendered":"https:\/\/www.carseatsandparts.com\/?post_type=product&#038;p=15870"},"modified":"2026-05-06T12:29:41","modified_gmt":"2026-05-06T10:29:41","slug":"mercedes-vito-v-klasse-zitting-vanaf-bouwjaar-2014","status":"publish","type":"product","link":"https:\/\/www.carseatsandparts.com\/fr\/product\/mercedes-vito-v-klasse-zitting-vanaf-bouwjaar-2014\/","title":{"rendered":"Si\u00e8ge Mercedes Vito\/V-Class \u00e0 partir de l'ann\u00e9e 2014"},"content":{"rendered":"","protected":false},"excerpt":{"rendered":"Mousse adapt\u00e9e au si\u00e8ge du Vito\/V-Class\r\n\r\n<strong>Mousse pour Mercedes Vito\/V-Class<\/strong>\r\n\r\nLa pi\u00e8ce en mousse pour Mercedes Vito\/V-Class est une solution id\u00e9ale pour restaurer le soutien et le confort d'assise de votre si\u00e8ge de voiture. Que votre pi\u00e8ce en mousse actuelle soit us\u00e9e par des ann\u00e9es d'utilisation ou qu'elle n'offre tout simplement plus le soutien souhait\u00e9, cette pi\u00e8ce en mousse de remplacement vous aidera \u00e0 remettre votre si\u00e8ge en parfait \u00e9tat.","protected":false},"featured_media":15871,"comment_status":"open","ping_status":"closed","template":"","meta":{"_acf_changed":false},"product_brand":[1938],"product_cat":[177],"product_tag":[1644,1937,1645],"class_list":{"0":"post-15870","1":"product","2":"type-product","3":"status-publish","4":"has-post-thumbnail","6":"product_brand-mercedes","7":"product_cat-zitting","8":"product_tag-mercedes-benz","9":"product_tag-schuimdeel","10":"product_tag-vito","11":"product_shipping_class-onderdelen-console","13":"first","14":"instock","15":"taxable","16":"shipping-taxable","17":"purchasable","18":"product-type-simple"},"composite_virtual":false,"composite_layout":"","composite_add_to_cart_form_location":"","composite_editable_in_cart":false,"composite_sold_individually_context":"","composite_shop_price_calc":"","composite_components":[],"composite_scenarios":[],"exclude_global_add_ons":[],"addons":[],"acf":[],"yoast_head":null,"yoast_head_json":null,"_links":{"self":[{"href":"https:\/\/www.carseatsandparts.com\/fr\/wp-json\/wp\/v2\/product\/15870","targetHints":{"allow":["GET"]}}],"collection":[{"href":"https:\/\/www.carseatsandparts.com\/fr\/wp-json\/wp\/v2\/product"}],"about":[{"href":"https:\/\/www.carseatsandparts.com\/fr\/wp-json\/wp\/v2\/types\/product"}],"replies":[{"embeddable":true,"href":"https:\/\/www.carseatsandparts.com\/fr\/wp-json\/wp\/v2\/comments?post=15870"}],"wp:featuredmedia":[{"embeddable":true,"href":"https:\/\/www.carseatsandparts.com\/fr\/wp-json\/wp\/v2\/media\/15871"}],"wp:attachment":[{"href":"https:\/\/www.carseatsandparts.com\/fr\/wp-json\/wp\/v2\/media?parent=15870"}],"wp:term":[{"taxonomy":"product_brand","embeddable":true,"href":"https:\/\/www.carseatsandparts.com\/fr\/wp-json\/wp\/v2\/product_brand?post=15870"},{"taxonomy":"product_cat","embeddable":true,"href":"https:\/\/www.carseatsandparts.com\/fr\/wp-json\/wp\/v2\/product_cat?post=15870"},{"taxonomy":"product_tag","embeddable":true,"href":"https:\/\/www.carseatsandparts.com\/fr\/wp-json\/wp\/v2\/product_tag?post=15870"}],"curies":[{"name":"wp","href":"https:\/\/api.w.org\/{rel}","templated":true}]}}