{"id":15884,"date":"2025-02-20T16:55:41","date_gmt":"2025-02-20T15:55:41","guid":{"rendered":"https:\/\/www.carseatsandparts.com\/?post_type=product&#038;p=15884"},"modified":"2026-05-04T16:55:48","modified_gmt":"2026-05-04T14:55:48","slug":"mercedes-benz-sprinter-nieuw-vw-crafter-zitting","status":"publish","type":"product","link":"https:\/\/www.carseatsandparts.com\/fr\/product\/mercedes-benz-sprinter-nieuw-vw-crafter-zitting\/","title":{"rendered":"Mercedes Benz Sprinter New\/ VW Crafter Seat"},"content":{"rendered":"","protected":false},"excerpt":{"rendered":"Mousse pour Mercedes Benz Sprinter \/ Volkswagen Crafter Ann\u00e9e du si\u00e8ge : \u00e0 partir de 2009\r\n\r\n<strong>Mousse pour Mercedes Sprinter \/ Volkswagen Crafter<\/strong>\r\nLa pi\u00e8ce en mousse pour Mercedes Sprinter \/ Volkswagen Crafter est une solution id\u00e9ale pour restaurer le soutien et le confort d'assise de votre si\u00e8ge auto. Que votre pi\u00e8ce en mousse actuelle soit us\u00e9e par des ann\u00e9es d'utilisation ou qu'elle n'offre tout simplement plus le soutien souhait\u00e9, cette pi\u00e8ce en mousse de remplacement vous aidera \u00e0 remettre votre si\u00e8ge en parfait \u00e9tat.","protected":false},"featured_media":15885,"comment_status":"open","ping_status":"closed","template":"","meta":{"_acf_changed":false},"product_brand":[1647,1294],"product_cat":[2820,2841,177],"product_tag":[1946,1644,1937,1646,973,1944],"class_list":{"0":"post-15884","1":"product","2":"type-product","3":"status-publish","4":"has-post-thumbnail","6":"product_brand-mercedes-benz","7":"product_brand-volkswagen","8":"product_cat-bedrijfswagens","9":"product_cat-schuimdelen-voor-bedrijfswagens","10":"product_cat-zitting","11":"product_tag-crafter","12":"product_tag-mercedes-benz","13":"product_tag-schuimdeel","14":"product_tag-sprinter","15":"product_tag-volkswagen","16":"product_tag-zitting","17":"product_shipping_class-onderdelen-console","19":"first","20":"instock","21":"taxable","22":"shipping-taxable","23":"purchasable","24":"product-type-simple"},"composite_virtual":false,"composite_layout":"","composite_add_to_cart_form_location":"","composite_editable_in_cart":false,"composite_sold_individually_context":"","composite_shop_price_calc":"","composite_components":[],"composite_scenarios":[],"exclude_global_add_ons":[],"addons":[],"acf":[],"yoast_head":null,"yoast_head_json":null,"_links":{"self":[{"href":"https:\/\/www.carseatsandparts.com\/fr\/wp-json\/wp\/v2\/product\/15884","targetHints":{"allow":["GET"]}}],"collection":[{"href":"https:\/\/www.carseatsandparts.com\/fr\/wp-json\/wp\/v2\/product"}],"about":[{"href":"https:\/\/www.carseatsandparts.com\/fr\/wp-json\/wp\/v2\/types\/product"}],"replies":[{"embeddable":true,"href":"https:\/\/www.carseatsandparts.com\/fr\/wp-json\/wp\/v2\/comments?post=15884"}],"wp:featuredmedia":[{"embeddable":true,"href":"https:\/\/www.carseatsandparts.com\/fr\/wp-json\/wp\/v2\/media\/15885"}],"wp:attachment":[{"href":"https:\/\/www.carseatsandparts.com\/fr\/wp-json\/wp\/v2\/media?parent=15884"}],"wp:term":[{"taxonomy":"product_brand","embeddable":true,"href":"https:\/\/www.carseatsandparts.com\/fr\/wp-json\/wp\/v2\/product_brand?post=15884"},{"taxonomy":"product_cat","embeddable":true,"href":"https:\/\/www.carseatsandparts.com\/fr\/wp-json\/wp\/v2\/product_cat?post=15884"},{"taxonomy":"product_tag","embeddable":true,"href":"https:\/\/www.carseatsandparts.com\/fr\/wp-json\/wp\/v2\/product_tag?post=15884"}],"curies":[{"name":"wp","href":"https:\/\/api.w.org\/{rel}","templated":true}]}}