{"id":15898,"date":"2025-02-21T12:24:45","date_gmt":"2025-02-21T11:24:45","guid":{"rendered":"https:\/\/www.carseatsandparts.com\/?post_type=product&#038;p=15898"},"modified":"2025-03-10T10:30:54","modified_gmt":"2025-03-10T09:30:54","slug":"schuimdeel-zitting-t3-originele-draaistoel","status":"publish","type":"product","link":"https:\/\/www.carseatsandparts.com\/fr\/product\/schuimdeel-zitting-t3-originele-draaistoel\/","title":{"rendered":"Pi\u00e8ce en mousse Si\u00e8ge T3 Original chaise pivotante"},"content":{"rendered":"","protected":false},"excerpt":{"rendered":"Mousse pour le si\u00e8ge de la chaise pivotante T3 d'origine de Volkswagen\r\n\r\n<strong>Mousse pour Volkswagen T3<\/strong>\r\n\r\nLa pi\u00e8ce en mousse pour Volkswagen T3 est une solution id\u00e9ale pour restaurer le soutien et le confort d'assise de votre si\u00e8ge de voiture. Que votre pi\u00e8ce en mousse actuelle soit us\u00e9e par des ann\u00e9es d'utilisation ou qu'elle n'offre tout simplement plus le soutien souhait\u00e9, cette pi\u00e8ce en mousse de remplacement vous aidera \u00e0 remettre votre si\u00e8ge en parfait \u00e9tat.","protected":false},"featured_media":15899,"comment_status":"open","ping_status":"closed","template":"","meta":{"_acf_changed":false},"product_brand":[],"product_cat":[178,1355],"product_tag":[1221],"class_list":{"0":"post-15898","1":"product","2":"type-product","3":"status-publish","4":"has-post-thumbnail","6":"product_cat-rugleuning","7":"product_cat-volkswagen","8":"product_tag-bestell-nr-194","9":"product_shipping_class-onderdelen-console","11":"first","12":"instock","13":"taxable","14":"shipping-taxable","15":"purchasable","16":"product-type-simple"},"composite_virtual":false,"composite_layout":"","composite_add_to_cart_form_location":"","composite_editable_in_cart":false,"composite_sold_individually_context":"","composite_shop_price_calc":"","composite_components":[],"composite_scenarios":[],"exclude_global_add_ons":[],"addons":[],"acf":[],"yoast_head":null,"yoast_head_json":null,"_links":{"self":[{"href":"https:\/\/www.carseatsandparts.com\/fr\/wp-json\/wp\/v2\/product\/15898","targetHints":{"allow":["GET"]}}],"collection":[{"href":"https:\/\/www.carseatsandparts.com\/fr\/wp-json\/wp\/v2\/product"}],"about":[{"href":"https:\/\/www.carseatsandparts.com\/fr\/wp-json\/wp\/v2\/types\/product"}],"replies":[{"embeddable":true,"href":"https:\/\/www.carseatsandparts.com\/fr\/wp-json\/wp\/v2\/comments?post=15898"}],"wp:featuredmedia":[{"embeddable":true,"href":"https:\/\/www.carseatsandparts.com\/fr\/wp-json\/wp\/v2\/media\/15899"}],"wp:attachment":[{"href":"https:\/\/www.carseatsandparts.com\/fr\/wp-json\/wp\/v2\/media?parent=15898"}],"wp:term":[{"taxonomy":"product_brand","embeddable":true,"href":"https:\/\/www.carseatsandparts.com\/fr\/wp-json\/wp\/v2\/product_brand?post=15898"},{"taxonomy":"product_cat","embeddable":true,"href":"https:\/\/www.carseatsandparts.com\/fr\/wp-json\/wp\/v2\/product_cat?post=15898"},{"taxonomy":"product_tag","embeddable":true,"href":"https:\/\/www.carseatsandparts.com\/fr\/wp-json\/wp\/v2\/product_tag?post=15898"}],"curies":[{"name":"wp","href":"https:\/\/api.w.org\/{rel}","templated":true}]}}