{"id":16060,"date":"2025-03-17T08:40:55","date_gmt":"2025-03-17T07:40:55","guid":{"rendered":"https:\/\/www.carseatsandparts.com\/?post_type=product&#038;p=16060"},"modified":"2026-01-01T23:00:11","modified_gmt":"2026-01-01T22:00:11","slug":"interieur-vw-golf-8-gti-zwart-grijs-rood","status":"publish","type":"product","link":"https:\/\/www.carseatsandparts.com\/fr\/product\/interieur-vw-golf-8-gti-zwart-grijs-rood\/","title":{"rendered":"Int\u00e9rieur VW Golf 8 GTI Noir\/Gris\/Rouge"},"content":{"rendered":"","protected":false},"excerpt":{"rendered":"Int\u00e9rieur Volkswagen Golf 8 GTI fini dans une combinaison de cuir noir, gris et rouge et avec le logo GTI. L'int\u00e9rieur provient d'une voiture de d\u00e9monstration et est comme neuf, \u00e0 l'exception de quelques dommages mineurs dus au d\u00e9montage. Le si\u00e8ge conducteur poss\u00e8de les caract\u00e9ristiques suivantes : m\u00e9moire, r\u00e9glage \u00e9lectrique de l'angle et de la hauteur, lombaire \u00e9lectrique, chauffage et dossier \u00e9lectrique. Le si\u00e8ge passager dispose d'un r\u00e9glage manuel de la hauteur et de l'angle, d'un soutien lombaire manuel, d'un chauffage et d'un r\u00e9glage \u00e9lectrique du dossier. REMARQUE : Les coussins gonflables de s\u00e9curit\u00e9 ne sont pas inclus dans cet int\u00e9rieur.","protected":false},"featured_media":16585,"comment_status":"open","ping_status":"closed","template":"","meta":{"_acf_changed":false},"product_brand":[],"product_cat":[115,1355],"product_tag":[1114],"class_list":{"0":"post-16060","1":"product","2":"type-product","3":"status-publish","4":"has-post-thumbnail","6":"product_cat-demo-interieurs","7":"product_cat-volkswagen","8":"product_tag-1114","9":"product_shipping_class-auto-interieurs","11":"first","12":"instock","13":"taxable","14":"shipping-taxable","15":"purchasable","16":"product-type-simple"},"composite_virtual":false,"composite_layout":"","composite_add_to_cart_form_location":"","composite_editable_in_cart":false,"composite_sold_individually_context":"","composite_shop_price_calc":"","composite_components":[],"composite_scenarios":[],"exclude_global_add_ons":[],"addons":[],"acf":[],"yoast_head":null,"yoast_head_json":null,"_links":{"self":[{"href":"https:\/\/www.carseatsandparts.com\/fr\/wp-json\/wp\/v2\/product\/16060","targetHints":{"allow":["GET"]}}],"collection":[{"href":"https:\/\/www.carseatsandparts.com\/fr\/wp-json\/wp\/v2\/product"}],"about":[{"href":"https:\/\/www.carseatsandparts.com\/fr\/wp-json\/wp\/v2\/types\/product"}],"replies":[{"embeddable":true,"href":"https:\/\/www.carseatsandparts.com\/fr\/wp-json\/wp\/v2\/comments?post=16060"}],"wp:featuredmedia":[{"embeddable":true,"href":"https:\/\/www.carseatsandparts.com\/fr\/wp-json\/wp\/v2\/media\/16585"}],"wp:attachment":[{"href":"https:\/\/www.carseatsandparts.com\/fr\/wp-json\/wp\/v2\/media?parent=16060"}],"wp:term":[{"taxonomy":"product_brand","embeddable":true,"href":"https:\/\/www.carseatsandparts.com\/fr\/wp-json\/wp\/v2\/product_brand?post=16060"},{"taxonomy":"product_cat","embeddable":true,"href":"https:\/\/www.carseatsandparts.com\/fr\/wp-json\/wp\/v2\/product_cat?post=16060"},{"taxonomy":"product_tag","embeddable":true,"href":"https:\/\/www.carseatsandparts.com\/fr\/wp-json\/wp\/v2\/product_tag?post=16060"}],"curies":[{"name":"wp","href":"https:\/\/api.w.org\/{rel}","templated":true}]}}