{"id":16175,"date":"2025-04-14T10:12:18","date_gmt":"2025-04-14T08:12:18","guid":{"rendered":"https:\/\/www.carseatsandparts.com\/?post_type=product&#038;p=16175"},"modified":"2025-09-16T10:13:29","modified_gmt":"2025-09-16T08:13:29","slug":"recaro-classic-pole-position-leder-pepita","status":"publish","type":"product","link":"https:\/\/www.carseatsandparts.com\/fr\/produit\/recaro-classic-pole-position-leder-pepita\/","title":{"rendered":"RECARO Classic Pole Position Cuir Pepita"},"content":{"rendered":"","protected":false},"excerpt":{"rendered":"Le RECARO Classic Pole Position est un si\u00e8ge sportif d'inspiration r\u00e9tro, fini en cuir Pepita styl\u00e9 qui fait r\u00e9f\u00e9rence au motif \u00e9cossais classique de l'histoire du sport automobile. Le si\u00e8ge est dot\u00e9 d'une solide coque en fibre de verre et combine un design intemporel avec un support et un confort modernes. Num\u00e9ro d'article :","protected":false},"featured_media":16566,"comment_status":"open","ping_status":"closed","template":"","meta":{"_acf_changed":false},"product_brand":[1284],"product_cat":[187,1359],"product_tag":[1019,1345,946],"class_list":{"0":"post-16175","1":"product","2":"type-product","3":"status-publish","4":"has-post-thumbnail","6":"product_brand-recaro","7":"product_cat-demo-autostoelen","8":"product_cat-recaro","9":"product_tag-pepita","10":"product_tag-pole-position-abe","11":"product_tag-recaro","12":"product_shipping_class-auto-stoelen","14":"first","15":"outofstock","16":"taxable","17":"shipping-taxable","18":"purchasable","19":"product-type-simple"},"composite_virtual":false,"composite_layout":"","composite_add_to_cart_form_location":"","composite_editable_in_cart":false,"composite_sold_individually_context":"","composite_shop_price_calc":"","composite_components":[],"composite_scenarios":[],"exclude_global_add_ons":[],"addons":[],"acf":[],"yoast_head":null,"yoast_head_json":null,"_links":{"self":[{"href":"https:\/\/www.carseatsandparts.com\/fr\/wp-json\/wp\/v2\/product\/16175","targetHints":{"allow":["GET"]}}],"collection":[{"href":"https:\/\/www.carseatsandparts.com\/fr\/wp-json\/wp\/v2\/product"}],"about":[{"href":"https:\/\/www.carseatsandparts.com\/fr\/wp-json\/wp\/v2\/types\/product"}],"replies":[{"embeddable":true,"href":"https:\/\/www.carseatsandparts.com\/fr\/wp-json\/wp\/v2\/comments?post=16175"}],"wp:featuredmedia":[{"embeddable":true,"href":"https:\/\/www.carseatsandparts.com\/fr\/wp-json\/wp\/v2\/media\/16566"}],"wp:attachment":[{"href":"https:\/\/www.carseatsandparts.com\/fr\/wp-json\/wp\/v2\/media?parent=16175"}],"wp:term":[{"taxonomy":"product_brand","embeddable":true,"href":"https:\/\/www.carseatsandparts.com\/fr\/wp-json\/wp\/v2\/product_brand?post=16175"},{"taxonomy":"product_cat","embeddable":true,"href":"https:\/\/www.carseatsandparts.com\/fr\/wp-json\/wp\/v2\/product_cat?post=16175"},{"taxonomy":"product_tag","embeddable":true,"href":"https:\/\/www.carseatsandparts.com\/fr\/wp-json\/wp\/v2\/product_tag?post=16175"}],"curies":[{"name":"wp","href":"https:\/\/api.w.org\/{rel}","templated":true}]}}