{"id":16208,"date":"2025-04-14T10:30:51","date_gmt":"2025-04-14T08:30:51","guid":{"rendered":"https:\/\/www.carseatsandparts.com\/?post_type=product&#038;p=16208"},"modified":"2025-06-13T11:55:59","modified_gmt":"2025-06-13T09:55:59","slug":"recaro-pole-position-fia-leder-zwart","status":"publish","type":"product","link":"https:\/\/www.carseatsandparts.com\/fr\/product\/recaro-pole-position-fia-leder-zwart\/","title":{"rendered":"RECARO Pole Position FIA Cuir Noir"},"content":{"rendered":"","protected":false},"excerpt":{"rendered":"Le RECARO Pole Position est enti\u00e8rement en cuir pour une finition luxueuse et durable. Le si\u00e8ge est dot\u00e9 d'une solide coque en fibre de verre et est officiellement approuv\u00e9 par la FIA, ce qui le rend adapt\u00e9 \u00e0 une utilisation professionnelle dans le domaine du sport automobile. Num\u00e9ro d'article : 070.98.0422.","protected":false},"featured_media":16567,"comment_status":"open","ping_status":"closed","template":"","meta":{"_acf_changed":false},"product_brand":[1284],"product_cat":[187,1359],"product_tag":[2444,1347,2443,946],"class_list":{"0":"post-16208","1":"product","2":"type-product","3":"status-publish","4":"has-post-thumbnail","6":"product_brand-recaro","7":"product_cat-demo-autostoelen","8":"product_cat-recaro","9":"product_tag-070-98-0422","10":"product_tag-pole-position-fia","11":"product_tag-racekuip","12":"product_tag-recaro","13":"product_shipping_class-auto-stoelen","15":"first","16":"outofstock","17":"taxable","18":"shipping-taxable","19":"purchasable","20":"product-type-simple"},"composite_virtual":false,"composite_layout":"","composite_add_to_cart_form_location":"","composite_editable_in_cart":false,"composite_sold_individually_context":"","composite_shop_price_calc":"","composite_components":[],"composite_scenarios":[],"exclude_global_add_ons":[],"addons":[],"acf":[],"yoast_head":null,"yoast_head_json":null,"_links":{"self":[{"href":"https:\/\/www.carseatsandparts.com\/fr\/wp-json\/wp\/v2\/product\/16208","targetHints":{"allow":["GET"]}}],"collection":[{"href":"https:\/\/www.carseatsandparts.com\/fr\/wp-json\/wp\/v2\/product"}],"about":[{"href":"https:\/\/www.carseatsandparts.com\/fr\/wp-json\/wp\/v2\/types\/product"}],"replies":[{"embeddable":true,"href":"https:\/\/www.carseatsandparts.com\/fr\/wp-json\/wp\/v2\/comments?post=16208"}],"wp:featuredmedia":[{"embeddable":true,"href":"https:\/\/www.carseatsandparts.com\/fr\/wp-json\/wp\/v2\/media\/16567"}],"wp:attachment":[{"href":"https:\/\/www.carseatsandparts.com\/fr\/wp-json\/wp\/v2\/media?parent=16208"}],"wp:term":[{"taxonomy":"product_brand","embeddable":true,"href":"https:\/\/www.carseatsandparts.com\/fr\/wp-json\/wp\/v2\/product_brand?post=16208"},{"taxonomy":"product_cat","embeddable":true,"href":"https:\/\/www.carseatsandparts.com\/fr\/wp-json\/wp\/v2\/product_cat?post=16208"},{"taxonomy":"product_tag","embeddable":true,"href":"https:\/\/www.carseatsandparts.com\/fr\/wp-json\/wp\/v2\/product_tag?post=16208"}],"curies":[{"name":"wp","href":"https:\/\/api.w.org\/{rel}","templated":true}]}}