{"id":16266,"date":"2025-04-14T11:50:30","date_gmt":"2025-04-14T09:50:30","guid":{"rendered":"https:\/\/www.carseatsandparts.com\/?post_type=product&#038;p=16266"},"modified":"2025-07-03T10:02:52","modified_gmt":"2025-07-03T08:02:52","slug":"recaro-style-sportline-stof-nardo-artista-zwart","status":"publish","type":"product","link":"https:\/\/www.carseatsandparts.com\/fr\/product\/recaro-style-sportline-stof-nardo-artista-zwart\/","title":{"rendered":"RECARO Style Sportline Fabric Nardo\/Artista noir"},"content":{"rendered":"","protected":false},"excerpt":{"rendered":"Si\u00e8ge auto RECARO Style Sportline dans la variante tissu Nardo\/Artista noir. Le si\u00e8ge provient de la salle d'exposition et est encore comme neuf. Num\u00e9ro d'article : 269.00.1351\r\n\r\nLe si\u00e8ge pr\u00e9sente les caract\u00e9ristiques suivantes : r\u00e9glage \u00e9lectrique de l'angle, r\u00e9glage \u00e9lectrique de la hauteur, soutien lombaire \u00e9lectrique, dossier rabattable, r\u00e9glage manuel du dossier, r\u00e9glage manuel des c\u00f4t\u00e9s du dossier, extension manuelle de l'assise.","protected":false},"featured_media":16570,"comment_status":"open","ping_status":"closed","template":"","meta":{"_acf_changed":false},"product_brand":[1284],"product_cat":[187,1359],"product_tag":[2432,1278,946,1449],"class_list":{"0":"post-16266","1":"product","2":"type-product","3":"status-publish","4":"has-post-thumbnail","6":"product_brand-recaro","7":"product_cat-demo-autostoelen","8":"product_cat-recaro","9":"product_tag-269-00-1351","10":"product_tag-autostoel","11":"product_tag-recaro","12":"product_tag-style","13":"product_shipping_class-auto-stoelen","15":"first","16":"outofstock","17":"taxable","18":"shipping-taxable","19":"purchasable","20":"product-type-simple"},"composite_virtual":false,"composite_layout":"","composite_add_to_cart_form_location":"","composite_editable_in_cart":false,"composite_sold_individually_context":"","composite_shop_price_calc":"","composite_components":[],"composite_scenarios":[],"exclude_global_add_ons":[],"addons":[],"acf":[],"yoast_head":null,"yoast_head_json":null,"_links":{"self":[{"href":"https:\/\/www.carseatsandparts.com\/fr\/wp-json\/wp\/v2\/product\/16266","targetHints":{"allow":["GET"]}}],"collection":[{"href":"https:\/\/www.carseatsandparts.com\/fr\/wp-json\/wp\/v2\/product"}],"about":[{"href":"https:\/\/www.carseatsandparts.com\/fr\/wp-json\/wp\/v2\/types\/product"}],"replies":[{"embeddable":true,"href":"https:\/\/www.carseatsandparts.com\/fr\/wp-json\/wp\/v2\/comments?post=16266"}],"wp:featuredmedia":[{"embeddable":true,"href":"https:\/\/www.carseatsandparts.com\/fr\/wp-json\/wp\/v2\/media\/16570"}],"wp:attachment":[{"href":"https:\/\/www.carseatsandparts.com\/fr\/wp-json\/wp\/v2\/media?parent=16266"}],"wp:term":[{"taxonomy":"product_brand","embeddable":true,"href":"https:\/\/www.carseatsandparts.com\/fr\/wp-json\/wp\/v2\/product_brand?post=16266"},{"taxonomy":"product_cat","embeddable":true,"href":"https:\/\/www.carseatsandparts.com\/fr\/wp-json\/wp\/v2\/product_cat?post=16266"},{"taxonomy":"product_tag","embeddable":true,"href":"https:\/\/www.carseatsandparts.com\/fr\/wp-json\/wp\/v2\/product_tag?post=16266"}],"curies":[{"name":"wp","href":"https:\/\/api.w.org\/{rel}","templated":true}]}}