{"id":16393,"date":"2025-04-28T12:56:45","date_gmt":"2025-04-28T10:56:45","guid":{"rendered":"https:\/\/www.carseatsandparts.com\/?post_type=product&#038;p=16393"},"modified":"2025-07-11T15:36:07","modified_gmt":"2025-07-11T13:36:07","slug":"afdekkap-rechtsachter-sigus-566068-et","status":"publish","type":"product","link":"https:\/\/www.carseatsandparts.com\/fr\/produit\/afdekkap-rechtsachter-sigus-566068-et\/","title":{"rendered":"Couvercle arri\u00e8re droit Sigus 566068.ET"},"content":{"rendered":"","protected":false},"excerpt":{"rendered":"Couvercle arri\u00e8re droit R\u00e9f\u00e9rence Sigus : 566068.ET","protected":false},"featured_media":16394,"comment_status":"open","ping_status":"closed","template":"","meta":{"_acf_changed":false},"product_brand":[],"product_cat":[2449,116],"product_tag":[2473,946],"class_list":{"0":"post-16393","1":"product","2":"type-product","3":"status-publish","4":"has-post-thumbnail","6":"product_cat-onderdelen-voor-vrachtautostoelen","7":"product_cat-onderdelen","8":"product_tag-566068-et","9":"product_tag-recaro","10":"product_shipping_class-onderdelen-klein-pakket","12":"first","13":"instock","14":"taxable","15":"shipping-taxable","16":"purchasable","17":"product-type-simple"},"composite_virtual":false,"composite_layout":"","composite_add_to_cart_form_location":"","composite_editable_in_cart":false,"composite_sold_individually_context":"","composite_shop_price_calc":"","composite_components":[],"composite_scenarios":[],"exclude_global_add_ons":[],"addons":[],"acf":[],"yoast_head":null,"yoast_head_json":null,"_links":{"self":[{"href":"https:\/\/www.carseatsandparts.com\/fr\/wp-json\/wp\/v2\/product\/16393","targetHints":{"allow":["GET"]}}],"collection":[{"href":"https:\/\/www.carseatsandparts.com\/fr\/wp-json\/wp\/v2\/product"}],"about":[{"href":"https:\/\/www.carseatsandparts.com\/fr\/wp-json\/wp\/v2\/types\/product"}],"replies":[{"embeddable":true,"href":"https:\/\/www.carseatsandparts.com\/fr\/wp-json\/wp\/v2\/comments?post=16393"}],"wp:featuredmedia":[{"embeddable":true,"href":"https:\/\/www.carseatsandparts.com\/fr\/wp-json\/wp\/v2\/media\/16394"}],"wp:attachment":[{"href":"https:\/\/www.carseatsandparts.com\/fr\/wp-json\/wp\/v2\/media?parent=16393"}],"wp:term":[{"taxonomy":"product_brand","embeddable":true,"href":"https:\/\/www.carseatsandparts.com\/fr\/wp-json\/wp\/v2\/product_brand?post=16393"},{"taxonomy":"product_cat","embeddable":true,"href":"https:\/\/www.carseatsandparts.com\/fr\/wp-json\/wp\/v2\/product_cat?post=16393"},{"taxonomy":"product_tag","embeddable":true,"href":"https:\/\/www.carseatsandparts.com\/fr\/wp-json\/wp\/v2\/product_tag?post=16393"}],"curies":[{"name":"wp","href":"https:\/\/api.w.org\/{rel}","templated":true}]}}