{"id":16641,"date":"2025-05-27T09:36:17","date_gmt":"2025-05-27T07:36:17","guid":{"rendered":"https:\/\/www.carseatsandparts.com\/?post_type=product&#038;p=16641"},"modified":"2026-01-08T09:16:19","modified_gmt":"2026-01-08T08:16:19","slug":"sparco-adv-elite","status":"publish","type":"product","link":"https:\/\/www.carseatsandparts.com\/fr\/produit\/sparco-adv-elite\/","title":{"rendered":"Sparco ADV Elite"},"content":{"rendered":"","protected":false},"excerpt":{"rendered":"Le design du cadre haute performance, qui est une \u00e9volution de l'ADV-SCX, a une fonction \u00e0 la fois structurelle et esth\u00e9tique et, associ\u00e9 \u00e0 un syst\u00e8me d'absorption d'\u00e9nergie, conf\u00e8re \u00e0 la selle une r\u00e9sistance aux chocs in\u00e9gal\u00e9e. La r\u00e9duction de l'\u00e9paisseur du cadre et les am\u00e9liorations apport\u00e9es \u00e0 l'appui-t\u00eate, ainsi que l'ergonomie soigneusement \u00e9tudi\u00e9e du rembourrage, augmentent l'habitabilit\u00e9 et le confort. Fixation par attaches lat\u00e9rales avec un espacement de 290 mm.","protected":false},"featured_media":16643,"comment_status":"open","ping_status":"closed","template":"","meta":{"_acf_changed":false},"product_brand":[2524],"product_cat":[2518,2519,2520],"product_tag":[2209,2523],"class_list":{"0":"post-16641","1":"product","2":"type-product","3":"status-publish","4":"has-post-thumbnail","6":"product_brand-sparco","7":"product_cat-motorsport","8":"product_cat-racekuipen","9":"product_cat-sparco","10":"product_tag-motorsport","11":"product_tag-sparco","12":"product_shipping_class-auto-stoelen","14":"first","15":"instock","16":"sale","17":"taxable","18":"shipping-taxable","19":"purchasable","20":"product-type-simple"},"composite_virtual":false,"composite_layout":"","composite_add_to_cart_form_location":"","composite_editable_in_cart":false,"composite_sold_individually_context":"","composite_shop_price_calc":"","composite_components":[],"composite_scenarios":[],"exclude_global_add_ons":[],"addons":[],"acf":[],"yoast_head":null,"yoast_head_json":null,"_links":{"self":[{"href":"https:\/\/www.carseatsandparts.com\/fr\/wp-json\/wp\/v2\/product\/16641","targetHints":{"allow":["GET"]}}],"collection":[{"href":"https:\/\/www.carseatsandparts.com\/fr\/wp-json\/wp\/v2\/product"}],"about":[{"href":"https:\/\/www.carseatsandparts.com\/fr\/wp-json\/wp\/v2\/types\/product"}],"replies":[{"embeddable":true,"href":"https:\/\/www.carseatsandparts.com\/fr\/wp-json\/wp\/v2\/comments?post=16641"}],"wp:featuredmedia":[{"embeddable":true,"href":"https:\/\/www.carseatsandparts.com\/fr\/wp-json\/wp\/v2\/media\/16643"}],"wp:attachment":[{"href":"https:\/\/www.carseatsandparts.com\/fr\/wp-json\/wp\/v2\/media?parent=16641"}],"wp:term":[{"taxonomy":"product_brand","embeddable":true,"href":"https:\/\/www.carseatsandparts.com\/fr\/wp-json\/wp\/v2\/product_brand?post=16641"},{"taxonomy":"product_cat","embeddable":true,"href":"https:\/\/www.carseatsandparts.com\/fr\/wp-json\/wp\/v2\/product_cat?post=16641"},{"taxonomy":"product_tag","embeddable":true,"href":"https:\/\/www.carseatsandparts.com\/fr\/wp-json\/wp\/v2\/product_tag?post=16641"}],"curies":[{"name":"wp","href":"https:\/\/api.w.org\/{rel}","templated":true}]}}