{"id":16668,"date":"2025-05-27T10:05:02","date_gmt":"2025-05-27T08:05:02","guid":{"rendered":"https:\/\/www.carseatsandparts.com\/?post_type=product&#038;p=16668"},"modified":"2026-01-08T09:19:08","modified_gmt":"2026-01-08T08:19:08","slug":"sparco-matrix","status":"publish","type":"product","link":"https:\/\/www.carseatsandparts.com\/fr\/product\/sparco-matrix\/","title":{"rendered":"Sparco Matrix"},"content":{"rendered":"","protected":false},"excerpt":{"rendered":"Le nouveau si\u00e8ge Sparco Matrix a \u00e9t\u00e9 d\u00e9velopp\u00e9 conform\u00e9ment \u00e0 la nouvelle r\u00e9glementation technique 8855-2021. Le si\u00e8ge est dot\u00e9 d'une plaque de renfort sp\u00e9ciale avec une matrice en nid d'abeille et est fini avec une laque dot\u00e9e d'une nouvelle technologie semi-transparente. Con\u00e7u pour am\u00e9liorer l'ergonomie en utilisant le mannequin SAE. La nouvelle chaise Sparco Matrix a \u00e9t\u00e9 d\u00e9velopp\u00e9e conform\u00e9ment \u00e0 la nouvelle r\u00e9glementation technique 8855-2021. La chaise est dot\u00e9e d'une plaque de renfort sp\u00e9ciale avec une matrice en nid d'abeille et est finie avec une laque dot\u00e9e d'une nouvelle technologie semi-transparente. Con\u00e7u pour am\u00e9liorer l'ergonomie en utilisant le mannequin SAE. La chaise b\u00e9n\u00e9ficie d'une nouvelle technologie de construction efficace.\r\n\r\nHomologu\u00e9 FIA 8855-2021 (uniquement lorsqu'il est utilis\u00e9 avec les fixations lat\u00e9rales correctes (004926)).","protected":false},"featured_media":16671,"comment_status":"open","ping_status":"closed","template":"","meta":{"_acf_changed":false},"product_brand":[2524],"product_cat":[2518,2519,2520],"product_tag":[2209,2523],"class_list":{"0":"post-16668","1":"product","2":"type-product","3":"status-publish","4":"has-post-thumbnail","6":"product_brand-sparco","7":"product_cat-motorsport","8":"product_cat-racekuipen","9":"product_cat-sparco","10":"product_tag-motorsport","11":"product_tag-sparco","12":"product_shipping_class-auto-stoelen","14":"first","15":"instock","16":"sale","17":"taxable","18":"shipping-taxable","19":"purchasable","20":"product-type-simple"},"composite_virtual":false,"composite_layout":"","composite_add_to_cart_form_location":"","composite_editable_in_cart":false,"composite_sold_individually_context":"","composite_shop_price_calc":"","composite_components":[],"composite_scenarios":[],"exclude_global_add_ons":[],"addons":[],"acf":[],"yoast_head":null,"yoast_head_json":null,"_links":{"self":[{"href":"https:\/\/www.carseatsandparts.com\/fr\/wp-json\/wp\/v2\/product\/16668","targetHints":{"allow":["GET"]}}],"collection":[{"href":"https:\/\/www.carseatsandparts.com\/fr\/wp-json\/wp\/v2\/product"}],"about":[{"href":"https:\/\/www.carseatsandparts.com\/fr\/wp-json\/wp\/v2\/types\/product"}],"replies":[{"embeddable":true,"href":"https:\/\/www.carseatsandparts.com\/fr\/wp-json\/wp\/v2\/comments?post=16668"}],"wp:featuredmedia":[{"embeddable":true,"href":"https:\/\/www.carseatsandparts.com\/fr\/wp-json\/wp\/v2\/media\/16671"}],"wp:attachment":[{"href":"https:\/\/www.carseatsandparts.com\/fr\/wp-json\/wp\/v2\/media?parent=16668"}],"wp:term":[{"taxonomy":"product_brand","embeddable":true,"href":"https:\/\/www.carseatsandparts.com\/fr\/wp-json\/wp\/v2\/product_brand?post=16668"},{"taxonomy":"product_cat","embeddable":true,"href":"https:\/\/www.carseatsandparts.com\/fr\/wp-json\/wp\/v2\/product_cat?post=16668"},{"taxonomy":"product_tag","embeddable":true,"href":"https:\/\/www.carseatsandparts.com\/fr\/wp-json\/wp\/v2\/product_tag?post=16668"}],"curies":[{"name":"wp","href":"https:\/\/api.w.org\/{rel}","templated":true}]}}