{"id":16685,"date":"2025-05-27T10:31:25","date_gmt":"2025-05-27T08:31:25","guid":{"rendered":"https:\/\/www.carseatsandparts.com\/?post_type=product&#038;p=16685"},"modified":"2026-01-08T09:21:38","modified_gmt":"2026-01-08T08:21:38","slug":"sparco-pro-adv-qrt","status":"publish","type":"product","link":"https:\/\/www.carseatsandparts.com\/fr\/product\/sparco-pro-adv-qrt\/","title":{"rendered":"Sparco Pro ADV QRT"},"content":{"rendered":"","protected":false},"excerpt":{"rendered":"Le Sparco PRO ADV QRT est la version en fibre de verre de l'un des si\u00e8ges les plus avanc\u00e9s de la gamme Sparco, le ADV-SC. Ce si\u00e8ge confortable et s\u00fbr est tr\u00e8s appr\u00e9ci\u00e9 pour sa position assise confortable et sa protection lat\u00e9rale \u00e9lev\u00e9e.\r\n<ul>\r\n \t<li>FIA 8855-1999<\/li>\r\n \t<li>Mat\u00e9riau de la coque : fibre de verre QRT<\/li>\r\n \t<li>Poids de la balance : 7,8 kg.<\/li>\r\n \t<li>Poids de la chaise compl\u00e8te : 9,3 kg.<\/li>\r\n \t<li>Convient au syst\u00e8me FHR : oui<\/li>\r\n \t<li>Type de fixation : fixation lat\u00e9rale, distance 290 mm.<\/li>\r\n<\/ul>","protected":false},"featured_media":16692,"comment_status":"open","ping_status":"closed","template":"","meta":{"_acf_changed":false},"product_brand":[2524],"product_cat":[2518,2519,2520],"product_tag":[2209,2523],"class_list":{"0":"post-16685","1":"product","2":"type-product","3":"status-publish","4":"has-post-thumbnail","6":"product_brand-sparco","7":"product_cat-motorsport","8":"product_cat-racekuipen","9":"product_cat-sparco","10":"product_tag-motorsport","11":"product_tag-sparco","12":"product_shipping_class-auto-stoelen","14":"first","15":"instock","16":"sale","17":"taxable","18":"shipping-taxable","19":"purchasable","20":"product-type-simple"},"composite_virtual":false,"composite_layout":"","composite_add_to_cart_form_location":"","composite_editable_in_cart":false,"composite_sold_individually_context":"","composite_shop_price_calc":"","composite_components":[],"composite_scenarios":[],"exclude_global_add_ons":[],"addons":[],"acf":[],"yoast_head":null,"yoast_head_json":null,"_links":{"self":[{"href":"https:\/\/www.carseatsandparts.com\/fr\/wp-json\/wp\/v2\/product\/16685","targetHints":{"allow":["GET"]}}],"collection":[{"href":"https:\/\/www.carseatsandparts.com\/fr\/wp-json\/wp\/v2\/product"}],"about":[{"href":"https:\/\/www.carseatsandparts.com\/fr\/wp-json\/wp\/v2\/types\/product"}],"replies":[{"embeddable":true,"href":"https:\/\/www.carseatsandparts.com\/fr\/wp-json\/wp\/v2\/comments?post=16685"}],"wp:featuredmedia":[{"embeddable":true,"href":"https:\/\/www.carseatsandparts.com\/fr\/wp-json\/wp\/v2\/media\/16692"}],"wp:attachment":[{"href":"https:\/\/www.carseatsandparts.com\/fr\/wp-json\/wp\/v2\/media?parent=16685"}],"wp:term":[{"taxonomy":"product_brand","embeddable":true,"href":"https:\/\/www.carseatsandparts.com\/fr\/wp-json\/wp\/v2\/product_brand?post=16685"},{"taxonomy":"product_cat","embeddable":true,"href":"https:\/\/www.carseatsandparts.com\/fr\/wp-json\/wp\/v2\/product_cat?post=16685"},{"taxonomy":"product_tag","embeddable":true,"href":"https:\/\/www.carseatsandparts.com\/fr\/wp-json\/wp\/v2\/product_tag?post=16685"}],"curies":[{"name":"wp","href":"https:\/\/api.w.org\/{rel}","templated":true}]}}