{"id":16707,"date":"2025-05-27T10:45:00","date_gmt":"2025-05-27T08:45:00","guid":{"rendered":"https:\/\/www.carseatsandparts.com\/?post_type=product&#038;p=16707"},"modified":"2026-01-08T09:29:25","modified_gmt":"2026-01-08T08:29:25","slug":"sparco-circuit-qrt","status":"publish","type":"product","link":"https:\/\/www.carseatsandparts.com\/fr\/produit\/sparco-circuit-qrt\/","title":{"rendered":"Sparco CIRCUIT QRT"},"content":{"rendered":"","protected":false},"excerpt":{"rendered":"Le Sparco Circuit QRT est le si\u00e8ge baquet avec protection de la t\u00eate le plus \u00e9conomique de la gamme Sparco. Le Circuit QRT est dot\u00e9 d'une assise profonde et offre donc un soutien important. Il est \u00e9quip\u00e9 d'un mat\u00e9riau antid\u00e9rapant autour des \u00e9paules et sur le coussin du si\u00e8ge.\r\n<ul>\r\n \t<li>FIA 8855-1999<\/li>\r\n \t<li>Mat\u00e9riau de la coque : fibre de verre QRT<\/li>\r\n \t<li>Poids de la balance : 7,1 kg.<\/li>\r\n \t<li>Poids de la chaise compl\u00e8te : 8,6 kg.<\/li>\r\n \t<li>Convient au syst\u00e8me FHR : oui<\/li>\r\n \t<li>Type de fixation : fixation lat\u00e9rale, distance 290 mm.<\/li>\r\n<\/ul>","protected":false},"featured_media":16709,"comment_status":"open","ping_status":"closed","template":"","meta":{"_acf_changed":false},"product_brand":[2524],"product_cat":[2518,2519,2520],"product_tag":[2209,2523],"class_list":{"0":"post-16707","1":"product","2":"type-product","3":"status-publish","4":"has-post-thumbnail","6":"product_brand-sparco","7":"product_cat-motorsport","8":"product_cat-racekuipen","9":"product_cat-sparco","10":"product_tag-motorsport","11":"product_tag-sparco","12":"product_shipping_class-auto-stoelen","14":"first","15":"instock","16":"sale","17":"taxable","18":"shipping-taxable","19":"purchasable","20":"product-type-simple"},"composite_virtual":false,"composite_layout":"","composite_add_to_cart_form_location":"","composite_editable_in_cart":false,"composite_sold_individually_context":"","composite_shop_price_calc":"","composite_components":[],"composite_scenarios":[],"exclude_global_add_ons":[],"addons":[],"acf":[],"yoast_head":null,"yoast_head_json":null,"_links":{"self":[{"href":"https:\/\/www.carseatsandparts.com\/fr\/wp-json\/wp\/v2\/product\/16707","targetHints":{"allow":["GET"]}}],"collection":[{"href":"https:\/\/www.carseatsandparts.com\/fr\/wp-json\/wp\/v2\/product"}],"about":[{"href":"https:\/\/www.carseatsandparts.com\/fr\/wp-json\/wp\/v2\/types\/product"}],"replies":[{"embeddable":true,"href":"https:\/\/www.carseatsandparts.com\/fr\/wp-json\/wp\/v2\/comments?post=16707"}],"wp:featuredmedia":[{"embeddable":true,"href":"https:\/\/www.carseatsandparts.com\/fr\/wp-json\/wp\/v2\/media\/16709"}],"wp:attachment":[{"href":"https:\/\/www.carseatsandparts.com\/fr\/wp-json\/wp\/v2\/media?parent=16707"}],"wp:term":[{"taxonomy":"product_brand","embeddable":true,"href":"https:\/\/www.carseatsandparts.com\/fr\/wp-json\/wp\/v2\/product_brand?post=16707"},{"taxonomy":"product_cat","embeddable":true,"href":"https:\/\/www.carseatsandparts.com\/fr\/wp-json\/wp\/v2\/product_cat?post=16707"},{"taxonomy":"product_tag","embeddable":true,"href":"https:\/\/www.carseatsandparts.com\/fr\/wp-json\/wp\/v2\/product_tag?post=16707"}],"curies":[{"name":"wp","href":"https:\/\/api.w.org\/{rel}","templated":true}]}}