{"id":16710,"date":"2025-05-27T10:48:38","date_gmt":"2025-05-27T08:48:38","guid":{"rendered":"https:\/\/www.carseatsandparts.com\/?post_type=product&#038;p=16710"},"modified":"2026-01-08T09:29:55","modified_gmt":"2026-01-08T08:29:55","slug":"sparco-circuit-ii-carbon","status":"publish","type":"product","link":"https:\/\/www.carseatsandparts.com\/fr\/produit\/sparco-circuit-ii-carbon\/","title":{"rendered":"Sparco CIRCUIT II CARBONE"},"content":{"rendered":"","protected":false},"excerpt":{"rendered":"Le si\u00e8ge Sparco Circuit II Carbon Race. Le design du Circuit Carbon est le m\u00eame que celui du Circuit original, mais les si\u00e8ges sont fabriqu\u00e9s \u00e0 partir d'une coque en carbone ultra-l\u00e9g\u00e8re, ce qui les rend plus s\u00fbrs et environ 10% plus l\u00e9gers que les versions QRT. Ils sont dot\u00e9s d'un nouveau tissu antid\u00e9rapant sur les \u00e9paules et le coussin d'assise. Ce si\u00e8ge est id\u00e9al pour les courses de tourisme et de rallye.\r\n<ul>\r\n \t<li>FIA 8855-1999 approuv\u00e9<\/li>\r\n \t<li>Car\u00e9nage en carbone ultral\u00e9ger<\/li>\r\n \t<li>Nouveau mat\u00e9riau antid\u00e9rapant sur les \u00e9paules et le si\u00e8ge<\/li>\r\n<\/ul>","protected":false},"featured_media":16715,"comment_status":"open","ping_status":"closed","template":"","meta":{"_acf_changed":false},"product_brand":[2524],"product_cat":[2518,2519,2520],"product_tag":[2209,2523],"class_list":{"0":"post-16710","1":"product","2":"type-product","3":"status-publish","4":"has-post-thumbnail","6":"product_brand-sparco","7":"product_cat-motorsport","8":"product_cat-racekuipen","9":"product_cat-sparco","10":"product_tag-motorsport","11":"product_tag-sparco","12":"product_shipping_class-auto-stoelen","14":"first","15":"instock","16":"sale","17":"taxable","18":"shipping-taxable","19":"purchasable","20":"product-type-simple"},"composite_virtual":false,"composite_layout":"","composite_add_to_cart_form_location":"","composite_editable_in_cart":false,"composite_sold_individually_context":"","composite_shop_price_calc":"","composite_components":[],"composite_scenarios":[],"exclude_global_add_ons":[],"addons":[],"acf":[],"yoast_head":null,"yoast_head_json":null,"_links":{"self":[{"href":"https:\/\/www.carseatsandparts.com\/fr\/wp-json\/wp\/v2\/product\/16710","targetHints":{"allow":["GET"]}}],"collection":[{"href":"https:\/\/www.carseatsandparts.com\/fr\/wp-json\/wp\/v2\/product"}],"about":[{"href":"https:\/\/www.carseatsandparts.com\/fr\/wp-json\/wp\/v2\/types\/product"}],"replies":[{"embeddable":true,"href":"https:\/\/www.carseatsandparts.com\/fr\/wp-json\/wp\/v2\/comments?post=16710"}],"wp:featuredmedia":[{"embeddable":true,"href":"https:\/\/www.carseatsandparts.com\/fr\/wp-json\/wp\/v2\/media\/16715"}],"wp:attachment":[{"href":"https:\/\/www.carseatsandparts.com\/fr\/wp-json\/wp\/v2\/media?parent=16710"}],"wp:term":[{"taxonomy":"product_brand","embeddable":true,"href":"https:\/\/www.carseatsandparts.com\/fr\/wp-json\/wp\/v2\/product_brand?post=16710"},{"taxonomy":"product_cat","embeddable":true,"href":"https:\/\/www.carseatsandparts.com\/fr\/wp-json\/wp\/v2\/product_cat?post=16710"},{"taxonomy":"product_tag","embeddable":true,"href":"https:\/\/www.carseatsandparts.com\/fr\/wp-json\/wp\/v2\/product_tag?post=16710"}],"curies":[{"name":"wp","href":"https:\/\/api.w.org\/{rel}","templated":true}]}}