{"id":16721,"date":"2025-05-27T10:55:42","date_gmt":"2025-05-27T08:55:42","guid":{"rendered":"https:\/\/www.carseatsandparts.com\/?post_type=product&#038;p=16721"},"modified":"2026-01-08T09:30:33","modified_gmt":"2026-01-08T08:30:33","slug":"sparco-evo-qrt-sky","status":"publish","type":"product","link":"https:\/\/www.carseatsandparts.com\/fr\/product\/sparco-evo-qrt-sky\/","title":{"rendered":"Sparco EVO QRT SKY"},"content":{"rendered":"","protected":false},"excerpt":{"rendered":"Ce si\u00e8ge Evo QRT Sky poss\u00e8de toutes les excellentes caract\u00e9ristiques du si\u00e8ge Evo QRT, mais il est recouvert de vinyle, ce qui en fait un excellent choix pour les v\u00e9hicules tout-terrain ou d'autres applications o\u00f9 les si\u00e8ges peuvent \u00eatre expos\u00e9s aux \u00e9l\u00e9ments.\r\n<ul>\r\n \t<li>Rev\u00eatement en vinyle lavable et imperm\u00e9able<\/li>\r\n \t<li>Le processus de fabrication QRT assure une r\u00e9duction significative du poids (seulement 7,5 kg)<\/li>\r\n \t<li>Id\u00e9al pour les v\u00e9hicules tout-terrain, les v\u00e9hicules nautiques ou les voitures \u00e0 cockpit ouvert.<\/li>\r\n<\/ul>\r\nLes si\u00e8ges de comp\u00e9tition Sparco Evo QRT Sky ont \u00e9t\u00e9 d\u00e9velopp\u00e9s en collaboration avec de nombreux pilotes et \u00e9quipes de premier plan afin de produire un si\u00e8ge parfaitement adapt\u00e9 aux courses sur circuit, mais \u00e9galement aux voitures de rallye. Le processus de fabrication QRT, combin\u00e9 \u00e0 la forme du car\u00e9nage, offre une rigidit\u00e9 accrue. Un coussin de jambe bas et un coussin lombaire en deux parties ont \u00e9t\u00e9 utilis\u00e9s pour am\u00e9liorer le confort.\r\n\r\n<strong>FIA 8855-1999 approuv\u00e9<\/strong>","protected":false},"featured_media":16727,"comment_status":"open","ping_status":"closed","template":"","meta":{"_acf_changed":false},"product_brand":[2524],"product_cat":[2518,2519,2520],"product_tag":[2209,2523],"class_list":{"0":"post-16721","1":"product","2":"type-product","3":"status-publish","4":"has-post-thumbnail","6":"product_brand-sparco","7":"product_cat-motorsport","8":"product_cat-racekuipen","9":"product_cat-sparco","10":"product_tag-motorsport","11":"product_tag-sparco","12":"product_shipping_class-auto-stoelen","14":"first","15":"instock","16":"sale","17":"taxable","18":"shipping-taxable","19":"purchasable","20":"product-type-simple"},"composite_virtual":false,"composite_layout":"","composite_add_to_cart_form_location":"","composite_editable_in_cart":false,"composite_sold_individually_context":"","composite_shop_price_calc":"","composite_components":[],"composite_scenarios":[],"exclude_global_add_ons":[],"addons":[],"acf":[],"yoast_head":null,"yoast_head_json":null,"_links":{"self":[{"href":"https:\/\/www.carseatsandparts.com\/fr\/wp-json\/wp\/v2\/product\/16721","targetHints":{"allow":["GET"]}}],"collection":[{"href":"https:\/\/www.carseatsandparts.com\/fr\/wp-json\/wp\/v2\/product"}],"about":[{"href":"https:\/\/www.carseatsandparts.com\/fr\/wp-json\/wp\/v2\/types\/product"}],"replies":[{"embeddable":true,"href":"https:\/\/www.carseatsandparts.com\/fr\/wp-json\/wp\/v2\/comments?post=16721"}],"wp:featuredmedia":[{"embeddable":true,"href":"https:\/\/www.carseatsandparts.com\/fr\/wp-json\/wp\/v2\/media\/16727"}],"wp:attachment":[{"href":"https:\/\/www.carseatsandparts.com\/fr\/wp-json\/wp\/v2\/media?parent=16721"}],"wp:term":[{"taxonomy":"product_brand","embeddable":true,"href":"https:\/\/www.carseatsandparts.com\/fr\/wp-json\/wp\/v2\/product_brand?post=16721"},{"taxonomy":"product_cat","embeddable":true,"href":"https:\/\/www.carseatsandparts.com\/fr\/wp-json\/wp\/v2\/product_cat?post=16721"},{"taxonomy":"product_tag","embeddable":true,"href":"https:\/\/www.carseatsandparts.com\/fr\/wp-json\/wp\/v2\/product_tag?post=16721"}],"curies":[{"name":"wp","href":"https:\/\/api.w.org\/{rel}","templated":true}]}}