{"id":16756,"date":"2025-05-27T11:25:02","date_gmt":"2025-05-27T09:25:02","guid":{"rendered":"https:\/\/www.carseatsandparts.com\/?post_type=product&#038;p=16756"},"modified":"2026-01-08T09:32:54","modified_gmt":"2026-01-08T08:32:54","slug":"sparco-evo-qrt","status":"publish","type":"product","link":"https:\/\/www.carseatsandparts.com\/fr\/produit\/sparco-evo-qrt\/","title":{"rendered":"Sparco EVO QRT"},"content":{"rendered":"","protected":false},"excerpt":{"rendered":"Mis \u00e0 jour avec la nouvelle technologie QRT, le si\u00e8ge EVO est dot\u00e9 d'un tissu antid\u00e9rapant pour soutenir les \u00e9paules et le si\u00e8ge, d'un nouveau coussin en deux parties et de nouvelles coutures. Nouveau support d'\u00e9paule (pour EVO uniquement) pour l'installation dans les petits v\u00e9hicules. Fixation par attaches lat\u00e9rales \u00e0 290 mm d'intervalle.\r\n<ul>\r\n \t<li>Balance 5 000g<\/li>\r\n \t<li>Si\u00e8ge 7 000g<\/li>\r\n<\/ul>\r\nDe QRT-technologie, ontworpen en ontwikkeld in Itali\u00eb door Sparco, is voorbestemd om &#8217;s werelds lichtste glasvezelframes te genereren en de kenmerken van de sportzittingen van de toekomst te defini\u00ebren. Met deze technologie zet Sparco nieuwe maatstaven voor de prestaties van zittingen, waarbij het gewicht per eenheid met 30% wordt verminderd ten opzichte van vorige zittingen. Dit maakt ongekende mechanische sterkte\/gewichtsverhoudingen in sportstoelen van glasvezel mogelijk.\r\n\r\n<strong>FIA HOM. NR : CS.373.17<\/strong>","protected":false},"featured_media":16761,"comment_status":"open","ping_status":"closed","template":"","meta":{"_acf_changed":false},"product_brand":[2524],"product_cat":[2518,2519,2520],"product_tag":[2209,2523],"class_list":{"0":"post-16756","1":"product","2":"type-product","3":"status-publish","4":"has-post-thumbnail","6":"product_brand-sparco","7":"product_cat-motorsport","8":"product_cat-racekuipen","9":"product_cat-sparco","10":"product_tag-motorsport","11":"product_tag-sparco","12":"product_shipping_class-auto-stoelen","14":"first","15":"instock","16":"sale","17":"taxable","18":"shipping-taxable","19":"purchasable","20":"product-type-simple"},"composite_virtual":false,"composite_layout":"","composite_add_to_cart_form_location":"","composite_editable_in_cart":false,"composite_sold_individually_context":"","composite_shop_price_calc":"","composite_components":[],"composite_scenarios":[],"exclude_global_add_ons":[],"addons":[],"acf":[],"yoast_head":null,"yoast_head_json":null,"_links":{"self":[{"href":"https:\/\/www.carseatsandparts.com\/fr\/wp-json\/wp\/v2\/product\/16756","targetHints":{"allow":["GET"]}}],"collection":[{"href":"https:\/\/www.carseatsandparts.com\/fr\/wp-json\/wp\/v2\/product"}],"about":[{"href":"https:\/\/www.carseatsandparts.com\/fr\/wp-json\/wp\/v2\/types\/product"}],"replies":[{"embeddable":true,"href":"https:\/\/www.carseatsandparts.com\/fr\/wp-json\/wp\/v2\/comments?post=16756"}],"wp:featuredmedia":[{"embeddable":true,"href":"https:\/\/www.carseatsandparts.com\/fr\/wp-json\/wp\/v2\/media\/16761"}],"wp:attachment":[{"href":"https:\/\/www.carseatsandparts.com\/fr\/wp-json\/wp\/v2\/media?parent=16756"}],"wp:term":[{"taxonomy":"product_brand","embeddable":true,"href":"https:\/\/www.carseatsandparts.com\/fr\/wp-json\/wp\/v2\/product_brand?post=16756"},{"taxonomy":"product_cat","embeddable":true,"href":"https:\/\/www.carseatsandparts.com\/fr\/wp-json\/wp\/v2\/product_cat?post=16756"},{"taxonomy":"product_tag","embeddable":true,"href":"https:\/\/www.carseatsandparts.com\/fr\/wp-json\/wp\/v2\/product_tag?post=16756"}],"curies":[{"name":"wp","href":"https:\/\/api.w.org\/{rel}","templated":true}]}}