{"id":16765,"date":"2025-05-27T11:32:40","date_gmt":"2025-05-27T09:32:40","guid":{"rendered":"https:\/\/www.carseatsandparts.com\/?post_type=product&#038;p=16765"},"modified":"2026-01-08T09:33:51","modified_gmt":"2026-01-08T08:33:51","slug":"sparco-evo-l-qrt-x","status":"publish","type":"product","link":"https:\/\/www.carseatsandparts.com\/fr\/product\/sparco-evo-l-qrt-x\/","title":{"rendered":"Sparco EVO L QRT X"},"content":{"rendered":"","protected":false},"excerpt":{"rendered":"Le Sparco Evo L QRT X est un si\u00e8ge sp\u00e9cialement con\u00e7u pour une utilisation hors piste. Les mat\u00e9riaux utilis\u00e9s sont imperm\u00e9ables et donc faciles \u00e0 nettoyer. Il est \u00e9quip\u00e9 d'un tissu antid\u00e9rapant sur le si\u00e8ge et autour des \u00e9paules. L'Evo L QRT X est une version l\u00e9g\u00e8rement plus grande de l'Evo QRT X et convient donc aux personnes plus grandes ou plus longues.\r\n\r\n<strong>FIA 8855-1999 approuv\u00e9<\/strong>","protected":false},"featured_media":16768,"comment_status":"open","ping_status":"closed","template":"","meta":{"_acf_changed":false},"product_brand":[2524],"product_cat":[2518,2519,2520],"product_tag":[2209,2523],"class_list":{"0":"post-16765","1":"product","2":"type-product","3":"status-publish","4":"has-post-thumbnail","6":"product_brand-sparco","7":"product_cat-motorsport","8":"product_cat-racekuipen","9":"product_cat-sparco","10":"product_tag-motorsport","11":"product_tag-sparco","12":"product_shipping_class-auto-stoelen","14":"first","15":"instock","16":"sale","17":"taxable","18":"shipping-taxable","19":"purchasable","20":"product-type-simple"},"composite_virtual":false,"composite_layout":"","composite_add_to_cart_form_location":"","composite_editable_in_cart":false,"composite_sold_individually_context":"","composite_shop_price_calc":"","composite_components":[],"composite_scenarios":[],"exclude_global_add_ons":[],"addons":[],"acf":[],"yoast_head":null,"yoast_head_json":null,"_links":{"self":[{"href":"https:\/\/www.carseatsandparts.com\/fr\/wp-json\/wp\/v2\/product\/16765","targetHints":{"allow":["GET"]}}],"collection":[{"href":"https:\/\/www.carseatsandparts.com\/fr\/wp-json\/wp\/v2\/product"}],"about":[{"href":"https:\/\/www.carseatsandparts.com\/fr\/wp-json\/wp\/v2\/types\/product"}],"replies":[{"embeddable":true,"href":"https:\/\/www.carseatsandparts.com\/fr\/wp-json\/wp\/v2\/comments?post=16765"}],"wp:featuredmedia":[{"embeddable":true,"href":"https:\/\/www.carseatsandparts.com\/fr\/wp-json\/wp\/v2\/media\/16768"}],"wp:attachment":[{"href":"https:\/\/www.carseatsandparts.com\/fr\/wp-json\/wp\/v2\/media?parent=16765"}],"wp:term":[{"taxonomy":"product_brand","embeddable":true,"href":"https:\/\/www.carseatsandparts.com\/fr\/wp-json\/wp\/v2\/product_brand?post=16765"},{"taxonomy":"product_cat","embeddable":true,"href":"https:\/\/www.carseatsandparts.com\/fr\/wp-json\/wp\/v2\/product_cat?post=16765"},{"taxonomy":"product_tag","embeddable":true,"href":"https:\/\/www.carseatsandparts.com\/fr\/wp-json\/wp\/v2\/product_tag?post=16765"}],"curies":[{"name":"wp","href":"https:\/\/api.w.org\/{rel}","templated":true}]}}