{"id":16773,"date":"2025-05-27T11:40:00","date_gmt":"2025-05-27T09:40:00","guid":{"rendered":"https:\/\/www.carseatsandparts.com\/?post_type=product&#038;p=16773"},"modified":"2026-01-08T09:34:48","modified_gmt":"2026-01-08T08:34:48","slug":"sparco-ultra","status":"publish","type":"product","link":"https:\/\/www.carseatsandparts.com\/fr\/product\/sparco-ultra\/","title":{"rendered":"Sparco Ultra"},"content":{"rendered":"","protected":false},"excerpt":{"rendered":"Met een gewicht van slechts 6,2 kg is de Ultra-zitting de lichtste glasvezel competitiezitting van Sparco. Het bestaat uit een dubbele schaalconstructie van glasvezel en heeft een ergonomische vorm die comfort biedt zonder dat er vulling of bekleding nodig is. De Ultra is ook Sparco&#8217;s smalste stoel, waardoor hij past in voertuigen met beperkte cockpitruimte.\r\n<ul>\r\n \t<li>Ultra lichtgewicht &#8211; slechts 6,2 kg<\/li>\r\n \t<li>Le design \u00e9troit s'adapte aux espaces restreints du cockpit<\/li>\r\n \t<li>Des supports lat\u00e9raux profonds et une base moul\u00e9e offrent un excellent soutien lat\u00e9ral et une protection en cas de collision lat\u00e9rale.<\/li>\r\n \t<li>De Sparco Ultra glasvezel stoel is ideaal voor auto&#8217;s met een kleine cockpit, zoals de Lotus Elise \/ Exige en Caterham. De zittingen zijn zijdelings bevestigd en passen op elke configuratie van het harnas.<\/li>\r\n<\/ul>\r\n<strong>FIA 8855-1999 approuv\u00e9.<\/strong>","protected":false},"featured_media":16778,"comment_status":"open","ping_status":"closed","template":"","meta":{"_acf_changed":false},"product_brand":[2524],"product_cat":[2518,2519,2520],"product_tag":[2209,2523],"class_list":{"0":"post-16773","1":"product","2":"type-product","3":"status-publish","4":"has-post-thumbnail","6":"product_brand-sparco","7":"product_cat-motorsport","8":"product_cat-racekuipen","9":"product_cat-sparco","10":"product_tag-motorsport","11":"product_tag-sparco","12":"product_shipping_class-auto-stoelen","14":"first","15":"instock","16":"sale","17":"taxable","18":"shipping-taxable","19":"purchasable","20":"product-type-simple"},"composite_virtual":false,"composite_layout":"","composite_add_to_cart_form_location":"","composite_editable_in_cart":false,"composite_sold_individually_context":"","composite_shop_price_calc":"","composite_components":[],"composite_scenarios":[],"exclude_global_add_ons":[],"addons":[],"acf":[],"yoast_head":null,"yoast_head_json":null,"_links":{"self":[{"href":"https:\/\/www.carseatsandparts.com\/fr\/wp-json\/wp\/v2\/product\/16773","targetHints":{"allow":["GET"]}}],"collection":[{"href":"https:\/\/www.carseatsandparts.com\/fr\/wp-json\/wp\/v2\/product"}],"about":[{"href":"https:\/\/www.carseatsandparts.com\/fr\/wp-json\/wp\/v2\/types\/product"}],"replies":[{"embeddable":true,"href":"https:\/\/www.carseatsandparts.com\/fr\/wp-json\/wp\/v2\/comments?post=16773"}],"wp:featuredmedia":[{"embeddable":true,"href":"https:\/\/www.carseatsandparts.com\/fr\/wp-json\/wp\/v2\/media\/16778"}],"wp:attachment":[{"href":"https:\/\/www.carseatsandparts.com\/fr\/wp-json\/wp\/v2\/media?parent=16773"}],"wp:term":[{"taxonomy":"product_brand","embeddable":true,"href":"https:\/\/www.carseatsandparts.com\/fr\/wp-json\/wp\/v2\/product_brand?post=16773"},{"taxonomy":"product_cat","embeddable":true,"href":"https:\/\/www.carseatsandparts.com\/fr\/wp-json\/wp\/v2\/product_cat?post=16773"},{"taxonomy":"product_tag","embeddable":true,"href":"https:\/\/www.carseatsandparts.com\/fr\/wp-json\/wp\/v2\/product_tag?post=16773"}],"curies":[{"name":"wp","href":"https:\/\/api.w.org\/{rel}","templated":true}]}}