{"id":16785,"date":"2025-05-27T11:48:11","date_gmt":"2025-05-27T09:48:11","guid":{"rendered":"https:\/\/www.carseatsandparts.com\/?post_type=product&#038;p=16785"},"modified":"2026-01-08T09:35:30","modified_gmt":"2026-01-08T08:35:30","slug":"sparco-pro-2000-qrt","status":"publish","type":"product","link":"https:\/\/www.carseatsandparts.com\/fr\/product\/sparco-pro-2000-qrt\/","title":{"rendered":"Sparco Pro 2000 QRT"},"content":{"rendered":"","protected":false},"excerpt":{"rendered":"Cette derni\u00e8re version du tr\u00e8s populaire si\u00e8ge Pro 2000 de Sparco b\u00e9n\u00e9ficie d\u00e9sormais du processus de fabrication QRT (Quick Resin Tech), ce qui se traduit par une r\u00e9duction significative du poids sans compromettre la rigidit\u00e9 ou la s\u00e9curit\u00e9.\r\n<ul>\r\n \t<li>Processus de fabrication QRT pour une r\u00e9duction significative du poids (seulement 8 kg)<\/li>\r\n \t<li>Conception \u00e9prouv\u00e9e utilis\u00e9e par de nombreux champions depuis 1995<\/li>\r\n \t<li>Coussins lat\u00e9raux mobiles pour un soutien et un confort personnalis\u00e9sLes supports lat\u00e9raux profonds et le coussin bas maintiennent les jambes \u00e0 l'int\u00e9rieur du cadre pour une plus grande s\u00e9curit\u00e9<\/li>\r\n<\/ul>\r\nLe si\u00e8ge Pro 2000 de Sparco a ouvert la voie depuis 1995 et est maintenant encore meilleur gr\u00e2ce au processus de fabrication QRT. Ce proc\u00e9d\u00e9 a permis de r\u00e9duire le poids du si\u00e8ge de 1,1 kg par rapport au mod\u00e8le pr\u00e9c\u00e9dent. Un mat\u00e9riau antid\u00e9rapant a \u00e9t\u00e9 utilis\u00e9 sur les \u00e9paules et le coussin de base pour vous maintenir fermement en place, et les supports lat\u00e9raux profonds offrent un excellent soutien lat\u00e9ral. Le si\u00e8ge l\u00e9g\u00e8rement plus grand par rapport aux autres mod\u00e8les le rend plus confortable et plus adapt\u00e9 aux pilotes de rallye. Il peut \u00eatre mont\u00e9 sur le c\u00f4t\u00e9 ou sur la base et est compatible avec tous les types de dispositifs et de harnais FHR.\r\n<strong>FIA 8855-1999 approuv\u00e9<\/strong>","protected":false},"featured_media":16789,"comment_status":"open","ping_status":"closed","template":"","meta":{"_acf_changed":false},"product_brand":[2524],"product_cat":[2518,2519,2520],"product_tag":[2209,2523],"class_list":{"0":"post-16785","1":"product","2":"type-product","3":"status-publish","4":"has-post-thumbnail","6":"product_brand-sparco","7":"product_cat-motorsport","8":"product_cat-racekuipen","9":"product_cat-sparco","10":"product_tag-motorsport","11":"product_tag-sparco","12":"product_shipping_class-auto-stoelen","14":"first","15":"instock","16":"sale","17":"taxable","18":"shipping-taxable","19":"purchasable","20":"product-type-simple"},"composite_virtual":false,"composite_layout":"","composite_add_to_cart_form_location":"","composite_editable_in_cart":false,"composite_sold_individually_context":"","composite_shop_price_calc":"","composite_components":[],"composite_scenarios":[],"exclude_global_add_ons":[],"addons":[],"acf":[],"yoast_head":null,"yoast_head_json":null,"_links":{"self":[{"href":"https:\/\/www.carseatsandparts.com\/fr\/wp-json\/wp\/v2\/product\/16785","targetHints":{"allow":["GET"]}}],"collection":[{"href":"https:\/\/www.carseatsandparts.com\/fr\/wp-json\/wp\/v2\/product"}],"about":[{"href":"https:\/\/www.carseatsandparts.com\/fr\/wp-json\/wp\/v2\/types\/product"}],"replies":[{"embeddable":true,"href":"https:\/\/www.carseatsandparts.com\/fr\/wp-json\/wp\/v2\/comments?post=16785"}],"wp:featuredmedia":[{"embeddable":true,"href":"https:\/\/www.carseatsandparts.com\/fr\/wp-json\/wp\/v2\/media\/16789"}],"wp:attachment":[{"href":"https:\/\/www.carseatsandparts.com\/fr\/wp-json\/wp\/v2\/media?parent=16785"}],"wp:term":[{"taxonomy":"product_brand","embeddable":true,"href":"https:\/\/www.carseatsandparts.com\/fr\/wp-json\/wp\/v2\/product_brand?post=16785"},{"taxonomy":"product_cat","embeddable":true,"href":"https:\/\/www.carseatsandparts.com\/fr\/wp-json\/wp\/v2\/product_cat?post=16785"},{"taxonomy":"product_tag","embeddable":true,"href":"https:\/\/www.carseatsandparts.com\/fr\/wp-json\/wp\/v2\/product_tag?post=16785"}],"curies":[{"name":"wp","href":"https:\/\/api.w.org\/{rel}","templated":true}]}}