{"id":16809,"date":"2025-05-27T15:57:45","date_gmt":"2025-05-27T13:57:45","guid":{"rendered":"https:\/\/www.carseatsandparts.com\/?post_type=product&#038;p=16809"},"modified":"2026-01-08T09:37:03","modified_gmt":"2026-01-08T08:37:03","slug":"sparco-spx","status":"publish","type":"product","link":"https:\/\/www.carseatsandparts.com\/fr\/produit\/sparco-spx\/","title":{"rendered":"Sparco SPX"},"content":{"rendered":"","protected":false},"excerpt":{"rendered":"Le Sparco SPX est un si\u00e8ge baquet en fibre de carbone fabriqu\u00e9 avec la m\u00eame technologie et les m\u00eames mat\u00e9riaux que ceux utilis\u00e9s dans les voitures super sportives d'origine. L'utilisation de la fibre de carbone et d'autres mat\u00e9riaux composites avanc\u00e9s rend le SPX ultra-l\u00e9ger et super-r\u00e9sistant, et il est tr\u00e8s esth\u00e9tique.\r\n\r\n<strong>Caract\u00e9ristiques principales :<\/strong>\r\n<ul>\r\n \t<li>Fabriqu\u00e9s selon les m\u00eames m\u00e9thodes que les si\u00e8ges super sportifs OEM<\/li>\r\n \t<li>Construit avec des mat\u00e9riaux de haute qualit\u00e9<\/li>\r\n \t<li>Dossier r\u00e9glable avec micro-r\u00e9glage pour une position de conduite parfaite<\/li>\r\n \t<li>Supports lat\u00e9raux et de jambes profonds pour un meilleur soutien lors d'une conduite sportive<\/li>\r\n<\/ul>\r\n&nbsp;\r\n\r\nDe Sparco SPX-stoel heeft een buitenbekleding van glad Italiaans leer met een Alcantara-middenstuk om te voorkomen dat je in de stoel wegglijdt. De achterste buitenkant van de stoel is afgewerkt met glanzende koolstofvezel, wat zorgt voor een echte motorsportuitstraling. De stoelen zijn met de hand gestikt met &#8217;tone on tone&#8217; zwarte stiksels voor een uitstekende professionele afwerking. Verkrijgbaar in zowel linker- als rechterhandversies.","protected":false},"featured_media":16813,"comment_status":"open","ping_status":"closed","template":"","meta":{"_acf_changed":false},"product_brand":[2524],"product_cat":[108,112,2520],"product_tag":[2209,2523],"class_list":{"0":"post-16809","1":"product","2":"type-product","3":"status-publish","4":"has-post-thumbnail","6":"product_brand-sparco","7":"product_cat-autostoelen","8":"product_cat-nieuwe-autostoelen","9":"product_cat-sparco","10":"product_tag-motorsport","11":"product_tag-sparco","12":"product_shipping_class-auto-stoelen","14":"first","15":"instock","16":"sale","17":"taxable","18":"shipping-taxable","19":"purchasable","20":"product-type-simple"},"composite_virtual":false,"composite_layout":"","composite_add_to_cart_form_location":"","composite_editable_in_cart":false,"composite_sold_individually_context":"","composite_shop_price_calc":"","composite_components":[],"composite_scenarios":[],"exclude_global_add_ons":[],"addons":[],"acf":[],"yoast_head":null,"yoast_head_json":null,"_links":{"self":[{"href":"https:\/\/www.carseatsandparts.com\/fr\/wp-json\/wp\/v2\/product\/16809","targetHints":{"allow":["GET"]}}],"collection":[{"href":"https:\/\/www.carseatsandparts.com\/fr\/wp-json\/wp\/v2\/product"}],"about":[{"href":"https:\/\/www.carseatsandparts.com\/fr\/wp-json\/wp\/v2\/types\/product"}],"replies":[{"embeddable":true,"href":"https:\/\/www.carseatsandparts.com\/fr\/wp-json\/wp\/v2\/comments?post=16809"}],"wp:featuredmedia":[{"embeddable":true,"href":"https:\/\/www.carseatsandparts.com\/fr\/wp-json\/wp\/v2\/media\/16813"}],"wp:attachment":[{"href":"https:\/\/www.carseatsandparts.com\/fr\/wp-json\/wp\/v2\/media?parent=16809"}],"wp:term":[{"taxonomy":"product_brand","embeddable":true,"href":"https:\/\/www.carseatsandparts.com\/fr\/wp-json\/wp\/v2\/product_brand?post=16809"},{"taxonomy":"product_cat","embeddable":true,"href":"https:\/\/www.carseatsandparts.com\/fr\/wp-json\/wp\/v2\/product_cat?post=16809"},{"taxonomy":"product_tag","embeddable":true,"href":"https:\/\/www.carseatsandparts.com\/fr\/wp-json\/wp\/v2\/product_tag?post=16809"}],"curies":[{"name":"wp","href":"https:\/\/api.w.org\/{rel}","templated":true}]}}