{"id":16821,"date":"2025-05-27T16:06:25","date_gmt":"2025-05-27T14:06:25","guid":{"rendered":"https:\/\/www.carseatsandparts.com\/?post_type=product&#038;p=16821"},"modified":"2026-01-08T09:37:52","modified_gmt":"2026-01-08T08:37:52","slug":"sparco-r500-torino","status":"publish","type":"product","link":"https:\/\/www.carseatsandparts.com\/fr\/product\/sparco-r500-torino\/","title":{"rendered":"Sparco R500 Torino"},"content":{"rendered":"","protected":false},"excerpt":{"rendered":"De nieuwe Sparco R500 Stoel &#8211; een facelift van de iconische Torino stoel. Een stoffen stoel met een buisvormig frame. De stoel heeft aan beide kanten een hendel om de rugleuning te verstellen, 3D-stof en OEM-schuim.\r\n<ul>\r\n \t<li>Fixation en bas avec des vis M8 \u00e0 un entraxe de 271 x 345 mm.<\/li>\r\n \t<li>Le lifting de l'embl\u00e9matique chaise Torino.<\/li>\r\n \t<li>Cadre tubulaire.<\/li>\r\n \t<li>Levier de r\u00e9glage du dossier des deux c\u00f4t\u00e9s du si\u00e8ge<\/li>\r\n<\/ul>","protected":false},"featured_media":16826,"comment_status":"open","ping_status":"closed","template":"","meta":{"_acf_changed":false},"product_brand":[2524],"product_cat":[108,112,2520],"product_tag":[2209,2523],"class_list":{"0":"post-16821","1":"product","2":"type-product","3":"status-publish","4":"has-post-thumbnail","6":"product_brand-sparco","7":"product_cat-autostoelen","8":"product_cat-nieuwe-autostoelen","9":"product_cat-sparco","10":"product_tag-motorsport","11":"product_tag-sparco","12":"product_shipping_class-auto-stoelen","14":"first","15":"instock","16":"sale","17":"taxable","18":"shipping-taxable","19":"purchasable","20":"product-type-simple"},"composite_virtual":false,"composite_layout":"","composite_add_to_cart_form_location":"","composite_editable_in_cart":false,"composite_sold_individually_context":"","composite_shop_price_calc":"","composite_components":[],"composite_scenarios":[],"exclude_global_add_ons":[],"addons":[],"acf":[],"yoast_head":null,"yoast_head_json":null,"_links":{"self":[{"href":"https:\/\/www.carseatsandparts.com\/fr\/wp-json\/wp\/v2\/product\/16821","targetHints":{"allow":["GET"]}}],"collection":[{"href":"https:\/\/www.carseatsandparts.com\/fr\/wp-json\/wp\/v2\/product"}],"about":[{"href":"https:\/\/www.carseatsandparts.com\/fr\/wp-json\/wp\/v2\/types\/product"}],"replies":[{"embeddable":true,"href":"https:\/\/www.carseatsandparts.com\/fr\/wp-json\/wp\/v2\/comments?post=16821"}],"wp:featuredmedia":[{"embeddable":true,"href":"https:\/\/www.carseatsandparts.com\/fr\/wp-json\/wp\/v2\/media\/16826"}],"wp:attachment":[{"href":"https:\/\/www.carseatsandparts.com\/fr\/wp-json\/wp\/v2\/media?parent=16821"}],"wp:term":[{"taxonomy":"product_brand","embeddable":true,"href":"https:\/\/www.carseatsandparts.com\/fr\/wp-json\/wp\/v2\/product_brand?post=16821"},{"taxonomy":"product_cat","embeddable":true,"href":"https:\/\/www.carseatsandparts.com\/fr\/wp-json\/wp\/v2\/product_cat?post=16821"},{"taxonomy":"product_tag","embeddable":true,"href":"https:\/\/www.carseatsandparts.com\/fr\/wp-json\/wp\/v2\/product_tag?post=16821"}],"curies":[{"name":"wp","href":"https:\/\/api.w.org\/{rel}","templated":true}]}}