{"id":16845,"date":"2025-05-27T16:27:26","date_gmt":"2025-05-27T14:27:26","guid":{"rendered":"https:\/\/www.carseatsandparts.com\/?post_type=product&#038;p=16845"},"modified":"2026-01-08T09:39:18","modified_gmt":"2026-01-08T08:39:18","slug":"sparco-r100-sky","status":"publish","type":"product","link":"https:\/\/www.carseatsandparts.com\/fr\/product\/sparco-r100-sky\/","title":{"rendered":"Sparco R100 Sky"},"content":{"rendered":"","protected":false},"excerpt":{"rendered":"Deze nieuwste editie R100 Sky-zitting van Sparco met verbeterde ergonomie is licht, compact en geschikt voor de meeste auto&#8217;s. Hij is gebouwd voor comfort en ondersteuning, maar dankzij de lagere zijsteunen en het iets smallere stalen frame past hij in auto&#8217;s waar zittingen met grotere zijsteunen moeilijk te monteren zijn.\r\n<ul>\r\n \t<li>Double levier r\u00e9glable pour un basculement rapide<\/li>\r\n \t<li>Compatible avec les ceintures \u00e0 4 points<\/li>\r\n \t<li>Le rev\u00eatement en cuir synth\u00e9tique offre une surface facile \u00e0 nettoyer.<\/li>\r\n<\/ul>\r\nDe zitting is voorzien van gordelsleuven in de rugleuning, zodat hij gebruikt kan worden met een racegordel of een normale veiligheidsgordel. Een hoog kwaliteit verstelmechanisme voor een soepele en gemakkelijke verstelling en Sparco&#8217;s kunstlederen bekleding die er geweldig uitziet en een klasse boven zijn prijsklasse uitsteekt.\r\n\r\nDe Sparco R100 Sky zitting is in de basis gemonteerd en is ontworpen om te worden bevestigd met Sparco voertuigspecifieke zittingbevestigingen\r\n\r\nVerbeterde ergonomie","protected":false},"featured_media":16847,"comment_status":"open","ping_status":"closed","template":"","meta":{"_acf_changed":false},"product_brand":[2524],"product_cat":[108,112,2520],"product_tag":[2209,2523],"class_list":{"0":"post-16845","1":"product","2":"type-product","3":"status-publish","4":"has-post-thumbnail","6":"product_brand-sparco","7":"product_cat-autostoelen","8":"product_cat-nieuwe-autostoelen","9":"product_cat-sparco","10":"product_tag-motorsport","11":"product_tag-sparco","12":"product_shipping_class-auto-stoelen","14":"first","15":"instock","16":"sale","17":"taxable","18":"shipping-taxable","19":"purchasable","20":"product-type-simple"},"composite_virtual":false,"composite_layout":"","composite_add_to_cart_form_location":"","composite_editable_in_cart":false,"composite_sold_individually_context":"","composite_shop_price_calc":"","composite_components":[],"composite_scenarios":[],"exclude_global_add_ons":[],"addons":[],"acf":[],"yoast_head":null,"yoast_head_json":null,"_links":{"self":[{"href":"https:\/\/www.carseatsandparts.com\/fr\/wp-json\/wp\/v2\/product\/16845","targetHints":{"allow":["GET"]}}],"collection":[{"href":"https:\/\/www.carseatsandparts.com\/fr\/wp-json\/wp\/v2\/product"}],"about":[{"href":"https:\/\/www.carseatsandparts.com\/fr\/wp-json\/wp\/v2\/types\/product"}],"replies":[{"embeddable":true,"href":"https:\/\/www.carseatsandparts.com\/fr\/wp-json\/wp\/v2\/comments?post=16845"}],"wp:featuredmedia":[{"embeddable":true,"href":"https:\/\/www.carseatsandparts.com\/fr\/wp-json\/wp\/v2\/media\/16847"}],"wp:attachment":[{"href":"https:\/\/www.carseatsandparts.com\/fr\/wp-json\/wp\/v2\/media?parent=16845"}],"wp:term":[{"taxonomy":"product_brand","embeddable":true,"href":"https:\/\/www.carseatsandparts.com\/fr\/wp-json\/wp\/v2\/product_brand?post=16845"},{"taxonomy":"product_cat","embeddable":true,"href":"https:\/\/www.carseatsandparts.com\/fr\/wp-json\/wp\/v2\/product_cat?post=16845"},{"taxonomy":"product_tag","embeddable":true,"href":"https:\/\/www.carseatsandparts.com\/fr\/wp-json\/wp\/v2\/product_tag?post=16845"}],"curies":[{"name":"wp","href":"https:\/\/api.w.org\/{rel}","templated":true}]}}