{"id":16848,"date":"2025-05-27T16:32:16","date_gmt":"2025-05-27T14:32:16","guid":{"rendered":"https:\/\/www.carseatsandparts.com\/?post_type=product&#038;p=16848"},"modified":"2026-03-27T22:37:36","modified_gmt":"2026-03-27T21:37:36","slug":"sparco-r100","status":"publish","type":"product","link":"https:\/\/www.carseatsandparts.com\/fr\/produit\/sparco-r100\/","title":{"rendered":"Sparco R100"},"content":{"rendered":"","protected":false},"excerpt":{"rendered":"La derni\u00e8re \u00e9dition du si\u00e8ge Sparco R100 pr\u00e9sente une ergonomie am\u00e9lior\u00e9e, ce qui en fait une option l\u00e9g\u00e8re, compacte et polyvalente convenant \u00e0 la plupart des voitures. Ce si\u00e8ge a \u00e9t\u00e9 con\u00e7u dans un souci de confort et de soutien, avec des supports lat\u00e9raux plus bas et un cadre en acier l\u00e9g\u00e8rement plus \u00e9troit, ce qui lui permet de s'adapter aux v\u00e9hicules o\u00f9 l'installation de si\u00e8ges avec des supports lat\u00e9raux plus larges peut s'av\u00e9rer difficile.\r\n\r\n<strong>Caract\u00e9ristiques principales :<\/strong>\r\n<ul>\r\n \t<li>Double levier r\u00e9glable pour un basculement rapide<\/li>\r\n \t<li>Compatible avec les harnais 3 et 4 points<\/li>\r\n \t<li>Tissu 3D pour un meilleur confort et une meilleure respirabilit\u00e9<\/li>\r\n<\/ul>\r\nLe si\u00e8ge comporte des fentes pour la fixation d'un harnais dans le dossier, de sorte qu'il peut \u00eatre utilis\u00e9 avec un harnais de course ou une ceinture de s\u00e9curit\u00e9 normale. Il est \u00e9galement dot\u00e9 d'un m\u00e9canisme d'inclinaison de haute qualit\u00e9 pour des r\u00e9glages faciles et en douceur, et est livr\u00e9 avec un rev\u00eatement contrast\u00e9 dans un choix de couleurs.\r\n\r\nLe si\u00e8ge Sparco R100 est con\u00e7u pour \u00eatre mont\u00e9 \u00e0 la base et doit \u00eatre install\u00e9 \u00e0 l'aide des fixations de si\u00e8ge Sparco sp\u00e9cifiques au v\u00e9hicule.","protected":false},"featured_media":16854,"comment_status":"open","ping_status":"closed","template":"","meta":{"_acf_changed":false},"product_brand":[2524],"product_cat":[108,112,2520],"product_tag":[2209,2523],"class_list":{"0":"post-16848","1":"product","2":"type-product","3":"status-publish","4":"has-post-thumbnail","6":"product_brand-sparco","7":"product_cat-autostoelen","8":"product_cat-nieuwe-autostoelen","9":"product_cat-sparco","10":"product_tag-motorsport","11":"product_tag-sparco","12":"product_shipping_class-auto-stoelen","14":"first","15":"instock","16":"sale","17":"taxable","18":"shipping-taxable","19":"purchasable","20":"product-type-simple"},"composite_virtual":false,"composite_layout":"","composite_add_to_cart_form_location":"","composite_editable_in_cart":false,"composite_sold_individually_context":"","composite_shop_price_calc":"","composite_components":[],"composite_scenarios":[],"exclude_global_add_ons":[],"addons":[],"acf":[],"yoast_head":null,"yoast_head_json":null,"_links":{"self":[{"href":"https:\/\/www.carseatsandparts.com\/fr\/wp-json\/wp\/v2\/product\/16848","targetHints":{"allow":["GET"]}}],"collection":[{"href":"https:\/\/www.carseatsandparts.com\/fr\/wp-json\/wp\/v2\/product"}],"about":[{"href":"https:\/\/www.carseatsandparts.com\/fr\/wp-json\/wp\/v2\/types\/product"}],"replies":[{"embeddable":true,"href":"https:\/\/www.carseatsandparts.com\/fr\/wp-json\/wp\/v2\/comments?post=16848"}],"wp:featuredmedia":[{"embeddable":true,"href":"https:\/\/www.carseatsandparts.com\/fr\/wp-json\/wp\/v2\/media\/16854"}],"wp:attachment":[{"href":"https:\/\/www.carseatsandparts.com\/fr\/wp-json\/wp\/v2\/media?parent=16848"}],"wp:term":[{"taxonomy":"product_brand","embeddable":true,"href":"https:\/\/www.carseatsandparts.com\/fr\/wp-json\/wp\/v2\/product_brand?post=16848"},{"taxonomy":"product_cat","embeddable":true,"href":"https:\/\/www.carseatsandparts.com\/fr\/wp-json\/wp\/v2\/product_cat?post=16848"},{"taxonomy":"product_tag","embeddable":true,"href":"https:\/\/www.carseatsandparts.com\/fr\/wp-json\/wp\/v2\/product_tag?post=16848"}],"curies":[{"name":"wp","href":"https:\/\/api.w.org\/{rel}","templated":true}]}}