{"id":16863,"date":"2025-06-02T14:19:23","date_gmt":"2025-06-02T12:19:23","guid":{"rendered":"https:\/\/www.carseatsandparts.com\/?post_type=product&#038;p=16863"},"modified":"2026-01-01T23:00:11","modified_gmt":"2026-01-01T22:00:11","slug":"recaro-autostoelen-vw-golf-6-r-leder-zwart","status":"publish","type":"product","link":"https:\/\/www.carseatsandparts.com\/fr\/product\/recaro-autostoelen-vw-golf-6-r-leder-zwart\/","title":{"rendered":"RECARO Si\u00e8ges auto VW Golf 6 R Cuir Noir"},"content":{"rendered":"","protected":false},"excerpt":{"rendered":"Si\u00e8ges auto RECARO pour la Volkswagen Golf 6 R en cuir noir, pr\u00eats \u00e0 \u00eatre install\u00e9s dans la Golf 6. Les si\u00e8ges sont d'occasion et pr\u00e9sentent de l\u00e9gers dommages. Ceux-ci sont tous montr\u00e9s dans les photos.\r\n\r\nCaract\u00e9ristiques : dossier rabattable, r\u00e9glage manuel de la hauteur, glissi\u00e8res manuelles et r\u00e9glage manuel du dossier. Les airbags lat\u00e9raux d'origine sont toujours pr\u00e9sents dans cet ensemble.","protected":false},"featured_media":16875,"comment_status":"open","ping_status":"closed","template":"","meta":{"_acf_changed":false},"product_brand":[1284,1294],"product_cat":[108,1359,1355],"product_tag":[2259,946,973],"class_list":{"0":"post-16863","1":"product","2":"type-product","3":"status-publish","4":"has-post-thumbnail","6":"product_brand-recaro","7":"product_brand-volkswagen","8":"product_cat-autostoelen","9":"product_cat-recaro","10":"product_cat-volkswagen","11":"product_tag-golf-6-r","12":"product_tag-recaro","13":"product_tag-volkswagen","14":"product_shipping_class-auto-interieurs","16":"first","17":"instock","18":"taxable","19":"shipping-taxable","20":"purchasable","21":"product-type-simple"},"composite_virtual":false,"composite_layout":"","composite_add_to_cart_form_location":"","composite_editable_in_cart":false,"composite_sold_individually_context":"","composite_shop_price_calc":"","composite_components":[],"composite_scenarios":[],"exclude_global_add_ons":[],"addons":[],"acf":[],"yoast_head":null,"yoast_head_json":null,"_links":{"self":[{"href":"https:\/\/www.carseatsandparts.com\/fr\/wp-json\/wp\/v2\/product\/16863","targetHints":{"allow":["GET"]}}],"collection":[{"href":"https:\/\/www.carseatsandparts.com\/fr\/wp-json\/wp\/v2\/product"}],"about":[{"href":"https:\/\/www.carseatsandparts.com\/fr\/wp-json\/wp\/v2\/types\/product"}],"replies":[{"embeddable":true,"href":"https:\/\/www.carseatsandparts.com\/fr\/wp-json\/wp\/v2\/comments?post=16863"}],"wp:featuredmedia":[{"embeddable":true,"href":"https:\/\/www.carseatsandparts.com\/fr\/wp-json\/wp\/v2\/media\/16875"}],"wp:attachment":[{"href":"https:\/\/www.carseatsandparts.com\/fr\/wp-json\/wp\/v2\/media?parent=16863"}],"wp:term":[{"taxonomy":"product_brand","embeddable":true,"href":"https:\/\/www.carseatsandparts.com\/fr\/wp-json\/wp\/v2\/product_brand?post=16863"},{"taxonomy":"product_cat","embeddable":true,"href":"https:\/\/www.carseatsandparts.com\/fr\/wp-json\/wp\/v2\/product_cat?post=16863"},{"taxonomy":"product_tag","embeddable":true,"href":"https:\/\/www.carseatsandparts.com\/fr\/wp-json\/wp\/v2\/product_tag?post=16863"}],"curies":[{"name":"wp","href":"https:\/\/api.w.org\/{rel}","templated":true}]}}