{"id":16954,"date":"2025-06-17T11:08:16","date_gmt":"2025-06-17T09:08:16","guid":{"rendered":"https:\/\/www.carseatsandparts.com\/?post_type=product&#038;p=16954"},"modified":"2026-01-08T09:41:09","modified_gmt":"2026-01-08T08:41:09","slug":"zijmontageframes-voor-master","status":"publish","type":"product","link":"https:\/\/www.carseatsandparts.com\/fr\/produit\/zijmontageframes-voor-master\/","title":{"rendered":"Cadres de montage lat\u00e9raux pour Master"},"content":{"rendered":"","protected":false},"excerpt":{"rendered":"Ces supports lat\u00e9raux solides et robustes sont sp\u00e9cialement con\u00e7us pour le si\u00e8ge Sparco Master. Ces supports sont n\u00e9cessaires pour monter le si\u00e8ge conform\u00e9ment \u00e0 l'homologation FIA 8855-2021.\r\n<ul>\r\n \t<li>Sp\u00e9cifique pour le si\u00e8ge Sparco Master<\/li>\r\n \t<li>Conforme \u00e0 la r\u00e9glementation FIA 8855-2021<\/li>\r\n \t<li>Construction ultra-r\u00e9sistante<\/li>\r\n<\/ul>\r\n&nbsp;\r\n\r\nLes supports lat\u00e9raux sont vendus par paire pour le montage d'une selle.","protected":false},"featured_media":16955,"comment_status":"open","ping_status":"closed","template":"","meta":{"_acf_changed":false},"product_brand":[2524],"product_cat":[2822,2518,2520],"product_tag":[1424,2523],"class_list":{"0":"post-16954","1":"product","2":"type-product","3":"status-publish","4":"has-post-thumbnail","6":"product_brand-sparco","7":"product_cat-accessoires-motorsport","8":"product_cat-motorsport","9":"product_cat-sparco","10":"product_tag-adapter","11":"product_tag-sparco","12":"product_shipping_class-onderdelen-zijwang","14":"first","15":"instock","16":"sale","17":"taxable","18":"shipping-taxable","19":"purchasable","20":"product-type-simple"},"composite_virtual":false,"composite_layout":"","composite_add_to_cart_form_location":"","composite_editable_in_cart":false,"composite_sold_individually_context":"","composite_shop_price_calc":"","composite_components":[],"composite_scenarios":[],"exclude_global_add_ons":[],"addons":[],"acf":[],"yoast_head":null,"yoast_head_json":null,"_links":{"self":[{"href":"https:\/\/www.carseatsandparts.com\/fr\/wp-json\/wp\/v2\/product\/16954","targetHints":{"allow":["GET"]}}],"collection":[{"href":"https:\/\/www.carseatsandparts.com\/fr\/wp-json\/wp\/v2\/product"}],"about":[{"href":"https:\/\/www.carseatsandparts.com\/fr\/wp-json\/wp\/v2\/types\/product"}],"replies":[{"embeddable":true,"href":"https:\/\/www.carseatsandparts.com\/fr\/wp-json\/wp\/v2\/comments?post=16954"}],"wp:featuredmedia":[{"embeddable":true,"href":"https:\/\/www.carseatsandparts.com\/fr\/wp-json\/wp\/v2\/media\/16955"}],"wp:attachment":[{"href":"https:\/\/www.carseatsandparts.com\/fr\/wp-json\/wp\/v2\/media?parent=16954"}],"wp:term":[{"taxonomy":"product_brand","embeddable":true,"href":"https:\/\/www.carseatsandparts.com\/fr\/wp-json\/wp\/v2\/product_brand?post=16954"},{"taxonomy":"product_cat","embeddable":true,"href":"https:\/\/www.carseatsandparts.com\/fr\/wp-json\/wp\/v2\/product_cat?post=16954"},{"taxonomy":"product_tag","embeddable":true,"href":"https:\/\/www.carseatsandparts.com\/fr\/wp-json\/wp\/v2\/product_tag?post=16954"}],"curies":[{"name":"wp","href":"https:\/\/api.w.org\/{rel}","templated":true}]}}