{"id":16977,"date":"2025-06-23T09:35:06","date_gmt":"2025-06-23T07:35:06","guid":{"rendered":"https:\/\/www.carseatsandparts.com\/?post_type=product&#038;p=16977"},"modified":"2026-04-01T16:42:14","modified_gmt":"2026-04-01T14:42:14","slug":"interieur-vw-golf-8-gti-clubsport-alcantara-grijs-honingraat-rode-strepen","status":"publish","type":"product","link":"https:\/\/www.carseatsandparts.com\/fr\/produit\/interieur-vw-golf-8-gti-clubsport-alcantara-grijs-honingraat-rode-strepen\/","title":{"rendered":"Int\u00e9rieur VW Golf 8 GTI Clubsport Alcantara gris nid d'abeille\/bandes rouges"},"content":{"rendered":"","protected":false},"excerpt":{"rendered":"Int\u00e9rieur Volkswagen 8 GTI Clubsport fini dans une combinaison d'Alcantara gris avec un motif int\u00e9rieur miel ray\u00e9 en rouge. Installation plug and play dans une Golf 8, l'int\u00e9rieur provient d'une voiture de d\u00e9monstration et est comme neuf \u00e0 l'exception de quelques dommages mineurs.\r\n\r\nCaract\u00e9ristiques : dossier rabattable, r\u00e9glage manuel de la hauteur, chauffage, soutien lombaire manuel et r\u00e9glage manuel du dossier. Cet int\u00e9rieur comprend \u00e9galement les airbags et les ceintures de s\u00e9curit\u00e9.","protected":false},"featured_media":16986,"comment_status":"open","ping_status":"closed","template":"","meta":{"_acf_changed":false},"product_brand":[],"product_cat":[115],"product_tag":[982,974,972,975,973],"class_list":{"0":"post-16977","1":"product","2":"type-product","3":"status-publish","4":"has-post-thumbnail","6":"product_cat-demo-interieurs","7":"product_tag-982","8":"product_tag-golf-8","9":"product_tag-interieur","10":"product_tag-mk8","11":"product_tag-volkswagen","12":"product_shipping_class-auto-interieurs","14":"first","15":"instock","16":"taxable","17":"shipping-taxable","18":"purchasable","19":"product-type-simple"},"composite_virtual":false,"composite_layout":"","composite_add_to_cart_form_location":"","composite_editable_in_cart":false,"composite_sold_individually_context":"","composite_shop_price_calc":"","composite_components":[],"composite_scenarios":[],"exclude_global_add_ons":[],"addons":[],"acf":[],"yoast_head":null,"yoast_head_json":null,"_links":{"self":[{"href":"https:\/\/www.carseatsandparts.com\/fr\/wp-json\/wp\/v2\/product\/16977","targetHints":{"allow":["GET"]}}],"collection":[{"href":"https:\/\/www.carseatsandparts.com\/fr\/wp-json\/wp\/v2\/product"}],"about":[{"href":"https:\/\/www.carseatsandparts.com\/fr\/wp-json\/wp\/v2\/types\/product"}],"replies":[{"embeddable":true,"href":"https:\/\/www.carseatsandparts.com\/fr\/wp-json\/wp\/v2\/comments?post=16977"}],"wp:featuredmedia":[{"embeddable":true,"href":"https:\/\/www.carseatsandparts.com\/fr\/wp-json\/wp\/v2\/media\/16986"}],"wp:attachment":[{"href":"https:\/\/www.carseatsandparts.com\/fr\/wp-json\/wp\/v2\/media?parent=16977"}],"wp:term":[{"taxonomy":"product_brand","embeddable":true,"href":"https:\/\/www.carseatsandparts.com\/fr\/wp-json\/wp\/v2\/product_brand?post=16977"},{"taxonomy":"product_cat","embeddable":true,"href":"https:\/\/www.carseatsandparts.com\/fr\/wp-json\/wp\/v2\/product_cat?post=16977"},{"taxonomy":"product_tag","embeddable":true,"href":"https:\/\/www.carseatsandparts.com\/fr\/wp-json\/wp\/v2\/product_tag?post=16977"}],"curies":[{"name":"wp","href":"https:\/\/api.w.org\/{rel}","templated":true}]}}