{"id":17038,"date":"2025-06-23T11:11:03","date_gmt":"2025-06-23T09:11:03","guid":{"rendered":"https:\/\/www.carseatsandparts.com\/?post_type=product&#038;p=17038"},"modified":"2026-01-08T09:50:02","modified_gmt":"2026-01-08T08:50:02","slug":"sparco-pre-wired-quick-release","status":"publish","type":"product","link":"https:\/\/www.carseatsandparts.com\/fr\/produit\/sparco-pre-wired-quick-release\/","title":{"rendered":"Attache rapide pr\u00e9-c\u00e2bl\u00e9e Sparco"},"content":{"rendered":"","protected":false},"excerpt":{"rendered":"Le blocage rapide Sparco est fabriqu\u00e9 en aluminium a\u00e9rospatial usin\u00e9 CNC, anodis\u00e9 dur pour une r\u00e9sistance et une fiabilit\u00e9 accrues. Il est con\u00e7u pour \u00eatre mont\u00e9 sur un moyeu\/socle sp\u00e9cifique \u00e0 un v\u00e9hicule avec un boulon PCD de 6 x 70 mm et convient aux guidons \u00e0 6 boulons de marques telles que Sparco, Momo, OMP, Sabelt, Motacorsa, Mountney M range, Simoni Racing et Reverie.\r\n<ul>\r\n \t<li>Connecteur Lemo 8 broches pr\u00e9-c\u00e2bl\u00e9<\/li>\r\n \t<li>La cannelure ma\u00eetresse garantit un alignement parfait \u00e0 chaque fois<\/li>\r\n \t<li>Syst\u00e8me de d\u00e9verrouillage facile \u00e0 utiliser permettant de retirer rapidement le guidon<\/li>\r\n \t<li>Conforme \u00e0 la r\u00e9glementation de la FIA<\/li>\r\n \t<li>L'attache rapide est livr\u00e9e avec un connecteur Lemo 8 broches pr\u00e9-c\u00e2bl\u00e9 qui permet d'utiliser des instruments ou des interrupteurs sur le guidon.<\/li>\r\n<\/ul>","protected":false},"featured_media":17040,"comment_status":"open","ping_status":"closed","template":"","meta":{"_acf_changed":false},"product_brand":[2524],"product_cat":[2822,2518,2520],"product_tag":[2647,2523,2637],"class_list":{"0":"post-17038","1":"product","2":"type-product","3":"status-publish","4":"has-post-thumbnail","6":"product_brand-sparco","7":"product_cat-accessoires-motorsport","8":"product_cat-motorsport","9":"product_cat-sparco","10":"product_tag-quick-release","11":"product_tag-sparco","12":"product_tag-stuurwiel","13":"product_shipping_class-onderdelen-zijwang","15":"first","16":"instock","17":"sale","18":"taxable","19":"shipping-taxable","20":"purchasable","21":"product-type-simple"},"composite_virtual":false,"composite_layout":"","composite_add_to_cart_form_location":"","composite_editable_in_cart":false,"composite_sold_individually_context":"","composite_shop_price_calc":"","composite_components":[],"composite_scenarios":[],"exclude_global_add_ons":[],"addons":[],"acf":[],"yoast_head":null,"yoast_head_json":null,"_links":{"self":[{"href":"https:\/\/www.carseatsandparts.com\/fr\/wp-json\/wp\/v2\/product\/17038","targetHints":{"allow":["GET"]}}],"collection":[{"href":"https:\/\/www.carseatsandparts.com\/fr\/wp-json\/wp\/v2\/product"}],"about":[{"href":"https:\/\/www.carseatsandparts.com\/fr\/wp-json\/wp\/v2\/types\/product"}],"replies":[{"embeddable":true,"href":"https:\/\/www.carseatsandparts.com\/fr\/wp-json\/wp\/v2\/comments?post=17038"}],"wp:featuredmedia":[{"embeddable":true,"href":"https:\/\/www.carseatsandparts.com\/fr\/wp-json\/wp\/v2\/media\/17040"}],"wp:attachment":[{"href":"https:\/\/www.carseatsandparts.com\/fr\/wp-json\/wp\/v2\/media?parent=17038"}],"wp:term":[{"taxonomy":"product_brand","embeddable":true,"href":"https:\/\/www.carseatsandparts.com\/fr\/wp-json\/wp\/v2\/product_brand?post=17038"},{"taxonomy":"product_cat","embeddable":true,"href":"https:\/\/www.carseatsandparts.com\/fr\/wp-json\/wp\/v2\/product_cat?post=17038"},{"taxonomy":"product_tag","embeddable":true,"href":"https:\/\/www.carseatsandparts.com\/fr\/wp-json\/wp\/v2\/product_tag?post=17038"}],"curies":[{"name":"wp","href":"https:\/\/api.w.org\/{rel}","templated":true}]}}