{"id":17087,"date":"2025-06-25T14:54:28","date_gmt":"2025-06-25T12:54:28","guid":{"rendered":"https:\/\/www.carseatsandparts.com\/?post_type=product&#038;p=17087"},"modified":"2025-07-11T12:24:29","modified_gmt":"2025-07-11T10:24:29","slug":"aansluitkabel-c-6000-c-7000","status":"publish","type":"product","link":"https:\/\/www.carseatsandparts.com\/fr\/produit\/aansluitkabel-c-6000-c-7000\/","title":{"rendered":"C\u00e2ble de connexion Volvo FH Classic C 6000 &amp; C 7000"},"content":{"rendered":"","protected":false},"excerpt":{"rendered":"C\u00e2ble de connexion pour le Volvo FH Classic adapt\u00e9 aux C 6000 et C 7000. Num\u00e9ro d'article : 82820774-4","protected":false},"featured_media":17088,"comment_status":"open","ping_status":"closed","template":"","meta":{"_acf_changed":false},"product_brand":[2811,1284],"product_cat":[116,2449,2609],"product_tag":[2815,2812,2613,1927,946],"class_list":{"0":"post-17087","1":"product","2":"type-product","3":"status-publish","4":"has-post-thumbnail","6":"product_brand-adient","7":"product_brand-recaro","8":"product_cat-onderdelen","9":"product_cat-onderdelen-voor-vrachtautostoelen","10":"product_cat-vrachtwagenstoelen","11":"product_tag-82820774-4","12":"product_tag-adient","13":"product_tag-c-6000","14":"product_tag-c-7000","15":"product_tag-recaro","16":"product_shipping_class-onderdelen-buspakje","18":"first","19":"instock","20":"taxable","21":"shipping-taxable","22":"purchasable","23":"product-type-simple"},"composite_virtual":false,"composite_layout":"","composite_add_to_cart_form_location":"","composite_editable_in_cart":false,"composite_sold_individually_context":"","composite_shop_price_calc":"","composite_components":[],"composite_scenarios":[],"exclude_global_add_ons":[],"addons":[],"acf":[],"yoast_head":null,"yoast_head_json":null,"_links":{"self":[{"href":"https:\/\/www.carseatsandparts.com\/fr\/wp-json\/wp\/v2\/product\/17087","targetHints":{"allow":["GET"]}}],"collection":[{"href":"https:\/\/www.carseatsandparts.com\/fr\/wp-json\/wp\/v2\/product"}],"about":[{"href":"https:\/\/www.carseatsandparts.com\/fr\/wp-json\/wp\/v2\/types\/product"}],"replies":[{"embeddable":true,"href":"https:\/\/www.carseatsandparts.com\/fr\/wp-json\/wp\/v2\/comments?post=17087"}],"wp:featuredmedia":[{"embeddable":true,"href":"https:\/\/www.carseatsandparts.com\/fr\/wp-json\/wp\/v2\/media\/17088"}],"wp:attachment":[{"href":"https:\/\/www.carseatsandparts.com\/fr\/wp-json\/wp\/v2\/media?parent=17087"}],"wp:term":[{"taxonomy":"product_brand","embeddable":true,"href":"https:\/\/www.carseatsandparts.com\/fr\/wp-json\/wp\/v2\/product_brand?post=17087"},{"taxonomy":"product_cat","embeddable":true,"href":"https:\/\/www.carseatsandparts.com\/fr\/wp-json\/wp\/v2\/product_cat?post=17087"},{"taxonomy":"product_tag","embeddable":true,"href":"https:\/\/www.carseatsandparts.com\/fr\/wp-json\/wp\/v2\/product_tag?post=17087"}],"curies":[{"name":"wp","href":"https:\/\/api.w.org\/{rel}","templated":true}]}}