{"id":17116,"date":"2025-06-26T11:44:35","date_gmt":"2025-06-26T09:44:35","guid":{"rendered":"https:\/\/www.carseatsandparts.com\/?post_type=product&#038;p=17116"},"modified":"2025-07-11T14:44:44","modified_gmt":"2025-07-11T12:44:44","slug":"ontgrendelings-kit-van-de-schouderverstelling","status":"publish","type":"product","link":"https:\/\/www.carseatsandparts.com\/fr\/product\/ontgrendelings-kit-van-de-schouderverstelling\/","title":{"rendered":"Kit de d\u00e9verrouillage du r\u00e9glage de l'\u00e9paule"},"content":{"rendered":"","protected":false},"excerpt":{"rendered":"Cette pi\u00e8ce (kit de d\u00e9verrouillage du r\u00e9glage des \u00e9paules pour Actros 3 avec kit PS2, commande 82824961-4 !, #6 dans la vue \u00e9clat\u00e9e) est destin\u00e9e \u00e0 remplacer le si\u00e8ge de camion C7000. Avant le montage, veuillez v\u00e9rifier que la pi\u00e8ce correspond \u00e0 la variante et \u00e0 la position du si\u00e8ge selon le dessin technique. Num\u00e9ro d'article : 82799238-4.96","protected":false},"featured_media":17117,"comment_status":"open","ping_status":"closed","template":"","meta":{"_acf_changed":false},"product_brand":[],"product_cat":[116,2449,2609],"product_tag":[2669,1927],"class_list":{"0":"post-17116","1":"product","2":"type-product","3":"status-publish","4":"has-post-thumbnail","6":"product_cat-onderdelen","7":"product_cat-onderdelen-voor-vrachtautostoelen","8":"product_cat-vrachtwagenstoelen","9":"product_tag-82799238-4-96","10":"product_tag-c-7000","11":"product_shipping_class-onderdelen-klein-pakket","13":"first","14":"onbackorder","15":"taxable","16":"shipping-taxable","17":"purchasable","18":"product-type-simple"},"composite_virtual":false,"composite_layout":"","composite_add_to_cart_form_location":"","composite_editable_in_cart":false,"composite_sold_individually_context":"","composite_shop_price_calc":"","composite_components":[],"composite_scenarios":[],"exclude_global_add_ons":[],"addons":[],"acf":[],"yoast_head":null,"yoast_head_json":null,"_links":{"self":[{"href":"https:\/\/www.carseatsandparts.com\/fr\/wp-json\/wp\/v2\/product\/17116","targetHints":{"allow":["GET"]}}],"collection":[{"href":"https:\/\/www.carseatsandparts.com\/fr\/wp-json\/wp\/v2\/product"}],"about":[{"href":"https:\/\/www.carseatsandparts.com\/fr\/wp-json\/wp\/v2\/types\/product"}],"replies":[{"embeddable":true,"href":"https:\/\/www.carseatsandparts.com\/fr\/wp-json\/wp\/v2\/comments?post=17116"}],"wp:featuredmedia":[{"embeddable":true,"href":"https:\/\/www.carseatsandparts.com\/fr\/wp-json\/wp\/v2\/media\/17117"}],"wp:attachment":[{"href":"https:\/\/www.carseatsandparts.com\/fr\/wp-json\/wp\/v2\/media?parent=17116"}],"wp:term":[{"taxonomy":"product_brand","embeddable":true,"href":"https:\/\/www.carseatsandparts.com\/fr\/wp-json\/wp\/v2\/product_brand?post=17116"},{"taxonomy":"product_cat","embeddable":true,"href":"https:\/\/www.carseatsandparts.com\/fr\/wp-json\/wp\/v2\/product_cat?post=17116"},{"taxonomy":"product_tag","embeddable":true,"href":"https:\/\/www.carseatsandparts.com\/fr\/wp-json\/wp\/v2\/product_tag?post=17116"}],"curies":[{"name":"wp","href":"https:\/\/api.w.org\/{rel}","templated":true}]}}