{"id":17122,"date":"2025-06-26T12:25:53","date_gmt":"2025-06-26T10:25:53","guid":{"rendered":"https:\/\/www.carseatsandparts.com\/?post_type=product&#038;p=17122"},"modified":"2025-07-11T14:40:21","modified_gmt":"2025-07-11T12:40:21","slug":"gordelsluiting-a-c6000-c7000","status":"publish","type":"product","link":"https:\/\/www.carseatsandparts.com\/fr\/product\/gordelsluiting-a-c6000-c7000\/","title":{"rendered":"Boucle de ceinture A C6000 &amp; C7000"},"content":{"rendered":"","protected":false},"excerpt":{"rendered":"Cette pi\u00e8ce (Boucle de ceinture de s\u00e9curit\u00e9 ; le contact \u00e9lectrique s'ouvre lorsque la ceinture de s\u00e9curit\u00e9 est connect\u00e9e, #9 en vue \u00e9clat\u00e9e) est destin\u00e9e \u00e0 remplacer le si\u00e8ge de camion C6000 &amp; C7000. Avant le montage, veuillez v\u00e9rifier que la pi\u00e8ce correspond \u00e0 la variante et \u00e0 la position du si\u00e8ge selon le dessin technique. Num\u00e9ro d'article : 82799249-4.96","protected":false},"featured_media":17123,"comment_status":"open","ping_status":"closed","template":"","meta":{"_acf_changed":false},"product_brand":[],"product_cat":[116,2449,2609],"product_tag":[2675,2613,1927],"class_list":{"0":"post-17122","1":"product","2":"type-product","3":"status-publish","4":"has-post-thumbnail","6":"product_cat-onderdelen","7":"product_cat-onderdelen-voor-vrachtautostoelen","8":"product_cat-vrachtwagenstoelen","9":"product_tag-82799249-4-96","10":"product_tag-c-6000","11":"product_tag-c-7000","12":"product_shipping_class-onderdelen-klein-pakket","14":"first","15":"onbackorder","16":"taxable","17":"shipping-taxable","18":"purchasable","19":"product-type-simple"},"composite_virtual":false,"composite_layout":"","composite_add_to_cart_form_location":"","composite_editable_in_cart":false,"composite_sold_individually_context":"","composite_shop_price_calc":"","composite_components":[],"composite_scenarios":[],"exclude_global_add_ons":[],"addons":[],"acf":[],"yoast_head":null,"yoast_head_json":null,"_links":{"self":[{"href":"https:\/\/www.carseatsandparts.com\/fr\/wp-json\/wp\/v2\/product\/17122","targetHints":{"allow":["GET"]}}],"collection":[{"href":"https:\/\/www.carseatsandparts.com\/fr\/wp-json\/wp\/v2\/product"}],"about":[{"href":"https:\/\/www.carseatsandparts.com\/fr\/wp-json\/wp\/v2\/types\/product"}],"replies":[{"embeddable":true,"href":"https:\/\/www.carseatsandparts.com\/fr\/wp-json\/wp\/v2\/comments?post=17122"}],"wp:featuredmedia":[{"embeddable":true,"href":"https:\/\/www.carseatsandparts.com\/fr\/wp-json\/wp\/v2\/media\/17123"}],"wp:attachment":[{"href":"https:\/\/www.carseatsandparts.com\/fr\/wp-json\/wp\/v2\/media?parent=17122"}],"wp:term":[{"taxonomy":"product_brand","embeddable":true,"href":"https:\/\/www.carseatsandparts.com\/fr\/wp-json\/wp\/v2\/product_brand?post=17122"},{"taxonomy":"product_cat","embeddable":true,"href":"https:\/\/www.carseatsandparts.com\/fr\/wp-json\/wp\/v2\/product_cat?post=17122"},{"taxonomy":"product_tag","embeddable":true,"href":"https:\/\/www.carseatsandparts.com\/fr\/wp-json\/wp\/v2\/product_tag?post=17122"}],"curies":[{"name":"wp","href":"https:\/\/api.w.org\/{rel}","templated":true}]}}