{"id":17325,"date":"2025-07-15T08:54:46","date_gmt":"2025-07-15T06:54:46","guid":{"rendered":"https:\/\/www.carseatsandparts.com\/?post_type=product&#038;p=17325"},"modified":"2026-01-08T09:52:09","modified_gmt":"2026-01-08T08:52:09","slug":"atech-fia-aluminium-zijmontage","status":"publish","type":"product","link":"https:\/\/www.carseatsandparts.com\/fr\/produit\/atech-fia-aluminium-zijmontage\/","title":{"rendered":"Atech FIA Aluminium Side Mount"},"content":{"rendered":"","protected":false},"excerpt":{"rendered":"Les supports lat\u00e9raux de selle Atech Racing en aluminium sont fabriqu\u00e9s \u00e0 partir d'aluminium de haute qualit\u00e9 de 5 mm d\u00e9coup\u00e9 au laser pour un produit fini de haute qualit\u00e9.\r\n\r\nLes supports de selle Atech offrent une excellente plage de r\u00e9glage avec plusieurs trous de fixation de l'angle de la selle et plusieurs options de position de la base, pour une large gamme d'options de r\u00e9glage et de montage au sol.\r\n\r\nIls s'adaptent \u00e9galement aux si\u00e8ges Sparco, OMP, Corbeau et d'autres marques.","protected":false},"featured_media":17326,"comment_status":"open","ping_status":"closed","template":"","meta":{"_acf_changed":false},"product_brand":[2210],"product_cat":[2822,2254,2518],"product_tag":[1424,2208],"class_list":{"0":"post-17325","1":"product","2":"type-product","3":"status-publish","4":"has-post-thumbnail","6":"product_brand-atech-racing","7":"product_cat-accessoires-motorsport","8":"product_cat-atech-racing-autostoelen","9":"product_cat-motorsport","10":"product_tag-adapter","11":"product_tag-atech","12":"product_shipping_class-onderdelen-zijwang","14":"first","15":"instock","16":"sale","17":"taxable","18":"shipping-taxable","19":"purchasable","20":"product-type-simple"},"composite_virtual":false,"composite_layout":"","composite_add_to_cart_form_location":"","composite_editable_in_cart":false,"composite_sold_individually_context":"","composite_shop_price_calc":"","composite_components":[],"composite_scenarios":[],"exclude_global_add_ons":[],"addons":[],"acf":[],"yoast_head":null,"yoast_head_json":null,"_links":{"self":[{"href":"https:\/\/www.carseatsandparts.com\/fr\/wp-json\/wp\/v2\/product\/17325","targetHints":{"allow":["GET"]}}],"collection":[{"href":"https:\/\/www.carseatsandparts.com\/fr\/wp-json\/wp\/v2\/product"}],"about":[{"href":"https:\/\/www.carseatsandparts.com\/fr\/wp-json\/wp\/v2\/types\/product"}],"replies":[{"embeddable":true,"href":"https:\/\/www.carseatsandparts.com\/fr\/wp-json\/wp\/v2\/comments?post=17325"}],"wp:featuredmedia":[{"embeddable":true,"href":"https:\/\/www.carseatsandparts.com\/fr\/wp-json\/wp\/v2\/media\/17326"}],"wp:attachment":[{"href":"https:\/\/www.carseatsandparts.com\/fr\/wp-json\/wp\/v2\/media?parent=17325"}],"wp:term":[{"taxonomy":"product_brand","embeddable":true,"href":"https:\/\/www.carseatsandparts.com\/fr\/wp-json\/wp\/v2\/product_brand?post=17325"},{"taxonomy":"product_cat","embeddable":true,"href":"https:\/\/www.carseatsandparts.com\/fr\/wp-json\/wp\/v2\/product_cat?post=17325"},{"taxonomy":"product_tag","embeddable":true,"href":"https:\/\/www.carseatsandparts.com\/fr\/wp-json\/wp\/v2\/product_tag?post=17325"}],"curies":[{"name":"wp","href":"https:\/\/api.w.org\/{rel}","templated":true}]}}