{"id":17345,"date":"2025-07-15T10:07:11","date_gmt":"2025-07-15T08:07:11","guid":{"rendered":"https:\/\/www.carseatsandparts.com\/?post_type=product&#038;p=17345"},"modified":"2026-01-01T23:00:06","modified_gmt":"2026-01-01T22:00:06","slug":"atech-racing-330mm-vlak-stuur","status":"publish","type":"product","link":"https:\/\/www.carseatsandparts.com\/fr\/produit\/atech-racing-330mm-vlak-stuur\/","title":{"rendered":"Atech Racing 330mm Flat Handlebar"},"content":{"rendered":"","protected":false},"excerpt":{"rendered":"Le volant Atech \u00e0 3 branches en daim plat de 330 mm est dot\u00e9 d'une poign\u00e9e anatomique. Cela augmente la facilit\u00e9 d'utilisation pour les conducteurs et leur permet de mieux contr\u00f4ler leur v\u00e9hicule de course et de rallye.\r\n\r\nCe volant plat est parfait pour les conducteurs de petite taille qui ont besoin d'\u00eatre plus proches du volant et des p\u00e9dales.\r\n\r\nLe volant plat Atech de 330 mm est dot\u00e9 d'une garniture en daim. Cela ajoute non seulement \u00e0 l'esth\u00e9tique g\u00e9n\u00e9rale du volant, mais aussi au confort du volant dans les mains du conducteur.\r\n\r\nCe volant offre un bon rapport qualit\u00e9-prix. Un excellent prix pour un volant de haute qualit\u00e9 utilis\u00e9 par les professionnels de la course automobile dans le monde entier.","protected":false},"featured_media":17346,"comment_status":"open","ping_status":"closed","template":"","meta":{"_acf_changed":false},"product_brand":[2210],"product_cat":[2822,2254,2518],"product_tag":[1424,2208,2637],"class_list":{"0":"post-17345","1":"product","2":"type-product","3":"status-publish","4":"has-post-thumbnail","6":"product_brand-atech-racing","7":"product_cat-accessoires-motorsport","8":"product_cat-atech-racing-autostoelen","9":"product_cat-motorsport","10":"product_tag-adapter","11":"product_tag-atech","12":"product_tag-stuurwiel","13":"product_shipping_class-onderdelen-zijwang","15":"first","16":"instock","17":"taxable","18":"shipping-taxable","19":"purchasable","20":"product-type-simple"},"composite_virtual":false,"composite_layout":"","composite_add_to_cart_form_location":"","composite_editable_in_cart":false,"composite_sold_individually_context":"","composite_shop_price_calc":"","composite_components":[],"composite_scenarios":[],"exclude_global_add_ons":[],"addons":[],"acf":[],"yoast_head":null,"yoast_head_json":null,"_links":{"self":[{"href":"https:\/\/www.carseatsandparts.com\/fr\/wp-json\/wp\/v2\/product\/17345","targetHints":{"allow":["GET"]}}],"collection":[{"href":"https:\/\/www.carseatsandparts.com\/fr\/wp-json\/wp\/v2\/product"}],"about":[{"href":"https:\/\/www.carseatsandparts.com\/fr\/wp-json\/wp\/v2\/types\/product"}],"replies":[{"embeddable":true,"href":"https:\/\/www.carseatsandparts.com\/fr\/wp-json\/wp\/v2\/comments?post=17345"}],"wp:featuredmedia":[{"embeddable":true,"href":"https:\/\/www.carseatsandparts.com\/fr\/wp-json\/wp\/v2\/media\/17346"}],"wp:attachment":[{"href":"https:\/\/www.carseatsandparts.com\/fr\/wp-json\/wp\/v2\/media?parent=17345"}],"wp:term":[{"taxonomy":"product_brand","embeddable":true,"href":"https:\/\/www.carseatsandparts.com\/fr\/wp-json\/wp\/v2\/product_brand?post=17345"},{"taxonomy":"product_cat","embeddable":true,"href":"https:\/\/www.carseatsandparts.com\/fr\/wp-json\/wp\/v2\/product_cat?post=17345"},{"taxonomy":"product_tag","embeddable":true,"href":"https:\/\/www.carseatsandparts.com\/fr\/wp-json\/wp\/v2\/product_tag?post=17345"}],"curies":[{"name":"wp","href":"https:\/\/api.w.org\/{rel}","templated":true}]}}