{"id":17556,"date":"2025-08-27T08:58:15","date_gmt":"2025-08-27T06:58:15","guid":{"rendered":"https:\/\/www.carseatsandparts.com\/?post_type=product&#038;p=17556"},"modified":"2025-09-30T16:16:40","modified_gmt":"2025-09-30T14:16:40","slug":"vrachtwagenstoel-c-6000-stof-zwart","status":"publish","type":"product","link":"https:\/\/www.carseatsandparts.com\/fr\/produit\/vrachtwagenstoel-c-6000-stof-zwart\/","title":{"rendered":"Si\u00e8ge de camion C 6000 Tissu noir"},"content":{"rendered":"","protected":false},"excerpt":{"rendered":"La chaise de tous les jours, confortable sur n'importe quelle surface.\r\n\r\nAvec le C 6000, RECARO a mis sur le march\u00e9 un si\u00e8ge de base qui, dans de nombreux cas, est suffisant pour le conducteur exigeant d'un bus ou d'un camion. Un si\u00e8ge soign\u00e9, au rev\u00eatement neutre, qui s'harmonise avec son environnement dans n'importe quelle cabine. Dot\u00e9 d'une technologie de pointe dans le ch\u00e2ssis \u00e0 suspension pneumatique et d'une multitude de possibilit\u00e9s de r\u00e9glage, le si\u00e8ge r\u00e9pond aux besoins quotidiens. Un partenaire fiable pour les ann\u00e9es \u00e0 venir.\r\n\r\nLe RECARO C 6000 est particuli\u00e8rement adapt\u00e9 aux personnes qui parcourent des kilom\u00e8tres. Toutes les commandes ont \u00e9t\u00e9 repens\u00e9es en termes de design. En \u00e9troite collaboration avec les pilotes d'essai, les commandes ont \u00e9t\u00e9 int\u00e9gr\u00e9es au ch\u00e2ssis afin que le conducteur puisse les trouver intuitivement. Gr\u00e2ce aux options standard telles que l'extension du si\u00e8ge, la lordose et le soutien pelvien, le chauffage, la ceinture trois points int\u00e9gr\u00e9e et le r\u00e9glage de l'angle du dossier, presque tous les conducteurs peuvent trouver leur si\u00e8ge.\r\n\r\nBien entendu, le ch\u00e2ssis est \u00e9quip\u00e9 de toutes les options modernes telles que l'amortissement vertical et horizontal, le r\u00e9glage de la hauteur avec m\u00e9moire et le mode de sortie. La nouveaut\u00e9 r\u00e9side dans le d\u00e9verrouillage des glissi\u00e8res. Pour cela, il n'est plus n\u00e9cessaire de se trouver au bas du ch\u00e2ssis, mais il suffit d'utiliser un d\u00e9verrouillage de confort pour d\u00e9placer le si\u00e8ge. Num\u00e9ro d'article : 82811412-4","protected":false},"featured_media":17557,"comment_status":"open","ping_status":"closed","template":"","meta":{"_acf_changed":false},"product_brand":[2811],"product_cat":[2609,2610],"product_tag":[3090,2613,2851],"class_list":{"0":"post-17556","1":"product","2":"type-product","3":"status-publish","4":"has-post-thumbnail","6":"product_brand-adient","7":"product_cat-vrachtwagenstoelen","8":"product_cat-vrachtwagenstoelen-vrachtwagenstoelen","9":"product_tag-82811412-4","10":"product_tag-c-6000","11":"product_tag-vruchtwagenstoel","12":"product_shipping_class-auto-stoelen","14":"first","15":"instock","16":"taxable","17":"shipping-taxable","18":"purchasable","19":"product-type-simple"},"composite_virtual":false,"composite_layout":"","composite_add_to_cart_form_location":"","composite_editable_in_cart":false,"composite_sold_individually_context":"","composite_shop_price_calc":"","composite_components":[],"composite_scenarios":[],"exclude_global_add_ons":[],"addons":[],"acf":[],"yoast_head":null,"yoast_head_json":null,"_links":{"self":[{"href":"https:\/\/www.carseatsandparts.com\/fr\/wp-json\/wp\/v2\/product\/17556","targetHints":{"allow":["GET"]}}],"collection":[{"href":"https:\/\/www.carseatsandparts.com\/fr\/wp-json\/wp\/v2\/product"}],"about":[{"href":"https:\/\/www.carseatsandparts.com\/fr\/wp-json\/wp\/v2\/types\/product"}],"replies":[{"embeddable":true,"href":"https:\/\/www.carseatsandparts.com\/fr\/wp-json\/wp\/v2\/comments?post=17556"}],"wp:featuredmedia":[{"embeddable":true,"href":"https:\/\/www.carseatsandparts.com\/fr\/wp-json\/wp\/v2\/media\/17557"}],"wp:attachment":[{"href":"https:\/\/www.carseatsandparts.com\/fr\/wp-json\/wp\/v2\/media?parent=17556"}],"wp:term":[{"taxonomy":"product_brand","embeddable":true,"href":"https:\/\/www.carseatsandparts.com\/fr\/wp-json\/wp\/v2\/product_brand?post=17556"},{"taxonomy":"product_cat","embeddable":true,"href":"https:\/\/www.carseatsandparts.com\/fr\/wp-json\/wp\/v2\/product_cat?post=17556"},{"taxonomy":"product_tag","embeddable":true,"href":"https:\/\/www.carseatsandparts.com\/fr\/wp-json\/wp\/v2\/product_tag?post=17556"}],"curies":[{"name":"wp","href":"https:\/\/api.w.org\/{rel}","templated":true}]}}