{"id":17975,"date":"2025-09-11T16:44:19","date_gmt":"2025-09-11T14:44:19","guid":{"rendered":"https:\/\/www.carseatsandparts.com\/?post_type=product&#038;p=17975"},"modified":"2025-09-30T15:59:00","modified_gmt":"2025-09-30T13:59:00","slug":"vrachtwagenstoel-c-7000-volvo-fh-leder-zwart","status":"publish","type":"product","link":"https:\/\/www.carseatsandparts.com\/fr\/produit\/vrachtwagenstoel-c-7000-volvo-fh-leder-zwart\/","title":{"rendered":"Si\u00e8ge de camion C 7000 Volvo FH Cuir Noir"},"content":{"rendered":"","protected":false},"excerpt":{"rendered":"Confortable et fiable sans compromis\r\n\r\nAvec l'introduction du C 7000, RECARO a imm\u00e9diatement mis la barre plus haut. Il ne sera pas facile de trouver un \u00e9quivalent. En effet, le poste de travail d'un chauffeur de bus ou de camion doit r\u00e9pondre \u00e0 des exigences \u00e9lev\u00e9es. Avec le RECARO C 7000, rien n'est laiss\u00e9 \u00e0 d\u00e9sirer.\r\n\r\nNon seulement le si\u00e8ge d\u00e9passe toutes les exigences techniques et ergonomiques, mais RECARO a \u00e9galement r\u00e9ussi \u00e0 produire un design qui s'inscrit parfaitement dans l'air du temps. Cela d\u00e9montre non seulement le savoir-faire, mais aussi la passion, la passion pour ce que RECARO sait faire : construire des si\u00e8ges.\r\n\r\nLe RECARO C 7000 n'est pas une simple am\u00e9lioration du C 6000. L'assise et le dossier ont \u00e9t\u00e9 enti\u00e8rement redessin\u00e9s et \u00e9quip\u00e9s des options de r\u00e9glage les plus avanc\u00e9es. Le si\u00e8ge \u00e9pouse parfaitement le corps du conducteur gr\u00e2ce aux joues lat\u00e9rales r\u00e9glables de l'assise et du dossier, de la zone des \u00e9paules, du bassin et du bas du dos. Gr\u00e2ce \u00e0 la sellerie 3D respirante, le chauffage et la ventilation ont encore plus de valeur ajout\u00e9e que la sellerie standard. Si certains conducteurs ne parviennent toujours pas \u00e0 trouver la bonne position dans ce fauteuil, il est temps de consulter un m\u00e9decin g\u00e9n\u00e9raliste.\r\n\r\nConvient au Volvo FH classic PC04. Num\u00e9ro d'article 82811644-4","protected":false},"featured_media":17554,"comment_status":"open","ping_status":"closed","template":"","meta":{"_acf_changed":false},"product_brand":[2811,1981],"product_cat":[2609,2610],"product_tag":[3104,1927,1932],"class_list":{"0":"post-17975","1":"product","2":"type-product","3":"status-publish","4":"has-post-thumbnail","6":"product_brand-adient","7":"product_brand-volvo","8":"product_cat-vrachtwagenstoelen","9":"product_cat-vrachtwagenstoelen-vrachtwagenstoelen","10":"product_tag-82811644-4","11":"product_tag-c-7000","12":"product_tag-vrachtwagenstoel","13":"product_shipping_class-auto-stoelen","15":"first","16":"instock","17":"taxable","18":"shipping-taxable","19":"purchasable","20":"product-type-simple"},"composite_virtual":false,"composite_layout":"","composite_add_to_cart_form_location":"","composite_editable_in_cart":false,"composite_sold_individually_context":"","composite_shop_price_calc":"","composite_components":[],"composite_scenarios":[],"exclude_global_add_ons":[],"addons":[],"acf":[],"yoast_head":null,"yoast_head_json":null,"_links":{"self":[{"href":"https:\/\/www.carseatsandparts.com\/fr\/wp-json\/wp\/v2\/product\/17975","targetHints":{"allow":["GET"]}}],"collection":[{"href":"https:\/\/www.carseatsandparts.com\/fr\/wp-json\/wp\/v2\/product"}],"about":[{"href":"https:\/\/www.carseatsandparts.com\/fr\/wp-json\/wp\/v2\/types\/product"}],"replies":[{"embeddable":true,"href":"https:\/\/www.carseatsandparts.com\/fr\/wp-json\/wp\/v2\/comments?post=17975"}],"wp:featuredmedia":[{"embeddable":true,"href":"https:\/\/www.carseatsandparts.com\/fr\/wp-json\/wp\/v2\/media\/17554"}],"wp:attachment":[{"href":"https:\/\/www.carseatsandparts.com\/fr\/wp-json\/wp\/v2\/media?parent=17975"}],"wp:term":[{"taxonomy":"product_brand","embeddable":true,"href":"https:\/\/www.carseatsandparts.com\/fr\/wp-json\/wp\/v2\/product_brand?post=17975"},{"taxonomy":"product_cat","embeddable":true,"href":"https:\/\/www.carseatsandparts.com\/fr\/wp-json\/wp\/v2\/product_cat?post=17975"},{"taxonomy":"product_tag","embeddable":true,"href":"https:\/\/www.carseatsandparts.com\/fr\/wp-json\/wp\/v2\/product_tag?post=17975"}],"curies":[{"name":"wp","href":"https:\/\/api.w.org\/{rel}","templated":true}]}}