{"id":18205,"date":"2025-11-26T10:33:54","date_gmt":"2025-11-26T09:33:54","guid":{"rendered":"https:\/\/www.carseatsandparts.com\/?post_type=product&#038;p=18205"},"modified":"2026-01-08T09:52:30","modified_gmt":"2026-01-08T08:52:30","slug":"sparco-glijrails","status":"publish","type":"product","link":"https:\/\/www.carseatsandparts.com\/fr\/produit\/sparco-glijrails\/","title":{"rendered":"Glissi\u00e8res Sparco"},"content":{"rendered":"","protected":false},"excerpt":{"rendered":"Ce kit universel de guidage de si\u00e8ge r\u00e9glable de Sparco est con\u00e7u pour \u00eatre install\u00e9 sous les si\u00e8ges Sparco avec une base de montage, permettant un r\u00e9glage facile vers l'avant et vers l'arri\u00e8re. Une fois la position correcte atteinte, le m\u00e9canisme de double verrouillage garantit que le si\u00e8ge reste fermement en place.\r\nCaract\u00e9ristiques principales:Permet un r\u00e9glage facile pour les si\u00e8ges mont\u00e9s sur la baseCompatible avec les si\u00e8ges Sparco mont\u00e9s sur la base et d'autres marques avec un espacement de 271 mm entre les boulons (de l'avant \u00e0 l'arri\u00e8re)Le m\u00e9canisme de double verrouillage garantit que le si\u00e8ge reste fermement en place.\r\nLe produit est universel, mais selon le v\u00e9hicule ou le si\u00e8ge, un ajustement peut \u00eatre n\u00e9cessaire pour assurer un montage correct.\r\nLe produit est adapt\u00e9 \u00e0 une utilisation en sport automobile, mais veillez \u00e0 v\u00e9rifier les r\u00e8glements sp\u00e9cifiques de votre championnat pour confirmer que ce syst\u00e8me est adapt\u00e9 \u00e0 votre application.","protected":false},"featured_media":18207,"comment_status":"open","ping_status":"closed","template":"","meta":{"_acf_changed":false},"product_brand":[2524],"product_cat":[2822,2518,2520],"product_tag":[2523,2637],"class_list":{"0":"post-18205","1":"product","2":"type-product","3":"status-publish","4":"has-post-thumbnail","6":"product_brand-sparco","7":"product_cat-accessoires-motorsport","8":"product_cat-motorsport","9":"product_cat-sparco","10":"product_tag-sparco","11":"product_tag-stuurwiel","12":"product_shipping_class-onderdelen-middenpand","14":"first","15":"instock","16":"sale","17":"taxable","18":"shipping-taxable","19":"purchasable","20":"product-type-simple"},"composite_virtual":false,"composite_layout":"","composite_add_to_cart_form_location":"","composite_editable_in_cart":false,"composite_sold_individually_context":"","composite_shop_price_calc":"","composite_components":[],"composite_scenarios":[],"exclude_global_add_ons":[],"addons":[],"acf":[],"yoast_head":null,"yoast_head_json":null,"_links":{"self":[{"href":"https:\/\/www.carseatsandparts.com\/fr\/wp-json\/wp\/v2\/product\/18205","targetHints":{"allow":["GET"]}}],"collection":[{"href":"https:\/\/www.carseatsandparts.com\/fr\/wp-json\/wp\/v2\/product"}],"about":[{"href":"https:\/\/www.carseatsandparts.com\/fr\/wp-json\/wp\/v2\/types\/product"}],"replies":[{"embeddable":true,"href":"https:\/\/www.carseatsandparts.com\/fr\/wp-json\/wp\/v2\/comments?post=18205"}],"wp:featuredmedia":[{"embeddable":true,"href":"https:\/\/www.carseatsandparts.com\/fr\/wp-json\/wp\/v2\/media\/18207"}],"wp:attachment":[{"href":"https:\/\/www.carseatsandparts.com\/fr\/wp-json\/wp\/v2\/media?parent=18205"}],"wp:term":[{"taxonomy":"product_brand","embeddable":true,"href":"https:\/\/www.carseatsandparts.com\/fr\/wp-json\/wp\/v2\/product_brand?post=18205"},{"taxonomy":"product_cat","embeddable":true,"href":"https:\/\/www.carseatsandparts.com\/fr\/wp-json\/wp\/v2\/product_cat?post=18205"},{"taxonomy":"product_tag","embeddable":true,"href":"https:\/\/www.carseatsandparts.com\/fr\/wp-json\/wp\/v2\/product_tag?post=18205"}],"curies":[{"name":"wp","href":"https:\/\/api.w.org\/{rel}","templated":true}]}}