{"id":18964,"date":"2026-04-02T14:00:09","date_gmt":"2026-04-02T12:00:09","guid":{"rendered":"https:\/\/www.carseatsandparts.com\/?post_type=product&#038;p=18964"},"modified":"2026-04-02T15:24:21","modified_gmt":"2026-04-02T13:24:21","slug":"recaro-expert-m-refurbished","status":"publish","type":"product","link":"https:\/\/www.carseatsandparts.com\/fr\/produit\/recaro-expert-m-refurbished\/","title":{"rendered":"RECARO Expert M Remis \u00e0 neuf"},"content":{"rendered":"","protected":false},"excerpt":{"rendered":"Si\u00e8ge auto RECARO Expert M reconditionn\u00e9 en tissu Nardo\/Artista. Le si\u00e8ge auto a \u00e9t\u00e9 \u00e9quip\u00e9 de nouvelles pi\u00e8ces en mousse, d'un tapis \u00e0 ressorts et d'autres pi\u00e8ces si n\u00e9cessaire. Le si\u00e8ge auto a \u00e9t\u00e9 enti\u00e8rement nettoy\u00e9 par un professionnel et a re\u00e7u un rev\u00eatement anti-salissures.\r\n\r\nNum\u00e9ro d'article : 045.00.0351","protected":false},"featured_media":18965,"comment_status":"open","ping_status":"closed","template":"","meta":{"_acf_changed":false},"product_brand":[1284],"product_cat":[1359,109],"product_tag":[1308,1289,946],"class_list":{"0":"post-18964","1":"product","2":"type-product","3":"status-publish","4":"has-post-thumbnail","6":"product_brand-recaro","7":"product_cat-recaro","8":"product_cat-refurbished-autostoelen","9":"product_tag-045-00-0351","10":"product_tag-expert","11":"product_tag-recaro","12":"product_shipping_class-auto-stoelen","14":"first","15":"instock","16":"taxable","17":"shipping-taxable","18":"purchasable","19":"product-type-simple"},"composite_virtual":false,"composite_layout":"","composite_add_to_cart_form_location":"","composite_editable_in_cart":false,"composite_sold_individually_context":"","composite_shop_price_calc":"","composite_components":[],"composite_scenarios":[],"exclude_global_add_ons":[],"addons":[],"acf":[],"yoast_head":null,"yoast_head_json":null,"_links":{"self":[{"href":"https:\/\/www.carseatsandparts.com\/fr\/wp-json\/wp\/v2\/product\/18964","targetHints":{"allow":["GET"]}}],"collection":[{"href":"https:\/\/www.carseatsandparts.com\/fr\/wp-json\/wp\/v2\/product"}],"about":[{"href":"https:\/\/www.carseatsandparts.com\/fr\/wp-json\/wp\/v2\/types\/product"}],"replies":[{"embeddable":true,"href":"https:\/\/www.carseatsandparts.com\/fr\/wp-json\/wp\/v2\/comments?post=18964"}],"wp:featuredmedia":[{"embeddable":true,"href":"https:\/\/www.carseatsandparts.com\/fr\/wp-json\/wp\/v2\/media\/18965"}],"wp:attachment":[{"href":"https:\/\/www.carseatsandparts.com\/fr\/wp-json\/wp\/v2\/media?parent=18964"}],"wp:term":[{"taxonomy":"product_brand","embeddable":true,"href":"https:\/\/www.carseatsandparts.com\/fr\/wp-json\/wp\/v2\/product_brand?post=18964"},{"taxonomy":"product_cat","embeddable":true,"href":"https:\/\/www.carseatsandparts.com\/fr\/wp-json\/wp\/v2\/product_cat?post=18964"},{"taxonomy":"product_tag","embeddable":true,"href":"https:\/\/www.carseatsandparts.com\/fr\/wp-json\/wp\/v2\/product_tag?post=18964"}],"curies":[{"name":"wp","href":"https:\/\/api.w.org\/{rel}","templated":true}]}}