{"id":18977,"date":"2026-04-02T14:05:30","date_gmt":"2026-04-02T12:05:30","guid":{"rendered":"https:\/\/www.carseatsandparts.com\/?post_type=product&#038;p=18977"},"modified":"2026-04-02T15:23:17","modified_gmt":"2026-04-02T13:23:17","slug":"recaro-expert-l-refurbished","status":"publish","type":"product","link":"https:\/\/www.carseatsandparts.com\/fr\/produit\/recaro-expert-l-refurbished\/","title":{"rendered":"RECARO Expert L Remis \u00e0 neuf"},"content":{"rendered":"","protected":false},"excerpt":{"rendered":"Si\u00e8ge auto RECARO Expert L remis \u00e0 neuf dans la housse en tissu version Nardo\/Artista noir. Si n\u00e9cessaire, le si\u00e8ge auto est \u00e9quip\u00e9 de nouvelles pi\u00e8ces en mousse, de tapis \u00e0 ressorts et d'autres pi\u00e8ces. Le si\u00e8ge de la voiture est \u00e9galement nettoy\u00e9 par des professionnels et dot\u00e9 d'un rev\u00eatement anti-salissures. Num\u00e9ro d'article : 044.00.0351","protected":false},"featured_media":18978,"comment_status":"open","ping_status":"closed","template":"","meta":{"_acf_changed":false},"product_brand":[1284],"product_cat":[109],"product_tag":[1467,1289,946],"class_list":{"0":"post-18977","1":"product","2":"type-product","3":"status-publish","4":"has-post-thumbnail","6":"product_brand-recaro","7":"product_cat-refurbished-autostoelen","8":"product_tag-044-00-0351","9":"product_tag-expert","10":"product_tag-recaro","11":"product_shipping_class-auto-stoelen","13":"first","14":"instock","15":"taxable","16":"shipping-taxable","17":"purchasable","18":"product-type-simple"},"composite_virtual":false,"composite_layout":"","composite_add_to_cart_form_location":"","composite_editable_in_cart":false,"composite_sold_individually_context":"","composite_shop_price_calc":"","composite_components":[],"composite_scenarios":[],"exclude_global_add_ons":[],"addons":[],"acf":[],"yoast_head":null,"yoast_head_json":null,"_links":{"self":[{"href":"https:\/\/www.carseatsandparts.com\/fr\/wp-json\/wp\/v2\/product\/18977","targetHints":{"allow":["GET"]}}],"collection":[{"href":"https:\/\/www.carseatsandparts.com\/fr\/wp-json\/wp\/v2\/product"}],"about":[{"href":"https:\/\/www.carseatsandparts.com\/fr\/wp-json\/wp\/v2\/types\/product"}],"replies":[{"embeddable":true,"href":"https:\/\/www.carseatsandparts.com\/fr\/wp-json\/wp\/v2\/comments?post=18977"}],"wp:featuredmedia":[{"embeddable":true,"href":"https:\/\/www.carseatsandparts.com\/fr\/wp-json\/wp\/v2\/media\/18978"}],"wp:attachment":[{"href":"https:\/\/www.carseatsandparts.com\/fr\/wp-json\/wp\/v2\/media?parent=18977"}],"wp:term":[{"taxonomy":"product_brand","embeddable":true,"href":"https:\/\/www.carseatsandparts.com\/fr\/wp-json\/wp\/v2\/product_brand?post=18977"},{"taxonomy":"product_cat","embeddable":true,"href":"https:\/\/www.carseatsandparts.com\/fr\/wp-json\/wp\/v2\/product_cat?post=18977"},{"taxonomy":"product_tag","embeddable":true,"href":"https:\/\/www.carseatsandparts.com\/fr\/wp-json\/wp\/v2\/product_tag?post=18977"}],"curies":[{"name":"wp","href":"https:\/\/api.w.org\/{rel}","templated":true}]}}