{"id":19061,"date":"2026-04-08T08:44:03","date_gmt":"2026-04-08T06:44:03","guid":{"rendered":"https:\/\/www.carseatsandparts.com\/?post_type=product&#038;p=19061"},"modified":"2026-04-17T10:10:25","modified_gmt":"2026-04-17T08:10:25","slug":"interieur-vw-golf-8-gte-stof-alcantara-blauw-zwart-grijs-3","status":"publish","type":"product","link":"https:\/\/www.carseatsandparts.com\/fr\/produit\/interieur-vw-golf-8-gte-stof-alcantara-blauw-zwart-grijs-3\/","title":{"rendered":"Int\u00e9rieur VW Golf 8 GTE Tissu\/Alcantara Bleu\/Noir\/Gris"},"content":{"rendered":"","protected":false},"excerpt":{"rendered":"Int\u00e9rieur complet Volkswagen Golf 8 GTE en tissu gris et surpiq\u00fbres bleues. Plug and play \u00e0 installer dans une Golf 8. L'int\u00e9rieur provient d'une voiture de d\u00e9monstration et est donc comme neuf \u00e0 l'exception de quelques l\u00e9gers dommages li\u00e9s \u00e0 l'utilisation et au d\u00e9montage qui peuvent \u00eatre vus sur les photos.\r\n\r\nCaract\u00e9ristiques : chauffage du si\u00e8ge, r\u00e9glage manuel de la hauteur et de l'inclinaison, soutien lombaire manuel et r\u00e9glage manuel du dossier. Les airbags et les ceintures de s\u00e9curit\u00e9 sont encore en \u00e9tat d'origine avec cet int\u00e9rieur.","protected":false},"featured_media":19062,"comment_status":"open","ping_status":"closed","template":"","meta":{"_acf_changed":false},"product_brand":[1294],"product_cat":[1355,115],"product_tag":[974,988,972,975,973],"class_list":{"0":"post-19061","1":"product","2":"type-product","3":"status-publish","4":"has-post-thumbnail","6":"product_brand-volkswagen","7":"product_cat-volkswagen","8":"product_cat-demo-interieurs","9":"product_tag-golf-8","10":"product_tag-gte","11":"product_tag-interieur","12":"product_tag-mk8","13":"product_tag-volkswagen","14":"product_shipping_class-auto-interieurs","16":"first","17":"instock","18":"taxable","19":"shipping-taxable","20":"purchasable","21":"product-type-simple"},"composite_virtual":false,"composite_layout":"","composite_add_to_cart_form_location":"","composite_editable_in_cart":false,"composite_sold_individually_context":"","composite_shop_price_calc":"","composite_components":[],"composite_scenarios":[],"exclude_global_add_ons":[],"addons":[],"acf":[],"yoast_head":null,"yoast_head_json":null,"_links":{"self":[{"href":"https:\/\/www.carseatsandparts.com\/fr\/wp-json\/wp\/v2\/product\/19061","targetHints":{"allow":["GET"]}}],"collection":[{"href":"https:\/\/www.carseatsandparts.com\/fr\/wp-json\/wp\/v2\/product"}],"about":[{"href":"https:\/\/www.carseatsandparts.com\/fr\/wp-json\/wp\/v2\/types\/product"}],"replies":[{"embeddable":true,"href":"https:\/\/www.carseatsandparts.com\/fr\/wp-json\/wp\/v2\/comments?post=19061"}],"wp:featuredmedia":[{"embeddable":true,"href":"https:\/\/www.carseatsandparts.com\/fr\/wp-json\/wp\/v2\/media\/19062"}],"wp:attachment":[{"href":"https:\/\/www.carseatsandparts.com\/fr\/wp-json\/wp\/v2\/media?parent=19061"}],"wp:term":[{"taxonomy":"product_brand","embeddable":true,"href":"https:\/\/www.carseatsandparts.com\/fr\/wp-json\/wp\/v2\/product_brand?post=19061"},{"taxonomy":"product_cat","embeddable":true,"href":"https:\/\/www.carseatsandparts.com\/fr\/wp-json\/wp\/v2\/product_cat?post=19061"},{"taxonomy":"product_tag","embeddable":true,"href":"https:\/\/www.carseatsandparts.com\/fr\/wp-json\/wp\/v2\/product_tag?post=19061"}],"curies":[{"name":"wp","href":"https:\/\/api.w.org\/{rel}","templated":true}]}}