{"id":6419,"date":"2021-12-08T13:15:05","date_gmt":"2021-12-08T12:15:05","guid":{"rendered":"https:\/\/www.carseatsandparts.com\/product\/recaro-pole-position-vw-polo-6\/"},"modified":"2024-12-04T11:20:38","modified_gmt":"2024-12-04T10:20:38","slug":"recaro-pole-position-vw-polo-6","status":"publish","type":"product","link":"https:\/\/www.carseatsandparts.com\/fr\/produit\/recaro-pole-position-vw-polo-6\/","title":{"rendered":"RECARO Pole Position VW Polo 6"},"content":{"rendered":"","protected":false},"excerpt":{"rendered":"Jeu de si\u00e8ges baquets VW Polo RECARO Pole Position ABE dans la version Dinamica\/Carbon leather black upholstery. Comprend des adaptateurs lat\u00e9raux et une console d'installation pour une installation plug-and-play dans la VW Polo 6. Les si\u00e8ges proviennent d'une voiture de d\u00e9monstration et sont comme neufs, \u00e0 l'exception de quelques petites traces d'utilisation, comme vous pouvez le voir sur les photos.","protected":false},"featured_media":7904,"comment_status":"open","ping_status":"closed","template":"","meta":{"_acf_changed":false},"product_brand":[],"product_cat":[187],"product_tag":[454],"class_list":{"0":"post-6419","1":"product","2":"type-product","3":"status-publish","4":"has-post-thumbnail","6":"product_cat-demo-autostoelen","7":"product_tag-454","8":"product_shipping_class-auto-stoelen","10":"first","11":"outofstock","12":"taxable","13":"shipping-taxable","14":"purchasable","15":"product-type-simple"},"composite_virtual":false,"composite_layout":"","composite_add_to_cart_form_location":"","composite_editable_in_cart":false,"composite_sold_individually_context":"","composite_shop_price_calc":"","composite_components":[],"composite_scenarios":[],"exclude_global_add_ons":[],"addons":[],"acf":[],"yoast_head":null,"yoast_head_json":null,"_links":{"self":[{"href":"https:\/\/www.carseatsandparts.com\/fr\/wp-json\/wp\/v2\/product\/6419","targetHints":{"allow":["GET"]}}],"collection":[{"href":"https:\/\/www.carseatsandparts.com\/fr\/wp-json\/wp\/v2\/product"}],"about":[{"href":"https:\/\/www.carseatsandparts.com\/fr\/wp-json\/wp\/v2\/types\/product"}],"replies":[{"embeddable":true,"href":"https:\/\/www.carseatsandparts.com\/fr\/wp-json\/wp\/v2\/comments?post=6419"}],"wp:featuredmedia":[{"embeddable":true,"href":"https:\/\/www.carseatsandparts.com\/fr\/wp-json\/wp\/v2\/media\/7904"}],"wp:attachment":[{"href":"https:\/\/www.carseatsandparts.com\/fr\/wp-json\/wp\/v2\/media?parent=6419"}],"wp:term":[{"taxonomy":"product_brand","embeddable":true,"href":"https:\/\/www.carseatsandparts.com\/fr\/wp-json\/wp\/v2\/product_brand?post=6419"},{"taxonomy":"product_cat","embeddable":true,"href":"https:\/\/www.carseatsandparts.com\/fr\/wp-json\/wp\/v2\/product_cat?post=6419"},{"taxonomy":"product_tag","embeddable":true,"href":"https:\/\/www.carseatsandparts.com\/fr\/wp-json\/wp\/v2\/product_tag?post=6419"}],"curies":[{"name":"wp","href":"https:\/\/api.w.org\/{rel}","templated":true}]}}