{"id":6423,"date":"2021-12-08T13:15:06","date_gmt":"2021-12-08T12:15:06","guid":{"rendered":"https:\/\/www.carseatsandparts.com\/product\/recaro-bmw-1m-performance-sportsters\/"},"modified":"2024-12-04T11:20:38","modified_gmt":"2024-12-04T10:20:38","slug":"recaro-bmw-1m-performance-sportsters","status":"publish","type":"product","link":"https:\/\/www.carseatsandparts.com\/fr\/product\/recaro-bmw-1m-performance-sportsters\/","title":{"rendered":"RECARO BMW M1 Performance Sportsters"},"content":{"rendered":"","protected":false},"excerpt":{"rendered":"Jeu de si\u00e8ges sport RECARO Sportster CS SAB BMW 1M Performance Edition dans la variante de sellerie Alcantara noir avec surpiq\u00fbres orange. Les si\u00e8ges sont \u00e9quip\u00e9s de chauffage et d'airbags lat\u00e9raux. Ils sont pr\u00eats \u00e0 \u00eatre mont\u00e9s sur les BMW ayant la m\u00eame plateforme que la S\u00e9rie 1 M Coup\u00e9 (E82). Les si\u00e8ges proviennent d'une voiture de d\u00e9monstration et sont donc comme neufs, \u00e0 l'exception de quelques signes mineurs d'utilisation qui peuvent \u00eatre vus sur les photos. Les si\u00e8ges ont \u00e9t\u00e9 enti\u00e8rement nettoy\u00e9s par un professionnel et recouverts d'un rev\u00eatement anti-salissures.","protected":false},"featured_media":7899,"comment_status":"open","ping_status":"closed","template":"","meta":{"_acf_changed":false},"product_brand":[],"product_cat":[187],"product_tag":[450],"class_list":{"0":"post-6423","1":"product","2":"type-product","3":"status-publish","4":"has-post-thumbnail","6":"product_cat-demo-autostoelen","7":"product_tag-450","8":"product_shipping_class-auto-stoelen","10":"first","11":"outofstock","12":"taxable","13":"shipping-taxable","14":"purchasable","15":"product-type-simple"},"composite_virtual":false,"composite_layout":"","composite_add_to_cart_form_location":"","composite_editable_in_cart":false,"composite_sold_individually_context":"","composite_shop_price_calc":"","composite_components":[],"composite_scenarios":[],"exclude_global_add_ons":[],"addons":[],"acf":[],"yoast_head":null,"yoast_head_json":null,"_links":{"self":[{"href":"https:\/\/www.carseatsandparts.com\/fr\/wp-json\/wp\/v2\/product\/6423","targetHints":{"allow":["GET"]}}],"collection":[{"href":"https:\/\/www.carseatsandparts.com\/fr\/wp-json\/wp\/v2\/product"}],"about":[{"href":"https:\/\/www.carseatsandparts.com\/fr\/wp-json\/wp\/v2\/types\/product"}],"replies":[{"embeddable":true,"href":"https:\/\/www.carseatsandparts.com\/fr\/wp-json\/wp\/v2\/comments?post=6423"}],"wp:featuredmedia":[{"embeddable":true,"href":"https:\/\/www.carseatsandparts.com\/fr\/wp-json\/wp\/v2\/media\/7899"}],"wp:attachment":[{"href":"https:\/\/www.carseatsandparts.com\/fr\/wp-json\/wp\/v2\/media?parent=6423"}],"wp:term":[{"taxonomy":"product_brand","embeddable":true,"href":"https:\/\/www.carseatsandparts.com\/fr\/wp-json\/wp\/v2\/product_brand?post=6423"},{"taxonomy":"product_cat","embeddable":true,"href":"https:\/\/www.carseatsandparts.com\/fr\/wp-json\/wp\/v2\/product_cat?post=6423"},{"taxonomy":"product_tag","embeddable":true,"href":"https:\/\/www.carseatsandparts.com\/fr\/wp-json\/wp\/v2\/product_tag?post=6423"}],"curies":[{"name":"wp","href":"https:\/\/api.w.org\/{rel}","templated":true}]}}