{"id":6430,"date":"2021-12-08T13:15:07","date_gmt":"2021-12-08T12:15:07","guid":{"rendered":"https:\/\/www.carseatsandparts.com\/product\/interior-vw-golf-8-gti-alcantara-fabric-grey-checkered-red-white-grey\/"},"modified":"2026-02-05T16:05:12","modified_gmt":"2026-02-05T15:05:12","slug":"interior-vw-golf-8-gti-alcantara-fabric-grey-checkered-red-white-grey","status":"publish","type":"product","link":"https:\/\/www.carseatsandparts.com\/fr\/product\/interior-vw-golf-8-gti-alcantara-fabric-grey-checkered-red-white-grey\/","title":{"rendered":"Int\u00e9rieur VW Golf 8 GTI Alcantara\/Fabric Rouge\/Blanc\/Gris"},"content":{"rendered":"","protected":false},"excerpt":{"rendered":"Int\u00e9rieur Volkswagen 8 GTI fini dans une combinaison d'Alcantara gris avec une bande centrale tapiss\u00e9e en damier rouge, blanc, gris. Installation plug and play dans une Golf 8, l'int\u00e9rieur provient d'une voiture de d\u00e9monstration et est comme neuf \u00e0 l'exception de quelques dommages mineurs dus au d\u00e9montage. Caract\u00e9ristiques : chauffage du si\u00e8ge, r\u00e9glage manuel de la hauteur et de l'inclinaison, soutien lombaire manuel et r\u00e9glage manuel du dossier. Les airbags sont inclus avec cet int\u00e9rieur.","protected":false},"featured_media":16596,"comment_status":"open","ping_status":"closed","template":"","meta":{"_acf_changed":false},"product_brand":[],"product_cat":[115],"product_tag":[788,974,972,975,973],"class_list":{"0":"post-6430","1":"product","2":"type-product","3":"status-publish","4":"has-post-thumbnail","6":"product_cat-demo-interieurs","7":"product_tag-788","8":"product_tag-golf-8","9":"product_tag-interieur","10":"product_tag-mk8","11":"product_tag-volkswagen","12":"product_shipping_class-auto-interieurs","14":"first","15":"outofstock","16":"taxable","17":"shipping-taxable","18":"purchasable","19":"product-type-simple"},"composite_virtual":false,"composite_layout":"","composite_add_to_cart_form_location":"","composite_editable_in_cart":false,"composite_sold_individually_context":"","composite_shop_price_calc":"","composite_components":[],"composite_scenarios":[],"exclude_global_add_ons":[],"addons":[],"acf":[],"yoast_head":null,"yoast_head_json":null,"_links":{"self":[{"href":"https:\/\/www.carseatsandparts.com\/fr\/wp-json\/wp\/v2\/product\/6430","targetHints":{"allow":["GET"]}}],"collection":[{"href":"https:\/\/www.carseatsandparts.com\/fr\/wp-json\/wp\/v2\/product"}],"about":[{"href":"https:\/\/www.carseatsandparts.com\/fr\/wp-json\/wp\/v2\/types\/product"}],"replies":[{"embeddable":true,"href":"https:\/\/www.carseatsandparts.com\/fr\/wp-json\/wp\/v2\/comments?post=6430"}],"wp:featuredmedia":[{"embeddable":true,"href":"https:\/\/www.carseatsandparts.com\/fr\/wp-json\/wp\/v2\/media\/16596"}],"wp:attachment":[{"href":"https:\/\/www.carseatsandparts.com\/fr\/wp-json\/wp\/v2\/media?parent=6430"}],"wp:term":[{"taxonomy":"product_brand","embeddable":true,"href":"https:\/\/www.carseatsandparts.com\/fr\/wp-json\/wp\/v2\/product_brand?post=6430"},{"taxonomy":"product_cat","embeddable":true,"href":"https:\/\/www.carseatsandparts.com\/fr\/wp-json\/wp\/v2\/product_cat?post=6430"},{"taxonomy":"product_tag","embeddable":true,"href":"https:\/\/www.carseatsandparts.com\/fr\/wp-json\/wp\/v2\/product_tag?post=6430"}],"curies":[{"name":"wp","href":"https:\/\/api.w.org\/{rel}","templated":true}]}}