{"id":6434,"date":"2021-12-08T13:15:08","date_gmt":"2021-12-08T12:15:08","guid":{"rendered":"https:\/\/www.carseatsandparts.com\/product\/interior-vw-golf-7-gti-cs-alcantara-fabric-grey-honeycomb-stripes-red-white\/"},"modified":"2024-12-04T11:20:39","modified_gmt":"2024-12-04T10:20:39","slug":"interior-vw-golf-7-gti-cs-alcantara-fabric-grey-honeycomb-stripes-red-white","status":"publish","type":"product","link":"https:\/\/www.carseatsandparts.com\/fr\/product\/interior-vw-golf-7-gti-cs-alcantara-fabric-grey-honeycomb-stripes-red-white\/","title":{"rendered":"Int\u00e9rieur VW Golf 7 GTI CS Alcantara\/Tissu gris nid d'abeille\/Bandes rouges\/blanches"},"content":{"rendered":"","protected":false},"excerpt":{"rendered":"L'int\u00e9rieur de la Volkswagen 7 GTI CS est r\u00e9alis\u00e9 dans une combinaison Alcantara\/gris tissu en combinaison avec un int\u00e9rieur nid d'abeille avec des bandes rouges\/blanches. Installation plug and play dans une Golf 7, l'int\u00e9rieur provient d'une voiture de d\u00e9monstration et est comme neuf \u00e0 l'exception de quelques dommages mineurs dus au d\u00e9montage. Elles sont pr\u00e9sent\u00e9es sur les photos. Fonctions : dossier rabattable, r\u00e9glage manuel de la hauteur et r\u00e9glage manuel du dossier. Les airbags sont \u00e9galement inclus dans cet int\u00e9rieur.","protected":false},"featured_media":9379,"comment_status":"open","ping_status":"closed","template":"","meta":{"_acf_changed":false},"product_brand":[],"product_cat":[115],"product_tag":[782],"class_list":{"0":"post-6434","1":"product","2":"type-product","3":"status-publish","4":"has-post-thumbnail","6":"product_cat-demo-interieurs","7":"product_tag-782","8":"product_shipping_class-auto-interieurs","10":"first","11":"outofstock","12":"taxable","13":"shipping-taxable","14":"purchasable","15":"product-type-simple"},"composite_virtual":false,"composite_layout":"","composite_add_to_cart_form_location":"","composite_editable_in_cart":false,"composite_sold_individually_context":"","composite_shop_price_calc":"","composite_components":[],"composite_scenarios":[],"exclude_global_add_ons":[],"addons":[],"acf":[],"yoast_head":null,"yoast_head_json":null,"_links":{"self":[{"href":"https:\/\/www.carseatsandparts.com\/fr\/wp-json\/wp\/v2\/product\/6434","targetHints":{"allow":["GET"]}}],"collection":[{"href":"https:\/\/www.carseatsandparts.com\/fr\/wp-json\/wp\/v2\/product"}],"about":[{"href":"https:\/\/www.carseatsandparts.com\/fr\/wp-json\/wp\/v2\/types\/product"}],"replies":[{"embeddable":true,"href":"https:\/\/www.carseatsandparts.com\/fr\/wp-json\/wp\/v2\/comments?post=6434"}],"wp:featuredmedia":[{"embeddable":true,"href":"https:\/\/www.carseatsandparts.com\/fr\/wp-json\/wp\/v2\/media\/9379"}],"wp:attachment":[{"href":"https:\/\/www.carseatsandparts.com\/fr\/wp-json\/wp\/v2\/media?parent=6434"}],"wp:term":[{"taxonomy":"product_brand","embeddable":true,"href":"https:\/\/www.carseatsandparts.com\/fr\/wp-json\/wp\/v2\/product_brand?post=6434"},{"taxonomy":"product_cat","embeddable":true,"href":"https:\/\/www.carseatsandparts.com\/fr\/wp-json\/wp\/v2\/product_cat?post=6434"},{"taxonomy":"product_tag","embeddable":true,"href":"https:\/\/www.carseatsandparts.com\/fr\/wp-json\/wp\/v2\/product_tag?post=6434"}],"curies":[{"name":"wp","href":"https:\/\/api.w.org\/{rel}","templated":true}]}}