{"id":6452,"date":"2021-12-08T13:15:12","date_gmt":"2021-12-08T12:15:12","guid":{"rendered":"https:\/\/www.carseatsandparts.com\/product\/manuele-lumbaalsteun-compleet\/"},"modified":"2025-04-04T10:48:27","modified_gmt":"2025-04-04T08:48:27","slug":"manuele-lumbaalsteun-compleet","status":"publish","type":"product","link":"https:\/\/www.carseatsandparts.com\/fr\/produit\/manuele-lumbaalsteun-compleet\/","title":{"rendered":"Soutien lombaire manuel complet"},"content":{"rendered":"","protected":false},"excerpt":{"rendered":"Ce soutien lombaire manuel poss\u00e8de deux chambres \u00e0 air qui peuvent \u00eatre actionn\u00e9es s\u00e9par\u00e9ment \u00e0 l'aide d'une seule pompe manuelle. Ce support lombaire est facile \u00e0 placer dans le dossier du si\u00e8ge de la voiture pour un confort optimal (les pi\u00e8ces peuvent \u00e9galement \u00eatre command\u00e9es s\u00e9par\u00e9ment). Num\u00e9ro d'article 220062","protected":false},"featured_media":7253,"comment_status":"open","ping_status":"closed","template":"","meta":{"_acf_changed":false},"product_brand":[],"product_cat":[120],"product_tag":[778],"class_list":{"0":"post-6452","1":"product","2":"type-product","3":"status-publish","4":"has-post-thumbnail","6":"product_cat-accessoires-autostoelen","7":"product_tag-778","8":"product_shipping_class-onderdelen-klein-pakket","10":"first","11":"onbackorder","12":"taxable","13":"shipping-taxable","14":"purchasable","15":"product-type-simple"},"composite_virtual":false,"composite_layout":"","composite_add_to_cart_form_location":"","composite_editable_in_cart":false,"composite_sold_individually_context":"","composite_shop_price_calc":"","composite_components":[],"composite_scenarios":[],"exclude_global_add_ons":[],"addons":[],"acf":[],"yoast_head":null,"yoast_head_json":null,"_links":{"self":[{"href":"https:\/\/www.carseatsandparts.com\/fr\/wp-json\/wp\/v2\/product\/6452","targetHints":{"allow":["GET"]}}],"collection":[{"href":"https:\/\/www.carseatsandparts.com\/fr\/wp-json\/wp\/v2\/product"}],"about":[{"href":"https:\/\/www.carseatsandparts.com\/fr\/wp-json\/wp\/v2\/types\/product"}],"replies":[{"embeddable":true,"href":"https:\/\/www.carseatsandparts.com\/fr\/wp-json\/wp\/v2\/comments?post=6452"}],"wp:featuredmedia":[{"embeddable":true,"href":"https:\/\/www.carseatsandparts.com\/fr\/wp-json\/wp\/v2\/media\/7253"}],"wp:attachment":[{"href":"https:\/\/www.carseatsandparts.com\/fr\/wp-json\/wp\/v2\/media?parent=6452"}],"wp:term":[{"taxonomy":"product_brand","embeddable":true,"href":"https:\/\/www.carseatsandparts.com\/fr\/wp-json\/wp\/v2\/product_brand?post=6452"},{"taxonomy":"product_cat","embeddable":true,"href":"https:\/\/www.carseatsandparts.com\/fr\/wp-json\/wp\/v2\/product_cat?post=6452"},{"taxonomy":"product_tag","embeddable":true,"href":"https:\/\/www.carseatsandparts.com\/fr\/wp-json\/wp\/v2\/product_tag?post=6452"}],"curies":[{"name":"wp","href":"https:\/\/api.w.org\/{rel}","templated":true}]}}