{"id":6505,"date":"2021-12-08T13:15:26","date_gmt":"2021-12-08T12:15:26","guid":{"rendered":"https:\/\/www.carseatsandparts.com\/product\/recaro-ergomed-zijkap-recliner-rechts\/"},"modified":"2024-12-04T11:20:47","modified_gmt":"2024-12-04T10:20:47","slug":"recaro-ergomed-zijkap-recliner-rechts","status":"publish","type":"product","link":"https:\/\/www.carseatsandparts.com\/fr\/produit\/recaro-ergomed-zijkap-recliner-rechts\/","title":{"rendered":"RECARO Ergomed Side Cover Recliner Droit"},"content":{"rendered":"","protected":false},"excerpt":{"rendered":"Housse pour le fauteuil de relaxation RECARO Ergomed c\u00f4t\u00e9 droit. Num\u00e9ro d'article : 563058","protected":false},"featured_media":7238,"comment_status":"open","ping_status":"closed","template":"","meta":{"_acf_changed":false},"product_brand":[],"product_cat":[117,1359],"product_tag":[397],"class_list":{"0":"post-6505","1":"product","2":"type-product","3":"status-publish","4":"has-post-thumbnail","6":"product_cat-autostoel-onderdelen","7":"product_cat-recaro","8":"product_tag-397","9":"product_shipping_class-onderdelen-buspakje","11":"first","12":"instock","13":"taxable","14":"shipping-taxable","15":"purchasable","16":"product-type-simple"},"composite_virtual":false,"composite_layout":"","composite_add_to_cart_form_location":"","composite_editable_in_cart":false,"composite_sold_individually_context":"","composite_shop_price_calc":"","composite_components":[],"composite_scenarios":[],"exclude_global_add_ons":[],"addons":[],"acf":[],"yoast_head":null,"yoast_head_json":null,"_links":{"self":[{"href":"https:\/\/www.carseatsandparts.com\/fr\/wp-json\/wp\/v2\/product\/6505","targetHints":{"allow":["GET"]}}],"collection":[{"href":"https:\/\/www.carseatsandparts.com\/fr\/wp-json\/wp\/v2\/product"}],"about":[{"href":"https:\/\/www.carseatsandparts.com\/fr\/wp-json\/wp\/v2\/types\/product"}],"replies":[{"embeddable":true,"href":"https:\/\/www.carseatsandparts.com\/fr\/wp-json\/wp\/v2\/comments?post=6505"}],"wp:featuredmedia":[{"embeddable":true,"href":"https:\/\/www.carseatsandparts.com\/fr\/wp-json\/wp\/v2\/media\/7238"}],"wp:attachment":[{"href":"https:\/\/www.carseatsandparts.com\/fr\/wp-json\/wp\/v2\/media?parent=6505"}],"wp:term":[{"taxonomy":"product_brand","embeddable":true,"href":"https:\/\/www.carseatsandparts.com\/fr\/wp-json\/wp\/v2\/product_brand?post=6505"},{"taxonomy":"product_cat","embeddable":true,"href":"https:\/\/www.carseatsandparts.com\/fr\/wp-json\/wp\/v2\/product_cat?post=6505"},{"taxonomy":"product_tag","embeddable":true,"href":"https:\/\/www.carseatsandparts.com\/fr\/wp-json\/wp\/v2\/product_tag?post=6505"}],"curies":[{"name":"wp","href":"https:\/\/api.w.org\/{rel}","templated":true}]}}