{"id":6525,"date":"2021-12-08T13:15:30","date_gmt":"2021-12-08T12:15:30","guid":{"rendered":"https:\/\/www.carseatsandparts.com\/product\/omvormer-van-12v-naar-24v-stoel\/"},"modified":"2024-12-04T11:20:49","modified_gmt":"2024-12-04T10:20:49","slug":"omvormer-van-12v-naar-24v-stoel","status":"publish","type":"product","link":"https:\/\/www.carseatsandparts.com\/fr\/produit\/omvormer-van-12v-naar-24v-stoel\/","title":{"rendered":"Convertisseur de 12V \u00e0 24V chaise"},"content":{"rendered":"","protected":false},"excerpt":{"rendered":"Convertisseur de 12V \u00e0 24V. Num\u00e9ro d'article : 7219401","protected":false},"featured_media":7081,"comment_status":"open","ping_status":"closed","template":"","meta":{"_acf_changed":false},"product_brand":[],"product_cat":[120],"product_tag":[768],"class_list":{"0":"post-6525","1":"product","2":"type-product","3":"status-publish","4":"has-post-thumbnail","6":"product_cat-accessoires-autostoelen","7":"product_tag-768","8":"product_shipping_class-onderdelen-klein-pakket","10":"first","11":"instock","12":"taxable","13":"shipping-taxable","14":"purchasable","15":"product-type-simple"},"composite_virtual":false,"composite_layout":"","composite_add_to_cart_form_location":"","composite_editable_in_cart":false,"composite_sold_individually_context":"","composite_shop_price_calc":"","composite_components":[],"composite_scenarios":[],"exclude_global_add_ons":[],"addons":[],"acf":[],"yoast_head":null,"yoast_head_json":null,"_links":{"self":[{"href":"https:\/\/www.carseatsandparts.com\/fr\/wp-json\/wp\/v2\/product\/6525","targetHints":{"allow":["GET"]}}],"collection":[{"href":"https:\/\/www.carseatsandparts.com\/fr\/wp-json\/wp\/v2\/product"}],"about":[{"href":"https:\/\/www.carseatsandparts.com\/fr\/wp-json\/wp\/v2\/types\/product"}],"replies":[{"embeddable":true,"href":"https:\/\/www.carseatsandparts.com\/fr\/wp-json\/wp\/v2\/comments?post=6525"}],"wp:featuredmedia":[{"embeddable":true,"href":"https:\/\/www.carseatsandparts.com\/fr\/wp-json\/wp\/v2\/media\/7081"}],"wp:attachment":[{"href":"https:\/\/www.carseatsandparts.com\/fr\/wp-json\/wp\/v2\/media?parent=6525"}],"wp:term":[{"taxonomy":"product_brand","embeddable":true,"href":"https:\/\/www.carseatsandparts.com\/fr\/wp-json\/wp\/v2\/product_brand?post=6525"},{"taxonomy":"product_cat","embeddable":true,"href":"https:\/\/www.carseatsandparts.com\/fr\/wp-json\/wp\/v2\/product_cat?post=6525"},{"taxonomy":"product_tag","embeddable":true,"href":"https:\/\/www.carseatsandparts.com\/fr\/wp-json\/wp\/v2\/product_tag?post=6525"}],"curies":[{"name":"wp","href":"https:\/\/api.w.org\/{rel}","templated":true}]}}