{"id":6542,"date":"2021-12-08T13:15:34","date_gmt":"2021-12-08T12:15:34","guid":{"rendered":"https:\/\/www.carseatsandparts.com\/product\/recaro-cross-sporster-cs-afdekkap-gordeldoorvoer-achterzijde-links\/"},"modified":"2024-12-04T11:20:51","modified_gmt":"2024-12-04T10:20:51","slug":"recaro-cross-sporster-cs-afdekkap-gordeldoorvoer-achterzijde-links","status":"publish","type":"product","link":"https:\/\/www.carseatsandparts.com\/fr\/produit\/recaro-cross-sporster-cs-afdekkap-gordeldoorvoer-achterzijde-links\/","title":{"rendered":"RECARO (Cross) Sporster CS Couvercle d'entr\u00e9e de ceinture de s\u00e9curit\u00e9 arri\u00e8re Gauche"},"content":{"rendered":"","protected":false},"excerpt":{"rendered":"Couvercle c\u00f4t\u00e9 gauche du passage de la ceinture c\u00f4t\u00e9 arri\u00e8re du RECARO (Cross) Sportster CS. Num\u00e9ro d'article : 7304510.1.59","protected":false},"featured_media":7257,"comment_status":"open","ping_status":"closed","template":"","meta":{"_acf_changed":false},"product_brand":[],"product_cat":[117,1359],"product_tag":[365],"class_list":{"0":"post-6542","1":"product","2":"type-product","3":"status-publish","4":"has-post-thumbnail","6":"product_cat-autostoel-onderdelen","7":"product_cat-recaro","8":"product_tag-7304510-1-59","9":"product_shipping_class-onderdelen-klein-pakket","11":"first","12":"instock","13":"taxable","14":"shipping-taxable","15":"purchasable","16":"product-type-simple"},"composite_virtual":false,"composite_layout":"","composite_add_to_cart_form_location":"","composite_editable_in_cart":false,"composite_sold_individually_context":"","composite_shop_price_calc":"","composite_components":[],"composite_scenarios":[],"exclude_global_add_ons":[],"addons":[],"acf":[],"yoast_head":null,"yoast_head_json":null,"_links":{"self":[{"href":"https:\/\/www.carseatsandparts.com\/fr\/wp-json\/wp\/v2\/product\/6542","targetHints":{"allow":["GET"]}}],"collection":[{"href":"https:\/\/www.carseatsandparts.com\/fr\/wp-json\/wp\/v2\/product"}],"about":[{"href":"https:\/\/www.carseatsandparts.com\/fr\/wp-json\/wp\/v2\/types\/product"}],"replies":[{"embeddable":true,"href":"https:\/\/www.carseatsandparts.com\/fr\/wp-json\/wp\/v2\/comments?post=6542"}],"wp:featuredmedia":[{"embeddable":true,"href":"https:\/\/www.carseatsandparts.com\/fr\/wp-json\/wp\/v2\/media\/7257"}],"wp:attachment":[{"href":"https:\/\/www.carseatsandparts.com\/fr\/wp-json\/wp\/v2\/media?parent=6542"}],"wp:term":[{"taxonomy":"product_brand","embeddable":true,"href":"https:\/\/www.carseatsandparts.com\/fr\/wp-json\/wp\/v2\/product_brand?post=6542"},{"taxonomy":"product_cat","embeddable":true,"href":"https:\/\/www.carseatsandparts.com\/fr\/wp-json\/wp\/v2\/product_cat?post=6542"},{"taxonomy":"product_tag","embeddable":true,"href":"https:\/\/www.carseatsandparts.com\/fr\/wp-json\/wp\/v2\/product_tag?post=6542"}],"curies":[{"name":"wp","href":"https:\/\/api.w.org\/{rel}","templated":true}]}}